{"id":16739,"date":"2021-07-26T09:54:28","date_gmt":"2021-07-26T07:54:28","guid":{"rendered":"https:\/\/www.fidealis.com\/chi-siamo\/contattaci\/"},"modified":"2021-08-06T14:41:17","modified_gmt":"2021-08-06T12:41:17","slug":"contattaci","status":"publish","type":"page","link":"https:\/\/beta.fidealis.com\/it\/chi-siamo\/contattaci\/","title":{"rendered":"Contattaci"},"content":{"rendered":"    <section class=\"cover imagebg text-center height-60 section--ken-burns\" data-overlay=\"4\">\r\n        <div class=\"background-image-holder\"> <img alt=\"\" src=\"https:\/\/beta.fidealis.com\/wp-content\/uploads\/2018\/05\/photographe-d\u00e9pose-fidealis-2.jpg\"> <\/div>\r\n        <div class=\"container pos-vertical-center\">\r\n            <div class=\"row\">\r\n                <div class=\"col-sm-8 col-md-7\">\r\n                    \r\n                        <h1>Il team Fidealis al vostro servizio<\/h1>\r\n                        <p class=\"lead\">Per telefono, e-mail o semplicemente compilando il modulo sottostante<\/p>\r\n                    \r\n                <\/div>\r\n            <\/div>\r\n            <!--end of row-->\r\n        <\/div>\r\n        <!--end of container-->\r\n    <\/section>\r\n    <section class=\"switchable\">\r\n        <div class=\"container\">\r\n            <div class=\"row\">\r\n                <div class=\"col-sm-4\">\r\n                    <p class=\"lead\">Email: <a href=\"#\">contact@graphictest.fidealis.com<\/a><br> Telefono: <a class=\"sip-caller-node\" href=\"sip:+61348272294\">+331 70 36 73 50<\/a><\/p>\r\n                    <p class=\"lead\">320 Rue St HONORE 75001 Paris, France<\/p>\r\n                    <p class=\"lead\">Siamo raggiungibili dalle 9h00 alle 19h00 (ora locale di Parigi)<\/p>\r\n                <\/div>\r\n                <div class=\"col-sm-6 col-xs-12\">\r\n                    <div class=\"row\">\r\n                        <div class=\"cf7-holder\"> \n<div class=\"wpcf7 no-js\" id=\"wpcf7-f16856-o1\" lang=\"it-IT\" dir=\"ltr\">\n<div class=\"screen-reader-response\"><p role=\"status\" aria-live=\"polite\" aria-atomic=\"true\"><\/p> <ul><\/ul><\/div>\n<form action=\"\/it\/wp-json\/wp\/v2\/pages\/16739#wpcf7-f16856-o1\" method=\"post\" class=\"wpcf7-form init cf7mls-no-scroll cf7mls-no-moving-animation\" aria-label=\"Modulo di contatto\" novalidate=\"novalidate\" data-status=\"init\">\n<div style=\"display: none;\">\n<input type=\"hidden\" name=\"_wpcf7\" value=\"16856\" \/>\n<input type=\"hidden\" name=\"_wpcf7_version\" value=\"5.7.5.1\" \/>\n<input type=\"hidden\" name=\"_wpcf7_locale\" value=\"it_IT\" \/>\n<input type=\"hidden\" name=\"_wpcf7_unit_tag\" value=\"wpcf7-f16856-o1\" \/>\n<input type=\"hidden\" name=\"_wpcf7_container_post\" value=\"0\" \/>\n<input type=\"hidden\" name=\"_wpcf7_posted_data_hash\" value=\"\" \/>\n<input type=\"hidden\" name=\"_wpcf7_recaptcha_response\" value=\"\" \/>\n<\/div>\n<div class=\"row\">\n\t<div class=\"col-sm-6\">\n\t\t<p><label>Nome:<\/label><br \/>\n<span class=\"wpcf7-form-control-wrap\" data-name=\"client-name\"><input size=\"40\" class=\"wpcf7-form-control wpcf7-text wpcf7-validates-as-required\" aria-required=\"true\" aria-invalid=\"false\" value=\"Nome\" type=\"text\" name=\"client-name\" \/><\/span>\n\t\t<\/p>\n\t<\/div>\n\t<div class=\"col-sm-6\">\n\t\t<p><label>Telefono:<\/label><br \/>\n<span class=\"wpcf7-form-control-wrap\" data-name=\"phone1\"><input size=\"40\" class=\"wpcf7-form-control wpcf7-text wpcf7-tel wpcf7-validates-as-required wpcf7-validates-as-tel\" aria-required=\"true\" aria-invalid=\"false\" value=\"Telefono*\" type=\"tel\" name=\"phone1\" \/><\/span>\n\t\t<\/p>\n\t<\/div>\n\t<div class=\"col-sm-12\">\n\t\t<p><label>Email:<\/label><br \/>\n<span class=\"wpcf7-form-control-wrap\" data-name=\"client-email\"><input size=\"40\" class=\"wpcf7-form-control wpcf7-text wpcf7-email wpcf7-validates-as-required wpcf7-validates-as-email\" aria-required=\"true\" aria-invalid=\"false\" placeholder=\"you@something.com\" value=\"\" type=\"email\" name=\"client-email\" \/><\/span>\n\t\t<\/p>\n\t<\/div>\n\t<div class=\"col-sm-12\">\n\t\t<p><label>Messaggio:<\/label><br \/>\n<span class=\"wpcf7-form-control-wrap\" data-name=\"message\"><textarea cols=\"40\" rows=\"4\" class=\"wpcf7-form-control wpcf7-textarea\" aria-invalid=\"false\" name=\"message\">Messaggio<\/textarea><\/span>\n\t\t<\/p>\n\t<\/div>\n\t<div class=\"col-sm-12\">\n\t\t<p><input class=\"wpcf7-form-control has-spinner wpcf7-submit btn btn--primary\" type=\"submit\" value=\"Invia\" \/>\n\t\t<\/p>\n\t<\/div>\n<\/div>\n<input class=\"wpcf7-form-control wpcf7-hidden\" id=\"subtime\" value=\"\" type=\"hidden\" name=\"time\" \/>\n<p><script>jQuery(function ($) {\nvar date = new Date;\nvar seconds = date.getSeconds();\nvar minutes = date.getMinutes();\nvar hour = date.getHours();\nvar sub_time = (hour)+\":\"+(minutes)+\":\"+(seconds); \n$('#subtime').val(sub_time );});<\/script>\n<\/p>\n\t\t<script>\n\t\t\tlet targetDiv = document.getElementById(\"psuf-preview\");\n\t\t\tlet targetDivEng = document.getElementById(\"psuf-preview-eng\");\n\t\t\tlet targetButton = document.getElementById(\"cf7mls-next-btn-cf7mls_step-2\");\n\t\t\t\n\t\t\n\t\t\tlet pdfIframe = document.createElement(\"IFRAME\");\n\t\t\tlet pdfIframeEng = document.createElement(\"IFRAME\");\n\t\t\t\n\t\t\ttargetButton.onclick = () => {\n\t\t\t\tlet form_data = {\n\t\t\t\t\tcname: document.getElementById(\"psuf-cname\").value.replace(\/(<([^>]+)>)\/gi, \"\"),\n\t\t\t\t\tfname: document.getElementById(\"psuf-fname\").value.replace(\/(<([^>]+)>)\/gi, \"\"),\n\t\t\t\t\tlname: document.getElementById(\"psuf-lname\").value.replace(\/(<([^>]+)>)\/gi, \"\"),\n\t\t\t\t\temail: document.getElementById(\"psuf-email\").value.replace(\/(<([^>]+)>)\/gi, \"\"),\n\t\t\t\t\tphone: document.getElementById(\"psuf-phone\").value.replace(\/(<([^>]+)>)\/gi, \"\"),\n\t\t\t\t\tcountry: document.getElementById(\"psuf-country\").value.replace(\/(<([^>]+)>)\/gi, \"\"),\n\t\t\t\t\taddress: document.getElementById(\"psuf-address\").value.replace(\/(<([^>]+)>)\/gi, \"\"),\n\t\t\t\t\tzip: document.getElementById(\"psuf-zip\").value.replace(\/(<([^>]+)>)\/gi, \"\"),\n\t\t\t\t\tcity: document.getElementById(\"psuf-city\").value.replace(\/(<([^>]+)>)\/gi, \"\"),\n\t\t\t\t}\n\n\t\t\t\tif(targetDiv !== null) {\n\t\t\t\t\tpdfIframe.setAttribute(\"src\", \"https:\\\\\\\\customer.fidealis.com\/telecharger?partenaireOffline=1&company-name=\" + form_data.cname + \"&firsname=\" + form_data.fname + \"&lastname=\" + form_data.lname + \"&client-email=\" + form_data.email + \"&phone1=\" + form_data.phone + \"&pays=\" + form_data.country + \"&address=\" + form_data.address + \"&zip-code=\" + form_data.zip + \"&city=\" + form_data.city + \"\" + \"&lg=fr_FR\");\n\t\t\t\ttargetDiv.appendChild(pdfIframe);\n\t\t\t\t} else {\n\t\t\t\t\tpdfIframeEng.setAttribute(\"src\", \"https:\\\\\\\\customer.fidealis.com\/telecharger?partenaireOffline=1&company-name=\" + form_data.cname + \"&firsname=\" + form_data.fname + \"&lastname=\" + form_data.lname + \"&client-email=\" + form_data.email + \"&phone1=\" + form_data.phone + \"&pays=\" + form_data.country + \"&address=\" + form_data.address + \"&zip-code=\" + form_data.zip + \"&city=\" + form_data.city + \"\" + \"&lg=en_US\");\n\t\t\t\ttargetDivEng.appendChild(pdfIframeEng);\t\n\t\t\t\t};\n\t\t\t\t\t\t\n\t\t\t}\t\n\t\t<\/script>\n\t\t<div class=\"wpcf7-response-output\" aria-hidden=\"true\"><\/div>\n<\/form>\n<\/div>\n <\/div>\r\n                        <div class=\"hide-form shortcode-holder-wrapper\">\r\n                            \r\n                        <\/div>\r\n                    <\/div>\r\n                    <!--end of row-->\r\n                <\/div>\r\n            <\/div>\r\n            <!--end of row-->\r\n        <\/div>\r\n        <!--end of container-->\r\n    <\/section>\r\n    \r\n","protected":false},"excerpt":{"rendered":"<p>Il team Fidealis al vostro servizio Per telefono, e-mail o semplicemente compilando il modulo sottostante Email: contact@graphictest.fidealis.com Telefono: +331 70 36 73&#8230;<\/p>\n","protected":false},"author":1,"featured_media":0,"parent":16738,"menu_order":0,"comment_status":"closed","ping_status":"closed","template":"","meta":{"_joinchat":[]},"yoast_head":"<!-- This site is optimized with the Yoast SEO plugin v20.3 - https:\/\/yoast.com\/wordpress\/plugins\/seo\/ -->\n<title>Fidealis - Qualche dubbio? Contattaci subito!<\/title>\n<meta name=\"description\" content=\"Teniamoci in contatto. FIDEALIS.com \u00e8 il primo servizio di prove digitali dedicato alla protezione della propriet\u00e0 intellettuale. Fondata nel 2001, ha attualmente pi\u00f9 di 5600 clienti. 500.000 ...\" \/>\n<meta name=\"robots\" content=\"noindex, follow, max-snippet:-1, max-image-preview:large, max-video-preview:-1\" \/>\n<meta property=\"og:locale\" content=\"it_IT\" \/>\n<meta property=\"og:type\" content=\"article\" \/>\n<meta property=\"og:title\" content=\"Fidealis - Qualche dubbio? Contattaci subito!\" \/>\n<meta property=\"og:description\" content=\"Teniamoci in contatto. FIDEALIS.com \u00e8 il primo servizio di prove digitali dedicato alla protezione della propriet\u00e0 intellettuale. Fondata nel 2001, ha attualmente pi\u00f9 di 5600 clienti. 500.000 ...\" \/>\n<meta property=\"og:url\" content=\"https:\/\/beta.fidealis.com\/it\/chi-siamo\/contattaci\/\" \/>\n<meta property=\"og:site_name\" content=\"Fidealis\" \/>\n<meta property=\"article:publisher\" content=\"https:\/\/www.facebook.com\/Fidealis-573887362622849\/\" \/>\n<meta property=\"article:modified_time\" content=\"2021-08-06T12:41:17+00:00\" \/>\n<meta name=\"twitter:card\" content=\"summary_large_image\" \/>\n<script type=\"application\/ld+json\" class=\"yoast-schema-graph\">{\"@context\":\"https:\/\/schema.org\",\"@graph\":[{\"@type\":\"WebPage\",\"@id\":\"https:\/\/beta.fidealis.com\/it\/chi-siamo\/contattaci\/\",\"url\":\"https:\/\/beta.fidealis.com\/it\/chi-siamo\/contattaci\/\",\"name\":\"Fidealis - Qualche dubbio? Contattaci subito!\",\"isPartOf\":{\"@id\":\"https:\/\/beta.fidealis.com\/#website\"},\"datePublished\":\"2021-07-26T07:54:28+00:00\",\"dateModified\":\"2021-08-06T12:41:17+00:00\",\"description\":\"Teniamoci in contatto. FIDEALIS.com \u00e8 il primo servizio di prove digitali dedicato alla protezione della propriet\u00e0 intellettuale. Fondata nel 2001, ha attualmente pi\u00f9 di 5600 clienti. 500.000 ...\",\"breadcrumb\":{\"@id\":\"https:\/\/beta.fidealis.com\/it\/chi-siamo\/contattaci\/#breadcrumb\"},\"inLanguage\":\"it-IT\",\"potentialAction\":[{\"@type\":\"ReadAction\",\"target\":[\"https:\/\/beta.fidealis.com\/it\/chi-siamo\/contattaci\/\"]}]},{\"@type\":\"BreadcrumbList\",\"@id\":\"https:\/\/beta.fidealis.com\/it\/chi-siamo\/contattaci\/#breadcrumb\",\"itemListElement\":[{\"@type\":\"ListItem\",\"position\":1,\"name\":\"Accueil\",\"item\":\"https:\/\/beta.fidealis.com\/it\/\"},{\"@type\":\"ListItem\",\"position\":2,\"name\":\"Chi siamo?\",\"item\":\"https:\/\/beta.fidealis.com\/it\/chi-siamo\/\"},{\"@type\":\"ListItem\",\"position\":3,\"name\":\"Contattaci\"}]},{\"@type\":\"WebSite\",\"@id\":\"https:\/\/beta.fidealis.com\/#website\",\"url\":\"https:\/\/beta.fidealis.com\/\",\"name\":\"Fidealis\",\"description\":\"Fidealis: vous cr\u00e9ez, nous prot\u00e9geons.\",\"publisher\":{\"@id\":\"https:\/\/beta.fidealis.com\/#organization\"},\"potentialAction\":[{\"@type\":\"SearchAction\",\"target\":{\"@type\":\"EntryPoint\",\"urlTemplate\":\"https:\/\/beta.fidealis.com\/?s={search_term_string}\"},\"query-input\":\"required name=search_term_string\"}],\"inLanguage\":\"it-IT\"},{\"@type\":\"Organization\",\"@id\":\"https:\/\/beta.fidealis.com\/#organization\",\"name\":\"Fidealis\",\"url\":\"https:\/\/beta.fidealis.com\/\",\"logo\":{\"@type\":\"ImageObject\",\"inLanguage\":\"it-IT\",\"@id\":\"https:\/\/beta.fidealis.com\/#\/schema\/logo\/image\/\",\"url\":\"https:\/\/www.fidealis.com\/wp-content\/uploads\/2018\/04\/logo-fidealis.png\",\"contentUrl\":\"https:\/\/www.fidealis.com\/wp-content\/uploads\/2018\/04\/logo-fidealis.png\",\"width\":525,\"height\":205,\"caption\":\"Fidealis\"},\"image\":{\"@id\":\"https:\/\/beta.fidealis.com\/#\/schema\/logo\/image\/\"},\"sameAs\":[\"https:\/\/www.facebook.com\/Fidealis-573887362622849\/\"]}]}<\/script>\n<!-- \/ Yoast SEO plugin. -->","yoast_head_json":{"title":"Fidealis - Qualche dubbio? Contattaci subito!","description":"Teniamoci in contatto. FIDEALIS.com \u00e8 il primo servizio di prove digitali dedicato alla protezione della propriet\u00e0 intellettuale. Fondata nel 2001, ha attualmente pi\u00f9 di 5600 clienti. 500.000 ...","robots":{"index":"noindex","follow":"follow","max-snippet":"max-snippet:-1","max-image-preview":"max-image-preview:large","max-video-preview":"max-video-preview:-1"},"og_locale":"it_IT","og_type":"article","og_title":"Fidealis - Qualche dubbio? Contattaci subito!","og_description":"Teniamoci in contatto. FIDEALIS.com \u00e8 il primo servizio di prove digitali dedicato alla protezione della propriet\u00e0 intellettuale. Fondata nel 2001, ha attualmente pi\u00f9 di 5600 clienti. 500.000 ...","og_url":"https:\/\/beta.fidealis.com\/it\/chi-siamo\/contattaci\/","og_site_name":"Fidealis","article_publisher":"https:\/\/www.facebook.com\/Fidealis-573887362622849\/","article_modified_time":"2021-08-06T12:41:17+00:00","twitter_card":"summary_large_image","schema":{"@context":"https:\/\/schema.org","@graph":[{"@type":"WebPage","@id":"https:\/\/beta.fidealis.com\/it\/chi-siamo\/contattaci\/","url":"https:\/\/beta.fidealis.com\/it\/chi-siamo\/contattaci\/","name":"Fidealis - Qualche dubbio? Contattaci subito!","isPartOf":{"@id":"https:\/\/beta.fidealis.com\/#website"},"datePublished":"2021-07-26T07:54:28+00:00","dateModified":"2021-08-06T12:41:17+00:00","description":"Teniamoci in contatto. FIDEALIS.com \u00e8 il primo servizio di prove digitali dedicato alla protezione della propriet\u00e0 intellettuale. Fondata nel 2001, ha attualmente pi\u00f9 di 5600 clienti. 500.000 ...","breadcrumb":{"@id":"https:\/\/beta.fidealis.com\/it\/chi-siamo\/contattaci\/#breadcrumb"},"inLanguage":"it-IT","potentialAction":[{"@type":"ReadAction","target":["https:\/\/beta.fidealis.com\/it\/chi-siamo\/contattaci\/"]}]},{"@type":"BreadcrumbList","@id":"https:\/\/beta.fidealis.com\/it\/chi-siamo\/contattaci\/#breadcrumb","itemListElement":[{"@type":"ListItem","position":1,"name":"Accueil","item":"https:\/\/beta.fidealis.com\/it\/"},{"@type":"ListItem","position":2,"name":"Chi siamo?","item":"https:\/\/beta.fidealis.com\/it\/chi-siamo\/"},{"@type":"ListItem","position":3,"name":"Contattaci"}]},{"@type":"WebSite","@id":"https:\/\/beta.fidealis.com\/#website","url":"https:\/\/beta.fidealis.com\/","name":"Fidealis","description":"Fidealis: vous cr\u00e9ez, nous prot\u00e9geons.","publisher":{"@id":"https:\/\/beta.fidealis.com\/#organization"},"potentialAction":[{"@type":"SearchAction","target":{"@type":"EntryPoint","urlTemplate":"https:\/\/beta.fidealis.com\/?s={search_term_string}"},"query-input":"required name=search_term_string"}],"inLanguage":"it-IT"},{"@type":"Organization","@id":"https:\/\/beta.fidealis.com\/#organization","name":"Fidealis","url":"https:\/\/beta.fidealis.com\/","logo":{"@type":"ImageObject","inLanguage":"it-IT","@id":"https:\/\/beta.fidealis.com\/#\/schema\/logo\/image\/","url":"https:\/\/www.fidealis.com\/wp-content\/uploads\/2018\/04\/logo-fidealis.png","contentUrl":"https:\/\/www.fidealis.com\/wp-content\/uploads\/2018\/04\/logo-fidealis.png","width":525,"height":205,"caption":"Fidealis"},"image":{"@id":"https:\/\/beta.fidealis.com\/#\/schema\/logo\/image\/"},"sameAs":["https:\/\/www.facebook.com\/Fidealis-573887362622849\/"]}]}},"_links":{"self":[{"href":"https:\/\/beta.fidealis.com\/it\/wp-json\/wp\/v2\/pages\/16739"}],"collection":[{"href":"https:\/\/beta.fidealis.com\/it\/wp-json\/wp\/v2\/pages"}],"about":[{"href":"https:\/\/beta.fidealis.com\/it\/wp-json\/wp\/v2\/types\/page"}],"author":[{"embeddable":true,"href":"https:\/\/beta.fidealis.com\/it\/wp-json\/wp\/v2\/users\/1"}],"replies":[{"embeddable":true,"href":"https:\/\/beta.fidealis.com\/it\/wp-json\/wp\/v2\/comments?post=16739"}],"version-history":[{"count":1,"href":"https:\/\/beta.fidealis.com\/it\/wp-json\/wp\/v2\/pages\/16739\/revisions"}],"predecessor-version":[{"id":16857,"href":"https:\/\/beta.fidealis.com\/it\/wp-json\/wp\/v2\/pages\/16739\/revisions\/16857"}],"up":[{"embeddable":true,"href":"https:\/\/beta.fidealis.com\/it\/wp-json\/wp\/v2\/pages\/16738"}],"wp:attachment":[{"href":"https:\/\/beta.fidealis.com\/it\/wp-json\/wp\/v2\/media?parent=16739"}],"curies":[{"name":"wp","href":"https:\/\/api.w.org\/{rel}","templated":true}]}}