{"id":16740,"date":"2021-07-26T09:56:08","date_gmt":"2021-07-26T07:56:08","guid":{"rendered":"https:\/\/www.fidealis.com\/chi-siamo\/il-nostro-sistema-di-deposito-del-copyright\/"},"modified":"2021-08-09T14:13:43","modified_gmt":"2021-08-09T12:13:43","slug":"il-nostro-sistema-di-deposito-del-copyright","status":"publish","type":"page","link":"https:\/\/beta.fidealis.com\/it\/chi-siamo\/il-nostro-sistema-di-deposito-del-copyright\/","title":{"rendered":"Il nostro sistema di deposito del copyright"},"content":{"rendered":"<section class=\"cover imagebg text-center height-60 section--ken-burns\" data-overlay=\"4\">\r\n<div class=\"background-image-holder\"><img src=\"https:\/\/beta.fidealis.com\/wp-content\/uploads\/2018\/06\/31591.jpg\" alt=\"\" \/><\/div>\r\n<div class=\"container pos-vertical-center\">\r\n<div class=\"row\">\r\n<div class=\"col-sm-8 col-md-9\">\r\n<h1>Il nostro sistema di deposito del copyright<\/h1>\r\n<\/div>\r\n<\/div>\r\n<!--end of row-->\r\n\r\n<\/div>\r\n<!--end of container-->\r\n\r\n<\/section><section class=\"text-center space--xs\">\r\n<div class=\"container\">\r\n<div class=\"row\">\r\n<div class=\"col-sm-10 col-md-8\">\r\n<h2>Il nostro sistema di deposito<\/h2>\r\n<p class=\"lead\">Il nostro sistema di registrazione e deposito per le vostre creazioni combina 3 elementi infalsificabili:<\/p>\r\n\r\n<\/div>\r\n<\/div>\r\n<!--end of row-->\r\n\r\n<\/div>\r\n<!--end of container-->\r\n\r\n<\/section><section class=\"switchable feature-large text-justify switchable--switch space--xs\">\r\n<div class=\"container\">\r\n<div class=\"row\">\r\n<div class=\"col-sm-6 col-md-5\">\r\n<div class=\"switchable__text\">\r\n<p class=\"lead\">Dopo il deposito di ogni documento, si ottiene una ricevuta con la data e il contenuto di quel documento. L'uso di metodi di firma, crittografia e marcatura temporale, associato a un deposito presso un ufficio giudiziario, d\u00e0 ai vostri documenti, creazioni e modelli un mezzo di prova inoppugnabile.<\/p>\r\n<p class=\"lead\">Per i nostri clienti al di fuori della Francia, a seconda dei paesi da cui vengono effettuati i depositi, \u00e8 possibile utilizzare i servizi degli ufficiali giudiziari locali (presto in Italia e in Belgio).<\/p>\r\n\r\n<\/div>\r\n<\/div>\r\n<div class=\"col-sm-6\">\r\n<div class=\"boxed boxed--lg boxed--border\">\r\n<div class=\"feature feature-2\"><i class=\"icon icon-Clock-Back color--primary\"><\/i>\r\n<div class=\"feature__body\">\r\n<h5>La firma digitale delle creazioni<\/h5>\r\n<\/div>\r\n<\/div>\r\n<!--end feature-->\r\n<div class=\"feature feature-2\"><i class=\"icon icon-Duplicate-Window color--primary\"><\/i>\r\n<div class=\"feature__body\">\r\n<h5>Marcatura elettronica della datazione<\/h5>\r\n<\/div>\r\n<\/div>\r\n<!--end feature-->\r\n<div class=\"feature feature-2\"><i class=\"icon icon-Life-Jacket color--primary\"><\/i>\r\n<div class=\"feature__body\">\r\n<h5>Deposito automatico via e-mail con ricevuta di ritorno dell'ufficio dell'ufficiale giudiziario<\/h5>\r\n<\/div>\r\n<\/div>\r\n<!--end feature-->\r\n\r\n<\/div>\r\n<\/div>\r\n<\/div>\r\n<!--end of row-->\r\n\r\n<\/div>\r\n<!--end of container-->\r\n\r\n<\/section><section class=\"text-center space--xxs bg--secondary\">\r\n<div class=\"container\">\r\n<div class=\"row\">\r\n<div class=\"col-sm-12\">\r\n<h2>La tecnologia utilizzata<\/h2>\r\n<\/div>\r\n<\/div>\r\n<!--end of row-->\r\n\r\n<\/div>\r\n<!--end of container-->\r\n\r\n<\/section><section class=\"text-justify space--xxs bg--secondary\">\r\n<div class=\"container\">\r\n<div class=\"row\">\r\n<div class=\"col-md-6 col-sm-12\">\r\n<p class=\"lead\" style=\"color: #000000; padding-top: 0.78787878787879em;\">Il servizio FIDEALIS \u00e8 una soluzione che combina diversi strumenti:<\/p>\r\n\r\n<ul>\r\n \t<li>Marcatura temporale certa (sincronizzazione su orologi atomici e GPS)<\/li>\r\n \t<li>Firma digitale (legge del 13 marzo 2000).<\/li>\r\n \t<li>Tracciamento automatico da parte di un ufficiale giudiziario.<\/li>\r\n \t<li>Accesso al proprio account protetto e criptato (Impossibilit\u00e0 d'intercettazione delle informazioni personali)<\/li>\r\n<\/ul>\r\n<\/div>\r\n<div class=\"col-md-6 col-sm-12\">\r\n<p class=\"lead\" style=\"color: #000000; padding-top: 0.78787878787879em;\">Per saperne di pi\u00f9, ecco alcune spiegazioni sulle tecnologie di firma e datazione:<\/p>\r\n\r\n<ul>\r\n \t<li>FIDEALIS ha rispettato gli standard definiti dall'IETF (Internet Engineering Task Force) per controllare e creare il servizio di marcatura temporale elettronica. La marcatura temporale \u00e8 un'estensione dell'infrastruttura a chiave pubblica (PKI) usata per le firme elettroniche.<\/li>\r\n \t<li>Tale struttura, una comunit\u00e0 internazionale di ricercatori e industriali, si riunisce regolarmente per far progredire i protocolli Internet e i loro usi.<\/li>\r\n<\/ul>\r\n\u00a0\r\n\r\n<\/div>\r\n<\/div>\r\n<!--end of row-->\r\n\r\n<\/div>\r\n<!--end of container-->\r\n\r\n<\/section><section class=\"imagebg text-justify section--ken-burns\" data-overlay=\"8\">\r\n<div class=\"background-image-holder\"><img src=\"https:\/\/beta.fidealis.com\/wp-content\/uploads\/2018\/09\/blockchain.jpg\" alt=\"\" \/><\/div>\r\n<div class=\"container\">\r\n<div class=\"row\">\r\n<div class=\"col-sm-10\">\r\n<h3><span style=\"color: #ffffff;\">Fidealis lancia la sua blockchain per le vostre creazioni<\/span><\/h3>\r\n<h4><span style=\"color: #ffffff;\">Per garantire la sicurezza ottimale e la forza probatoria alle vostre creazioni, FIDEALIS ha sviluppato la propria blockchain basata sulla tecnologia bitcoin.<\/span><\/h4>\r\n<span style=\"color: #ffffff;\">Combinando la tecnologia unica di marcatura temporale di Fidealis con la blockchain, il deposito di Fidealis vi d\u00e0 accesso a un livello unico di prova per le vostre creazioni. Tutti i depositi Fidealis possono ora beneficiare dei vantaggi della blockchain in aggiunta agli strumenti precedentemente utilizzati per proteggere le vostre risorse creative.<\/span>\r\n\r\n<span style=\"color: #ffffff;\">Come gi\u00e0 ricordato precedentemente, una blockchain \u00e8 una tecnologia decentralizzata di archiviazione e trasmissione delle informazioni. Tecnicamente, \u00e8 un database distribuito in cui le informazioni inviate dagli utenti e i collegamenti interni al database sono verificati e raggruppati a intervalli regolari di tempo in blocchi, il tutto \u00e8 assicurato dalla crittografia, e quindi forma una catena non falsificabile. <\/span>\r\n\r\n<span style=\"color: #ffffff;\">Per estensione, una blockchain \u00e8 un database distribuito che gestisce una lista di record protetti contro la falsificazione o la modifica da parte dei nodi di stoccaggio. Una blockchain \u00e8 quindi una registrazione distribuita e sicura di tutte le transazioni effettuate dall'inizio del sistema distribuito.<\/span>\r\n\r\n<\/div>\r\n<\/div>\r\n<!--end of row-->\r\n\r\n<\/div>\r\n<!--end of container-->\r\n\r\n<\/section><section class=\"text-center unpad--bottom switchable cta cta-3\">\r\n<div class=\"container\">\r\n<div class=\"row\">\r\n<div class=\"col-sm-6 col-md-6\">\r\n<div class=\"switchable__text\">\r\n<h2>Fidealis, la protezione in tutta serenit\u00e0<\/h2>\r\n<p class=\"lead\">La soluzione rivoluzionaria nella protezione dei disegni e delle collezioni, che combina le tecnologie della firma elettronica, della marcatura temporale e della blockchain. Le vostre creazioni sono istantaneamente certificate e archiviate simultaneamente presso l'ufficiale giudiziario.<\/p>\r\n<a class=\"btn btn--primary type--uppercase inner-link\" title=\"\" href=\"it\/iscrizione\" target=\"\" rel=\"\"><span class=\"btn__text\">ISCRIVITI GRATUITAMENTE\r\n<\/span>\r\n<span class=\"label\">senza cdc<\/span>\r\n<\/a>\r\n\r\n<\/div>\r\n<\/div>\r\n<div class=\"col-sm-6 col-md-5\"><img class=\"block\" src=\"https:\/\/beta.fidealis.com\/wp-content\/uploads\/2018\/08\/le-droit-d_auteur.png\" alt=\"D\u00e9p\u00f4t et copyright, le droit d'auteur\" \/><\/div>\r\n<\/div>\r\n<!--end of row-->\r\n\r\n<\/div>\r\n<!--end of container-->\r\n\r\n<\/section>","protected":false},"excerpt":{"rendered":"<p>Il nostro sistema di deposito del copyright Il nostro sistema di deposito Il nostro sistema di registrazione e deposito per le vostre&#8230;<\/p>\n","protected":false},"author":1,"featured_media":0,"parent":16738,"menu_order":0,"comment_status":"closed","ping_status":"closed","template":"","meta":{"_joinchat":[]},"yoast_head":"<!-- This site is optimized with the Yoast SEO plugin v20.3 - https:\/\/yoast.com\/wordpress\/plugins\/seo\/ -->\n<title>Fidealis - Chi siamo : Le nostre tecnologie<\/title>\n<meta name=\"description\" content=\"Il nostro sistema di registrazione e deposito delle vostre creazioni combina 3 elementi indelebili: La firma digitale delle vostre creazioni - Il timestamp elettronico - Il deposito automatico via e-mail con AR all&#039;ufficiale giudiziario\" \/>\n<meta name=\"robots\" content=\"noindex, follow, max-snippet:-1, max-image-preview:large, max-video-preview:-1\" \/>\n<meta property=\"og:locale\" content=\"it_IT\" \/>\n<meta property=\"og:type\" content=\"article\" \/>\n<meta property=\"og:title\" content=\"Fidealis - Chi siamo : Le nostre tecnologie\" \/>\n<meta property=\"og:description\" content=\"Il nostro sistema di registrazione e deposito delle vostre creazioni combina 3 elementi indelebili: La firma digitale delle vostre creazioni - Il timestamp elettronico - Il deposito automatico via e-mail con AR all&#039;ufficiale giudiziario\" \/>\n<meta property=\"og:url\" content=\"https:\/\/beta.fidealis.com\/it\/chi-siamo\/il-nostro-sistema-di-deposito-del-copyright\/\" \/>\n<meta property=\"og:site_name\" content=\"Fidealis\" \/>\n<meta property=\"article:publisher\" content=\"https:\/\/www.facebook.com\/Fidealis-573887362622849\/\" \/>\n<meta property=\"article:modified_time\" content=\"2021-08-09T12:13:43+00:00\" \/>\n<meta name=\"twitter:card\" content=\"summary_large_image\" \/>\n<script type=\"application\/ld+json\" class=\"yoast-schema-graph\">{\"@context\":\"https:\/\/schema.org\",\"@graph\":[{\"@type\":\"WebPage\",\"@id\":\"https:\/\/beta.fidealis.com\/it\/chi-siamo\/il-nostro-sistema-di-deposito-del-copyright\/\",\"url\":\"https:\/\/beta.fidealis.com\/it\/chi-siamo\/il-nostro-sistema-di-deposito-del-copyright\/\",\"name\":\"Fidealis - Chi siamo : Le nostre tecnologie\",\"isPartOf\":{\"@id\":\"https:\/\/beta.fidealis.com\/#website\"},\"datePublished\":\"2021-07-26T07:56:08+00:00\",\"dateModified\":\"2021-08-09T12:13:43+00:00\",\"description\":\"Il nostro sistema di registrazione e deposito delle vostre creazioni combina 3 elementi indelebili: La firma digitale delle vostre creazioni - Il timestamp elettronico - Il deposito automatico via e-mail con AR all'ufficiale giudiziario\",\"breadcrumb\":{\"@id\":\"https:\/\/beta.fidealis.com\/it\/chi-siamo\/il-nostro-sistema-di-deposito-del-copyright\/#breadcrumb\"},\"inLanguage\":\"it-IT\",\"potentialAction\":[{\"@type\":\"ReadAction\",\"target\":[\"https:\/\/beta.fidealis.com\/it\/chi-siamo\/il-nostro-sistema-di-deposito-del-copyright\/\"]}]},{\"@type\":\"BreadcrumbList\",\"@id\":\"https:\/\/beta.fidealis.com\/it\/chi-siamo\/il-nostro-sistema-di-deposito-del-copyright\/#breadcrumb\",\"itemListElement\":[{\"@type\":\"ListItem\",\"position\":1,\"name\":\"Accueil\",\"item\":\"https:\/\/beta.fidealis.com\/it\/\"},{\"@type\":\"ListItem\",\"position\":2,\"name\":\"Chi siamo?\",\"item\":\"https:\/\/beta.fidealis.com\/it\/chi-siamo\/\"},{\"@type\":\"ListItem\",\"position\":3,\"name\":\"Il nostro sistema di deposito del copyright\"}]},{\"@type\":\"WebSite\",\"@id\":\"https:\/\/beta.fidealis.com\/#website\",\"url\":\"https:\/\/beta.fidealis.com\/\",\"name\":\"Fidealis\",\"description\":\"Fidealis: vous cr\u00e9ez, nous prot\u00e9geons.\",\"publisher\":{\"@id\":\"https:\/\/beta.fidealis.com\/#organization\"},\"potentialAction\":[{\"@type\":\"SearchAction\",\"target\":{\"@type\":\"EntryPoint\",\"urlTemplate\":\"https:\/\/beta.fidealis.com\/?s={search_term_string}\"},\"query-input\":\"required name=search_term_string\"}],\"inLanguage\":\"it-IT\"},{\"@type\":\"Organization\",\"@id\":\"https:\/\/beta.fidealis.com\/#organization\",\"name\":\"Fidealis\",\"url\":\"https:\/\/beta.fidealis.com\/\",\"logo\":{\"@type\":\"ImageObject\",\"inLanguage\":\"it-IT\",\"@id\":\"https:\/\/beta.fidealis.com\/#\/schema\/logo\/image\/\",\"url\":\"https:\/\/www.fidealis.com\/wp-content\/uploads\/2018\/04\/logo-fidealis.png\",\"contentUrl\":\"https:\/\/www.fidealis.com\/wp-content\/uploads\/2018\/04\/logo-fidealis.png\",\"width\":525,\"height\":205,\"caption\":\"Fidealis\"},\"image\":{\"@id\":\"https:\/\/beta.fidealis.com\/#\/schema\/logo\/image\/\"},\"sameAs\":[\"https:\/\/www.facebook.com\/Fidealis-573887362622849\/\"]}]}<\/script>\n<!-- \/ Yoast SEO plugin. -->","yoast_head_json":{"title":"Fidealis - Chi siamo : Le nostre tecnologie","description":"Il nostro sistema di registrazione e deposito delle vostre creazioni combina 3 elementi indelebili: La firma digitale delle vostre creazioni - Il timestamp elettronico - Il deposito automatico via e-mail con AR all'ufficiale giudiziario","robots":{"index":"noindex","follow":"follow","max-snippet":"max-snippet:-1","max-image-preview":"max-image-preview:large","max-video-preview":"max-video-preview:-1"},"og_locale":"it_IT","og_type":"article","og_title":"Fidealis - Chi siamo : Le nostre tecnologie","og_description":"Il nostro sistema di registrazione e deposito delle vostre creazioni combina 3 elementi indelebili: La firma digitale delle vostre creazioni - Il timestamp elettronico - Il deposito automatico via e-mail con AR all'ufficiale giudiziario","og_url":"https:\/\/beta.fidealis.com\/it\/chi-siamo\/il-nostro-sistema-di-deposito-del-copyright\/","og_site_name":"Fidealis","article_publisher":"https:\/\/www.facebook.com\/Fidealis-573887362622849\/","article_modified_time":"2021-08-09T12:13:43+00:00","twitter_card":"summary_large_image","schema":{"@context":"https:\/\/schema.org","@graph":[{"@type":"WebPage","@id":"https:\/\/beta.fidealis.com\/it\/chi-siamo\/il-nostro-sistema-di-deposito-del-copyright\/","url":"https:\/\/beta.fidealis.com\/it\/chi-siamo\/il-nostro-sistema-di-deposito-del-copyright\/","name":"Fidealis - Chi siamo : Le nostre tecnologie","isPartOf":{"@id":"https:\/\/beta.fidealis.com\/#website"},"datePublished":"2021-07-26T07:56:08+00:00","dateModified":"2021-08-09T12:13:43+00:00","description":"Il nostro sistema di registrazione e deposito delle vostre creazioni combina 3 elementi indelebili: La firma digitale delle vostre creazioni - Il timestamp elettronico - Il deposito automatico via e-mail con AR all'ufficiale giudiziario","breadcrumb":{"@id":"https:\/\/beta.fidealis.com\/it\/chi-siamo\/il-nostro-sistema-di-deposito-del-copyright\/#breadcrumb"},"inLanguage":"it-IT","potentialAction":[{"@type":"ReadAction","target":["https:\/\/beta.fidealis.com\/it\/chi-siamo\/il-nostro-sistema-di-deposito-del-copyright\/"]}]},{"@type":"BreadcrumbList","@id":"https:\/\/beta.fidealis.com\/it\/chi-siamo\/il-nostro-sistema-di-deposito-del-copyright\/#breadcrumb","itemListElement":[{"@type":"ListItem","position":1,"name":"Accueil","item":"https:\/\/beta.fidealis.com\/it\/"},{"@type":"ListItem","position":2,"name":"Chi siamo?","item":"https:\/\/beta.fidealis.com\/it\/chi-siamo\/"},{"@type":"ListItem","position":3,"name":"Il nostro sistema di deposito del copyright"}]},{"@type":"WebSite","@id":"https:\/\/beta.fidealis.com\/#website","url":"https:\/\/beta.fidealis.com\/","name":"Fidealis","description":"Fidealis: vous cr\u00e9ez, nous prot\u00e9geons.","publisher":{"@id":"https:\/\/beta.fidealis.com\/#organization"},"potentialAction":[{"@type":"SearchAction","target":{"@type":"EntryPoint","urlTemplate":"https:\/\/beta.fidealis.com\/?s={search_term_string}"},"query-input":"required name=search_term_string"}],"inLanguage":"it-IT"},{"@type":"Organization","@id":"https:\/\/beta.fidealis.com\/#organization","name":"Fidealis","url":"https:\/\/beta.fidealis.com\/","logo":{"@type":"ImageObject","inLanguage":"it-IT","@id":"https:\/\/beta.fidealis.com\/#\/schema\/logo\/image\/","url":"https:\/\/www.fidealis.com\/wp-content\/uploads\/2018\/04\/logo-fidealis.png","contentUrl":"https:\/\/www.fidealis.com\/wp-content\/uploads\/2018\/04\/logo-fidealis.png","width":525,"height":205,"caption":"Fidealis"},"image":{"@id":"https:\/\/beta.fidealis.com\/#\/schema\/logo\/image\/"},"sameAs":["https:\/\/www.facebook.com\/Fidealis-573887362622849\/"]}]}},"_links":{"self":[{"href":"https:\/\/beta.fidealis.com\/it\/wp-json\/wp\/v2\/pages\/16740"}],"collection":[{"href":"https:\/\/beta.fidealis.com\/it\/wp-json\/wp\/v2\/pages"}],"about":[{"href":"https:\/\/beta.fidealis.com\/it\/wp-json\/wp\/v2\/types\/page"}],"author":[{"embeddable":true,"href":"https:\/\/beta.fidealis.com\/it\/wp-json\/wp\/v2\/users\/1"}],"replies":[{"embeddable":true,"href":"https:\/\/beta.fidealis.com\/it\/wp-json\/wp\/v2\/comments?post=16740"}],"version-history":[{"count":1,"href":"https:\/\/beta.fidealis.com\/it\/wp-json\/wp\/v2\/pages\/16740\/revisions"}],"predecessor-version":[{"id":16930,"href":"https:\/\/beta.fidealis.com\/it\/wp-json\/wp\/v2\/pages\/16740\/revisions\/16930"}],"up":[{"embeddable":true,"href":"https:\/\/beta.fidealis.com\/it\/wp-json\/wp\/v2\/pages\/16738"}],"wp:attachment":[{"href":"https:\/\/beta.fidealis.com\/it\/wp-json\/wp\/v2\/media?parent=16740"}],"curies":[{"name":"wp","href":"https:\/\/api.w.org\/{rel}","templated":true}]}}