{"id":16745,"date":"2021-07-26T10:19:50","date_gmt":"2021-07-26T08:19:50","guid":{"rendered":"https:\/\/www.fidealis.com\/la-proprieta-intellettuale\/il-diritto-dautore-in-francia-e-nel-mondo\/chi-deve-depositare\/"},"modified":"2021-08-09T13:14:12","modified_gmt":"2021-08-09T11:14:12","slug":"chi-deve-depositare","status":"publish","type":"page","link":"https:\/\/beta.fidealis.com\/it\/la-proprieta-intellettuale\/chi-deve-depositare\/","title":{"rendered":"Chi deve depositare?"},"content":{"rendered":"<section class=\"cover imagebg text-center section--ken-burns height-60\" data-overlay=\"4\">\r\n<div class=\"background-image-holder\"><img src=\"https:\/\/beta.fidealis.com\/wp-content\/uploads\/2018\/06\/929.jpg\" alt=\"\" \/><\/div>\r\n<div class=\"container pos-vertical-center\">\r\n<div class=\"row\">\r\n<div class=\"col-sm-8 col-md-8\">\r\n<h1>Chi dovrebbe depositare il copyright presso un ufficiale giudiziario?<\/h1>\r\n<\/div>\r\n<\/div>\r\n<!--end of row-->\r\n\r\n<\/div>\r\n<!--end of container-->\r\n\r\n<\/section><section class=\"space--xxs\">\r\n<div class=\"container\">\r\n<div class=\"row\">\r\n<div class=\"cta cta--horizontal text-center-xs\">\r\n<div class=\"col-sm-4\">\r\n<h4>Il vostro deposito a partire da 95\u20ac<\/h4>\r\n<\/div>\r\n<div class=\"col-sm-5\">\r\n<p class=\"lead\">La migliore soluzione online per proteggervi<\/p>\r\n\r\n<\/div>\r\n<div class=\"col-sm-3 text-right text-center-xs\"><a class=\"btn btn--primary type--uppercase\" title=\"\" href=\"https:\/\/beta.fidealis.com\/it\/chi-siamo\/contattaci\/\" target=\"\" rel=\"\"> <span class=\"btn__text\">Richiesta di contatto<\/span> <\/a><\/div>\r\n<\/div>\r\n<\/div>\r\n<!--end of row-->\r\n\r\n<\/div>\r\n<!--end of container-->\r\n\r\n<\/section><section class=\"space--sm bg--secondary\">\r\n<div class=\"container\">\r\n<div class=\"row\">\r\n<div class=\"col-sm-12\">\r\n<p class=\"lead\">Tutte le persone giuridiche o fisiche che producono documenti, creazioni, per le quali devono segnalarne l'anteriorit\u00e0, provare il loro diritto d'autore e proteggere cos\u00ec la loro Propriet\u00e0 Intellettuale:<\/p>\r\n\r\n<\/div>\r\n<\/div>\r\n<!--end of row-->\r\n\r\n<\/div>\r\n<!--end of container-->\r\n\r\n<\/section><section class=\"text-center bg--secondary\">\r\n<div class=\"container\">\r\n<div class=\"row\">\r\n<div class=\"col-sm-6 col-md-3\">\r\n<div class=\"text-block\"><i class=\"icon icon-Digital-Drawing icon--lg\"><\/i>\r\n<h4>Architetti<\/h4>\r\n<p>Piani, progetti, ricorsi<\/p>\r\n\r\n<\/div>\r\n<div class=\"text-block\"><i class=\"icon icon-Folder-Network icon--lg\"><\/i>\r\n<h4>Revisori<\/h4>\r\n<p>Analisi, raccomandazioni, presentazioni, rapporti<\/p>\r\n\r\n<\/div>\r\n<div class=\"text-block\"><i class=\"icon icon-Calculator-2 icon--lg\"><\/i>\r\n<h4>Contabili<\/h4>\r\n<p>Ricerca e scoperta prima della pubblicazione<\/p>\r\n\r\n<\/div>\r\n<div class=\"text-block\"><i class=\"icon icon-Pen-6 icon--lg\"><\/i>\r\n<h4>Grafici<\/h4>\r\n<p>Loghi, diagrammi grafici<\/p>\r\n\r\n<\/div>\r\n<!--end feature-->\r\n\r\n<\/div>\r\n<div class=\"col-sm-6 col-md-3\">\r\n<div class=\"text-block\"><i class=\"icon icon-Idea-4 icon--lg\"><\/i>\r\n<h4>Inventori<\/h4>\r\n<p>Invenzioni prima della brevettazione<\/p>\r\n\r\n<\/div>\r\n<div class=\"text-block\"><i class=\"icon icon-Code-Window icon--lg\"><\/i>\r\n<h4>Programmatori<\/h4>\r\n<p>Sorgenti di programmi, codici, script e software<\/p>\r\n\r\n<\/div>\r\n<div class=\"text-block\"><i class=\"icon icon-File-Music icon--lg\"><\/i>\r\n<h4>Musicisti<\/h4>\r\n<p>Melodie, accordi, sequenze, spartiti<\/p>\r\n\r\n<\/div>\r\n<!--end feature-->\r\n\r\n<\/div>\r\n<div class=\"col-sm-6 col-md-3\">\r\n<div class=\"text-block\"><i class=\"icon icon-Pantheon icon--lg\"><\/i>\r\n<h4>Avvocati<\/h4>\r\n<p>Scambi, conclusioni, sintesi<\/p>\r\n\r\n<\/div>\r\n<div class=\"text-block\"><i class=\"icon icon-Microscope icon--lg\"><\/i>\r\n<h4>Ricercatori<\/h4>\r\n<p>Ricerche e scoperte prima della pubblicazione<\/p>\r\n\r\n<\/div>\r\n<div class=\"text-block\"><i class=\"icon icon-Notepad icon--lg\"><\/i>\r\n<h4>Pubblicitari<\/h4>\r\n<p>Piani di marketing, piano media, slogan, progetti di marchio<\/p>\r\n\r\n<\/div>\r\n<!--end feature-->\r\n\r\n<\/div>\r\n<div class=\"col-sm-6 col-md-3\">\r\n<div class=\"text-block\"><i class=\"icon icon-Pencil-Ruler icon--lg\"><\/i>\r\n<h4>Designers<\/h4>\r\n<p>Disegni, PAO, CAO, Copyright<\/p>\r\n\r\n<\/div>\r\n<div class=\"text-block\"><i class=\"icon icon-Clothing-Store icon--lg\"><\/i>\r\n<h4>Stilisti<\/h4>\r\n<p>Disegni, progetti, modelli, schizzi, modelli<\/p>\r\n\r\n<\/div>\r\n<div class=\"text-block\"><i class=\"icon icon-Camera-5 icon--lg\"><\/i>\r\n<h4>Fotografi<\/h4>\r\n<p>Fotografie digitali o scannerizzate, negativi.<\/p>\r\n\r\n<\/div>\r\n<!--end feature-->\r\n\r\n<\/div>\r\n<\/div>\r\n<!--end of row-->\r\n\r\n<\/div>\r\n<!--end of container-->\r\n\r\n<\/section><section>\r\n<div class=\"container\">\r\n<div class=\"row\">\r\n<div class=\"col-md-4\">\r\n<div class=\"text-block\">\r\n<h4>Quali formati sono accettati?<\/h4>\r\n<\/div>\r\n<\/div>\r\n<div class=\"col-md-4\">\r\n<div class=\"text-block\">\r\n<h5>Testi<\/h5>\r\n<p>Word\u00ae ( .doc), pdf(Adobe\u00ae) .rtf, .txt, .asc, .mcw (Mac\u00ae),.wps (Works\u00ae)<\/p>\r\n\r\n<\/div>\r\n<div class=\"text-block\">\r\n<h5>Eseguibili<\/h5>\r\n<p>.exe, Zip o Rar<\/p>\r\n\r\n<\/div>\r\n<div class=\"text-block\">\r\n<h5>Pagine web<\/h5>\r\n<p>PHP, HTML, Zip o Rar<\/p>\r\n\r\n<\/div>\r\n<\/div>\r\n<div class=\"col-md-4\">\r\n<div class=\"text-block\">\r\n<h5>Immagini<\/h5>\r\n<p>jpeg, jpg, gif, tiff, eps, dcx, pcx, wif, xif, bmp, png, art..<\/p>\r\n\r\n<\/div>\r\n<div class=\"text-block\">\r\n<h5>Multimedia<\/h5>\r\n<p>Tutti i clip e video e :sons wav. (quicktime\u00ae ), mp3, midi, ra (real Player\u00ae), Swf ( Flash ), mpeg4<\/p>\r\n\r\n<\/div>\r\n<\/div>\r\n<\/div>\r\n<!--end of row-->\r\n\r\n<\/div>\r\n<!--end of container-->\r\n\r\n<\/section><section class=\"space--xs\">\r\n<div class=\"container\">\r\n<div class=\"row\">\r\n<div class=\"col-sm-6\">\r\n<h4>Che dimensione del documento \u00e8 possibile?<\/h4>\r\n<p class=\"lead\">Per l'elaborazione online, abbiamo trovato che solo i file pi\u00f9 piccoli di 5 MB vengono elaborati in un tempo ragionevole<\/p>\r\n<p>Per file molto grandi, i nostri clienti hanno preso l'abitudine di inviarci un CD masterizzato per posta e noi lo elaboriamo nella nostra sede, senza costi aggiuntivi.<\/p>\r\n\r\n<\/div>\r\n<div class=\"col-sm-6\">\r\n<div class=\"boxed boxed--lg boxed--border bg--secondary\"><\/div>\r\n<\/div>\r\n<\/div>\r\n<\/div>\r\n\u00a0\r\n\r\n<\/section><section class=\"text-center unpad--bottom switchable cta cta-3 switchable--switch bg--secondary\">\r\n<div class=\"container\">\r\n<div class=\"row\">\r\n<div class=\"col-sm-6 col-md-6\">\r\n<div class=\"switchable__text\">\r\n<h2>State tranquilli con la soluzione Fidealis<\/h2>\r\n<p class=\"lead\">La soluzione innovativa per la protezione di disegni e collezioni, che combina firma elettronica, marcatura temporale e tecnologia blockchain. Le vostre creazioni sono istantaneamente certificate e archiviate in parallelo con l'ufficiale giudiziario.<\/p>\r\n<a class=\"btn btn--primary type--uppercase inner-link\" title=\"\" href=\"https:\/\/beta.fidealis.com\/it\/it\/iscrizione\" target=\"_blank\" rel=\"noopener\"> <span class=\"btn__text\"> Iscriviti gratuitamente<\/span><span class=\"label\">senza cdc<\/span> <\/a>\r\n\r\n<\/div>\r\n<\/div>\r\n<div class=\"col-sm-6 col-md-5\"><img class=\"block\" src=\"https:\/\/beta.fidealis.com\/wp-content\/uploads\/2018\/08\/qui-doit-deposer-en-ligne.png\" alt=\"solution de d\u00e9p\u00f4t et copyright qui doit d\u00e9poser ?\" \/><\/div>\r\n<\/div>\r\n<!--end of row-->\r\n\r\n<\/div>\r\n<!--end of container-->\r\n\r\n<\/section>","protected":false},"excerpt":{"rendered":"<p>Chi dovrebbe depositare il copyright presso un ufficiale giudiziario? Il vostro deposito a partire da 95\u20ac La migliore soluzione online per proteggervi&#8230;<\/p>\n","protected":false},"author":1,"featured_media":0,"parent":16710,"menu_order":0,"comment_status":"closed","ping_status":"closed","template":"","meta":{"_joinchat":[]},"yoast_head":"<!-- This site is optimized with the Yoast SEO plugin v20.3 - https:\/\/yoast.com\/wordpress\/plugins\/seo\/ -->\n<title>Propriet\u00e0 intellettuale: Chi deve depositare un Copyright?<\/title>\n<meta name=\"description\" content=\"Tutte le persone giuridiche o fisiche che producono documenti, creazioni, per le quali devono segnalare l&#039;anteriorit\u00e0, provare il loro diritto d&#039;autore e proteggere cos\u00ec la loro Propriet\u00e0 Intellettuale:\" \/>\n<meta name=\"robots\" content=\"noindex, follow, max-snippet:-1, max-image-preview:large, max-video-preview:-1\" \/>\n<meta property=\"og:locale\" content=\"it_IT\" \/>\n<meta property=\"og:type\" content=\"article\" \/>\n<meta property=\"og:title\" content=\"Propriet\u00e0 intellettuale: Chi deve depositare un Copyright?\" \/>\n<meta property=\"og:description\" content=\"Tutte le persone giuridiche o fisiche che producono documenti, creazioni, per le quali devono segnalare l&#039;anteriorit\u00e0, provare il loro diritto d&#039;autore e proteggere cos\u00ec la loro Propriet\u00e0 Intellettuale:\" \/>\n<meta property=\"og:url\" content=\"https:\/\/beta.fidealis.com\/it\/la-proprieta-intellettuale\/chi-deve-depositare\/\" \/>\n<meta property=\"og:site_name\" content=\"Fidealis\" \/>\n<meta property=\"article:publisher\" content=\"https:\/\/www.facebook.com\/Fidealis-573887362622849\/\" \/>\n<meta property=\"article:modified_time\" content=\"2021-08-09T11:14:12+00:00\" \/>\n<meta name=\"twitter:card\" content=\"summary_large_image\" \/>\n<script type=\"application\/ld+json\" class=\"yoast-schema-graph\">{\"@context\":\"https:\/\/schema.org\",\"@graph\":[{\"@type\":\"WebPage\",\"@id\":\"https:\/\/beta.fidealis.com\/it\/la-proprieta-intellettuale\/chi-deve-depositare\/\",\"url\":\"https:\/\/beta.fidealis.com\/it\/la-proprieta-intellettuale\/chi-deve-depositare\/\",\"name\":\"Propriet\u00e0 intellettuale: Chi deve depositare un Copyright?\",\"isPartOf\":{\"@id\":\"https:\/\/beta.fidealis.com\/#website\"},\"datePublished\":\"2021-07-26T08:19:50+00:00\",\"dateModified\":\"2021-08-09T11:14:12+00:00\",\"description\":\"Tutte le persone giuridiche o fisiche che producono documenti, creazioni, per le quali devono segnalare l'anteriorit\u00e0, provare il loro diritto d'autore e proteggere cos\u00ec la loro Propriet\u00e0 Intellettuale:\",\"breadcrumb\":{\"@id\":\"https:\/\/beta.fidealis.com\/it\/la-proprieta-intellettuale\/chi-deve-depositare\/#breadcrumb\"},\"inLanguage\":\"it-IT\",\"potentialAction\":[{\"@type\":\"ReadAction\",\"target\":[\"https:\/\/beta.fidealis.com\/it\/la-proprieta-intellettuale\/chi-deve-depositare\/\"]}]},{\"@type\":\"BreadcrumbList\",\"@id\":\"https:\/\/beta.fidealis.com\/it\/la-proprieta-intellettuale\/chi-deve-depositare\/#breadcrumb\",\"itemListElement\":[{\"@type\":\"ListItem\",\"position\":1,\"name\":\"Accueil\",\"item\":\"https:\/\/beta.fidealis.com\/it\/\"},{\"@type\":\"ListItem\",\"position\":2,\"name\":\"La propriet\u00e0 intellettuale\",\"item\":\"https:\/\/beta.fidealis.com\/it\/la-proprieta-intellettuale\/\"},{\"@type\":\"ListItem\",\"position\":3,\"name\":\"Chi deve depositare?\"}]},{\"@type\":\"WebSite\",\"@id\":\"https:\/\/beta.fidealis.com\/#website\",\"url\":\"https:\/\/beta.fidealis.com\/\",\"name\":\"Fidealis\",\"description\":\"Fidealis: vous cr\u00e9ez, nous prot\u00e9geons.\",\"publisher\":{\"@id\":\"https:\/\/beta.fidealis.com\/#organization\"},\"potentialAction\":[{\"@type\":\"SearchAction\",\"target\":{\"@type\":\"EntryPoint\",\"urlTemplate\":\"https:\/\/beta.fidealis.com\/?s={search_term_string}\"},\"query-input\":\"required name=search_term_string\"}],\"inLanguage\":\"it-IT\"},{\"@type\":\"Organization\",\"@id\":\"https:\/\/beta.fidealis.com\/#organization\",\"name\":\"Fidealis\",\"url\":\"https:\/\/beta.fidealis.com\/\",\"logo\":{\"@type\":\"ImageObject\",\"inLanguage\":\"it-IT\",\"@id\":\"https:\/\/beta.fidealis.com\/#\/schema\/logo\/image\/\",\"url\":\"https:\/\/www.fidealis.com\/wp-content\/uploads\/2018\/04\/logo-fidealis.png\",\"contentUrl\":\"https:\/\/www.fidealis.com\/wp-content\/uploads\/2018\/04\/logo-fidealis.png\",\"width\":525,\"height\":205,\"caption\":\"Fidealis\"},\"image\":{\"@id\":\"https:\/\/beta.fidealis.com\/#\/schema\/logo\/image\/\"},\"sameAs\":[\"https:\/\/www.facebook.com\/Fidealis-573887362622849\/\"]}]}<\/script>\n<!-- \/ Yoast SEO plugin. -->","yoast_head_json":{"title":"Propriet\u00e0 intellettuale: Chi deve depositare un Copyright?","description":"Tutte le persone giuridiche o fisiche che producono documenti, creazioni, per le quali devono segnalare l'anteriorit\u00e0, provare il loro diritto d'autore e proteggere cos\u00ec la loro Propriet\u00e0 Intellettuale:","robots":{"index":"noindex","follow":"follow","max-snippet":"max-snippet:-1","max-image-preview":"max-image-preview:large","max-video-preview":"max-video-preview:-1"},"og_locale":"it_IT","og_type":"article","og_title":"Propriet\u00e0 intellettuale: Chi deve depositare un Copyright?","og_description":"Tutte le persone giuridiche o fisiche che producono documenti, creazioni, per le quali devono segnalare l'anteriorit\u00e0, provare il loro diritto d'autore e proteggere cos\u00ec la loro Propriet\u00e0 Intellettuale:","og_url":"https:\/\/beta.fidealis.com\/it\/la-proprieta-intellettuale\/chi-deve-depositare\/","og_site_name":"Fidealis","article_publisher":"https:\/\/www.facebook.com\/Fidealis-573887362622849\/","article_modified_time":"2021-08-09T11:14:12+00:00","twitter_card":"summary_large_image","schema":{"@context":"https:\/\/schema.org","@graph":[{"@type":"WebPage","@id":"https:\/\/beta.fidealis.com\/it\/la-proprieta-intellettuale\/chi-deve-depositare\/","url":"https:\/\/beta.fidealis.com\/it\/la-proprieta-intellettuale\/chi-deve-depositare\/","name":"Propriet\u00e0 intellettuale: Chi deve depositare un Copyright?","isPartOf":{"@id":"https:\/\/beta.fidealis.com\/#website"},"datePublished":"2021-07-26T08:19:50+00:00","dateModified":"2021-08-09T11:14:12+00:00","description":"Tutte le persone giuridiche o fisiche che producono documenti, creazioni, per le quali devono segnalare l'anteriorit\u00e0, provare il loro diritto d'autore e proteggere cos\u00ec la loro Propriet\u00e0 Intellettuale:","breadcrumb":{"@id":"https:\/\/beta.fidealis.com\/it\/la-proprieta-intellettuale\/chi-deve-depositare\/#breadcrumb"},"inLanguage":"it-IT","potentialAction":[{"@type":"ReadAction","target":["https:\/\/beta.fidealis.com\/it\/la-proprieta-intellettuale\/chi-deve-depositare\/"]}]},{"@type":"BreadcrumbList","@id":"https:\/\/beta.fidealis.com\/it\/la-proprieta-intellettuale\/chi-deve-depositare\/#breadcrumb","itemListElement":[{"@type":"ListItem","position":1,"name":"Accueil","item":"https:\/\/beta.fidealis.com\/it\/"},{"@type":"ListItem","position":2,"name":"La propriet\u00e0 intellettuale","item":"https:\/\/beta.fidealis.com\/it\/la-proprieta-intellettuale\/"},{"@type":"ListItem","position":3,"name":"Chi deve depositare?"}]},{"@type":"WebSite","@id":"https:\/\/beta.fidealis.com\/#website","url":"https:\/\/beta.fidealis.com\/","name":"Fidealis","description":"Fidealis: vous cr\u00e9ez, nous prot\u00e9geons.","publisher":{"@id":"https:\/\/beta.fidealis.com\/#organization"},"potentialAction":[{"@type":"SearchAction","target":{"@type":"EntryPoint","urlTemplate":"https:\/\/beta.fidealis.com\/?s={search_term_string}"},"query-input":"required name=search_term_string"}],"inLanguage":"it-IT"},{"@type":"Organization","@id":"https:\/\/beta.fidealis.com\/#organization","name":"Fidealis","url":"https:\/\/beta.fidealis.com\/","logo":{"@type":"ImageObject","inLanguage":"it-IT","@id":"https:\/\/beta.fidealis.com\/#\/schema\/logo\/image\/","url":"https:\/\/www.fidealis.com\/wp-content\/uploads\/2018\/04\/logo-fidealis.png","contentUrl":"https:\/\/www.fidealis.com\/wp-content\/uploads\/2018\/04\/logo-fidealis.png","width":525,"height":205,"caption":"Fidealis"},"image":{"@id":"https:\/\/beta.fidealis.com\/#\/schema\/logo\/image\/"},"sameAs":["https:\/\/www.facebook.com\/Fidealis-573887362622849\/"]}]}},"_links":{"self":[{"href":"https:\/\/beta.fidealis.com\/it\/wp-json\/wp\/v2\/pages\/16745"}],"collection":[{"href":"https:\/\/beta.fidealis.com\/it\/wp-json\/wp\/v2\/pages"}],"about":[{"href":"https:\/\/beta.fidealis.com\/it\/wp-json\/wp\/v2\/types\/page"}],"author":[{"embeddable":true,"href":"https:\/\/beta.fidealis.com\/it\/wp-json\/wp\/v2\/users\/1"}],"replies":[{"embeddable":true,"href":"https:\/\/beta.fidealis.com\/it\/wp-json\/wp\/v2\/comments?post=16745"}],"version-history":[{"count":3,"href":"https:\/\/beta.fidealis.com\/it\/wp-json\/wp\/v2\/pages\/16745\/revisions"}],"predecessor-version":[{"id":16901,"href":"https:\/\/beta.fidealis.com\/it\/wp-json\/wp\/v2\/pages\/16745\/revisions\/16901"}],"up":[{"embeddable":true,"href":"https:\/\/beta.fidealis.com\/it\/wp-json\/wp\/v2\/pages\/16710"}],"wp:attachment":[{"href":"https:\/\/beta.fidealis.com\/it\/wp-json\/wp\/v2\/media?parent=16745"}],"curies":[{"name":"wp","href":"https:\/\/api.w.org\/{rel}","templated":true}]}}