{"id":16748,"date":"2021-07-26T10:30:24","date_gmt":"2021-07-26T08:30:24","guid":{"rendered":"https:\/\/www.fidealis.com\/la-proprieta-intellettuale\/copyright\/"},"modified":"2021-08-10T09:13:17","modified_gmt":"2021-08-10T07:13:17","slug":"copyright","status":"publish","type":"page","link":"https:\/\/beta.fidealis.com\/it\/la-proprieta-intellettuale\/copyright\/","title":{"rendered":"Copyright"},"content":{"rendered":"<section class=\"cover imagebg text-center height-60 section--ken-burns\" data-overlay=\"4\">\r\n<div class=\"background-image-holder\"><img src=\"https:\/\/beta.fidealis.com\/wp-content\/uploads\/2018\/06\/OCD8BX0.jpg\" alt=\"\" \/><\/div>\r\n<div class=\"container pos-vertical-center\">\r\n<div class=\"row\">\r\n<div class=\"col-sm-8 col-md-9\">\r\n<h1>Copyright<\/h1>\r\n<\/div>\r\n<\/div>\r\n<!--end of row-->\r\n\r\n<\/div>\r\n<!--end of container-->\r\n\r\n<\/section><section class=\"bg--secondary space--xxs\">\r\n<div class=\"container\">\r\n<div class=\"row\">\r\n<div class=\"cta cta--horizontal text-center-xs\">\r\n<div class=\"col-sm-4\">\r\n<h4>Il vostro deposito a partire da 95\u20ac<\/h4>\r\n<\/div>\r\n<div class=\"col-sm-5\">\r\n<p class=\"lead\">La migliore soluzione online per il copyright<\/p>\r\n\r\n<\/div>\r\n<div class=\"col-sm-3 text-right text-center-xs\"><a class=\"btn btn--primary type--uppercase\" title=\"\" href=\"https:\/\/beta.fidealis.com\/it\/chi-siamo\/contattaci\/\" target=\"\" rel=\"\"> <span class=\"btn__text\"> Richiesta di contatto<\/span> <\/a><\/div>\r\n<\/div>\r\n<\/div>\r\n<!--end of row-->\r\n\r\n<\/div>\r\n<!--end of container-->\r\n\r\n<\/section><section class=\"switchable feature-large space--xxs text-justify\">\r\n<div class=\"container\">\r\n<div class=\"row\">\r\n<div class=\"col-sm-6 col-md-5\">\r\n<div class=\"switchable__text\">\r\n<p class=\"lead\"><span style=\"font-weight: 400;\">Il Copyright \u00e8 un elemento essenziale della <a href=\"https:\/\/beta.fidealis.com\/it\/it\/la-proprieta-intellettuale\/\">legge francese sulla propriet\u00e0 intellettuale<\/a><\/span><\/p>\r\n<p class=\"lead\">L'autore o il detentore dei diritti di un'opera originale intellettuale ha il monopolio dello sfruttamento.<\/p>\r\n<p class=\"lead\">Dopo aver esaminato le prerogative del diritto d'autore, passeremo ad esaminare la protezione che d\u00e0 all'autore e le eventuali limitazioni.<\/p>\r\n\r\n<\/div>\r\n<\/div>\r\n<div class=\"col-sm-6\">\r\n<div class=\"boxed boxed--lg boxed--border\">\r\n<div class=\"feature feature-2\"><i class=\"icon color--primary icon-Libra-2\"><\/i>\r\n<div class=\"feature__body\">\r\n<h5>Prova riconosciuta in tribunale<\/h5>\r\n<p>Riconosciuti dai tribunali del mondo<\/p>\r\n\r\n<\/div>\r\n<\/div>\r\n<!--end feature-->\r\n<div class=\"feature feature-2\"><i class=\"icon color--primary icon-Security-Check\"><\/i>\r\n<div class=\"feature__body\">\r\n<h5>Certificato dell'ufficiale giudiziario valido a vita<\/h5>\r\n<p>Costituisce in una prova valida a vita<\/p>\r\n\r\n<\/div>\r\n<\/div>\r\n<div class=\"feature feature-2\"><i class=\"icon color--primary icon-Font-Window\"><\/i>\r\n<div class=\"feature__body\">\r\n<h5>Il vostro certificato disponibile in 11 lingue<\/h5>\r\n<p style=\"text-align: left;\">Avrete i vostri depositi in inglese, francese, italiano, cinese, tedesco, portoghese, arabo, spagnolo, coreano, giapponese e russo.<\/p>\r\n\r\n<\/div>\r\n<\/div>\r\n<!--end feature-->\r\n<div class=\"feature feature-2\"><i class=\"icon color--primary icon-Windows-2\"><\/i>\r\n<div class=\"feature__body\">\r\n<h5>Le tue prove disponibili 24\/7<\/h5>\r\n<p>Ricevuta di deposito disponibile online 24\/7.<\/p>\r\n\r\n<\/div>\r\n<\/div>\r\n<!--end feature-->\r\n\r\n<\/div>\r\n<\/div>\r\n<\/div>\r\n<!--end of row-->\r\n\r\n<\/div>\r\n<!--end of container-->\r\n\r\n<\/section><section class=\"bg--secondary text-center space--xxs\">\r\n<div class=\"container\">\r\n<div class=\"row\">\r\n<div class=\"col-sm-12\">\r\n<h2 class=\"addtoppad\">Fidealis, una protezione supplementare per il copyright<\/h2>\r\n<\/div>\r\n<\/div>\r\n<!--end of row-->\r\n\r\n<\/div>\r\n<!--end of container-->\r\n\r\n<\/section><section class=\"bg--secondary space--xs\">\r\n<div class=\"container\">\r\n<div class=\"row\">\r\n<div class=\"col-sm-4\">\r\n<div class=\"feature feature-2 boxed boxed--border\"><i class=\"icon color--primary icon-Checked-User\"><\/i>\r\n<div class=\"feature__body\">\r\n<p style=\"text-align: center;\"><span class=\"h1 h1--medium\" style=\"color: #d93d3d;\">1.<\/span><\/p>\r\n\r\n<h4 style=\"text-align: center;\">Registrazione<\/h4>\r\n<p style=\"text-align: center;\">Iscriviti gratuitamente.<\/p>\r\n<p style=\"text-align: center;\">Nessun pagamento verr\u00e0 richiesto.<\/p>\r\n\r\n<\/div>\r\n<\/div>\r\n<!--end feature-->\r\n\r\n<\/div>\r\n<div class=\"col-sm-4\">\r\n<div class=\"feature feature-2 boxed boxed--border\"><i class=\"icon color--primary icon-Security-Settings\"><\/i>\r\n<div class=\"feature__body\">\r\n<p style=\"text-align: center;\"><span class=\"h1 h1--medium\" style=\"color: #d93d3d;\">2.<\/span><\/p>\r\n\r\n<h4 style=\"text-align: center;\">Assistenza<\/h4>\r\n<p style=\"text-align: center;\">Scegli un'offerta adatta alle tue esigenze con l'aiuto di uno dei nostri consulenti.<\/p>\r\n<p style=\"text-align: center;\">.<\/p>\r\n\r\n<\/div>\r\n<\/div>\r\n<!--end feature-->\r\n\r\n<\/div>\r\n<div class=\"col-sm-4\">\r\n<div class=\"feature feature-2 boxed boxed--border\"><i class=\"icon color--primary icon-Security-Check\"><\/i>\r\n<div class=\"feature__body\">\r\n<p style=\"text-align: center;\"><span class=\"h1 h1--medium\" style=\"color: #d93d3d;\">3.<\/span><\/p>\r\n\r\n<h4 style=\"text-align: center;\">Tutela<\/h4>\r\n<p style=\"text-align: center;\">Deposita le tue creazioni online.<\/p>\r\n<p style=\"text-align: center;\">Sei protetto!<\/p>\r\n\r\n<\/div>\r\n<\/div>\r\n<!--end feature-->\r\n\r\n<\/div>\r\n<\/div>\r\n<!--end of row-->\r\n\r\n<\/div>\r\n<!--end of container-->\r\n\r\n<\/section><section class=\"text-center bg--secondary space--xxs\">\r\n<div class=\"container\">\r\n<div class=\"row\">\r\n<div class=\"col-sm-8 col-md-6\">\r\n<div class=\"cta\">\r\n\r\n<a class=\"btn type--uppercase inner-link btn--primary\" title=\"\" href=\"https:\/\/beta.fidealis.com\/it\/it\/iscrizione\" target=\"_blank\" rel=\"noopener\"><span class=\"btn__text\">Registrati subito<\/span> <\/a>\r\n<p class=\"type--fine-print\" style=\"margin-top: 0.03em; margin-bottom: 1.2em;\">Nessuna carta di credito richiesta.<\/p>\r\n\r\n<\/div>\r\n<\/div>\r\n<\/div>\r\n<!--end of row-->\r\n\r\n<\/div>\r\n<!--end of container-->\r\n\r\n<\/section><section class=\"text-justify space--xxs\">\r\n<div class=\"container\">\r\n<div class=\"row\">\r\n<div class=\"col-sm-6\">\r\n<div class=\"col-left-custom\">\r\n<h2 style=\"text-align: left;\">Prerogative del copyright<\/h2>\r\n<p class=\"lead\"><span style=\"font-weight: 400;\">Il copyright d\u00e0 al creatore di un'opera due tipi di privilegi: <\/span><\/p>\r\n\r\n<ul class=\"bullets\">\r\n \t<li class=\"lead li-blocked\"><b>Diritti patrimoniali<\/b><span style=\"font-weight: 400;\"><span style=\"font-weight: 400;\"> legati a un'opera, permettono all'autore di decidere le condizioni di sfruttamento e di ricevere una remunerazione in cambio. In Francia, la durata di questi diritti \u00e8 di <\/span><\/span><b>70 anni dopo la morte dell'autore<\/b><span style=\"font-weight: 400;\">.<\/span><\/li>\r\n \t<li class=\"lead li-blocked\"><b>Diritti morali<\/b><span style=\"font-weight: 400;\"> legati alla persona o all'autore e che d\u00e0 loro il diritto di opporsi alla divulgazione della propria opera senza previo consenso, richiederne il ritiro, rivendicarne la paternit\u00e0, e nel contempo il diritto al rispetto dell'integrit\u00e0 del proprio lavoro.<\/span><\/li>\r\n<\/ul>\r\n<h2 style=\"text-align: left;\">Tutela del Copyright<\/h2>\r\n<p class=\"lead\"><span style=\"font-weight: 400;\">Il diritto d'autore francese protegge l'opera originale dell'intelletto dalla data di creazione. Non \u00e8 richiesta alcuna registrazione o fissazione formale dell'opera. Qualsiasi opera creativa \u00e8 quindi protetta dal giorno della sua realizzazione in qualsiasi forma di espressione o genere, e il merito \u00e8 del suo autore o della sua destinazione.<\/span><\/p>\r\n\r\n<\/div>\r\n<\/div>\r\n<div class=\"col-sm-6\">\r\n<div class=\"col-right-custom\">\r\n<p class=\"lead\"><span style=\"font-weight: 400;\">Anche se non \u00e8 richiesta una registrazione formale per il copyright, <\/span><b>in caso di violazione bisogna essere in grado di fornire la prova del momento\/della data in cui \u00e8 stata creata l'opera<\/b><span style=\"font-weight: 400;\"><span style=\"font-weight: 400;\">, pertanto, \u00e8 essenziale registrare qualsiasi lavoro creativo.<\/span><\/span><\/p>\r\n\r\n<h2 style=\"text-align: left;\">Limiti del Copyright<\/h2>\r\n<p class=\"lead\"><span style=\"font-weight: 400;\">I diritti d'autore da soli non sono efficaci in caso di violazione, poich\u00e9 non mostrano la prova di paternit\u00e0 a partire da un tempo e una data specifici. Pertanto, \u00e8 meglio combinarlo con altre protezioni: diritti di design, marchio o copyright.<\/span><\/p>\r\n<p class=\"lead\"><a href=\"https:\/\/beta.fidealis.com\/it\/it\/la-proprieta-intellettuale\/il-diritto-dautore-in-francia-e-nel-mondo\/\"><b>Registrando un copyright<\/b><\/a><span style=\"font-weight: 400;\"> con Fidealis garantiamo l'immediata registrazione ufficiale del lavoro con un timestamp che <\/span><b>confermer\u00e0 la data<\/b><span style=\"font-weight: 400;\">.<\/span><\/p>\r\n<p class=\"lead\"><span style=\"font-weight: 400;\">Ad eccezione della prova della data di creazione necessaria per proteggere la vostra opera creativa, la protezione del copyright francese non \u00e8 automatica all'estero.<\/span><\/p>\r\n<p class=\"lead\">Registrando il copyright sul vostro lavoro, <b>la protezione a vita \u00e8 garantita in 177 paesi.<\/b><\/p>\r\n\r\n<\/div>\r\n<\/div>\r\n<div class=\"col-sm-6\"><\/div>\r\n<\/div>\r\n<!--end of row-->\r\n\r\n<\/div>\r\n<!--end of container-->\r\n\r\n<\/section><section class=\"unpad--bottom switchable cta cta-3 bg--secondary text-center\">\r\n<div class=\"container\">\r\n<div class=\"row\">\r\n<div class=\"col-sm-6 col-md-6\">\r\n<div class=\"switchable__text\">\r\n<h3><span style=\"color: #db3b29;\">Il Copyright non \u00e8 sufficiente, Fidealis protegge il vostro lavoro creativo<\/span><\/h3>\r\n<p class=\"lead\">La soluzione rivoluzionaria per la protezione dei disegni e delle collezioni, che combina firma elettronica, marcatura temporale e tecnologie blockchain. Le vostre creazioni sono istantaneamente certificate e archiviate in simultanea presso l'ufficiale giudiziario.<\/p>\r\n<a class=\"btn type--uppercase inner-link btn--primary\" title=\"\" href=\"https:\/\/beta.fidealis.com\/it\/it\/iscrizione\" target=\"_blank\" rel=\"noopener\"> <span class=\"btn__text\"> Iscriviti gratuitamente<\/span><span class=\"label\">senza cdc<\/span> <\/a>\r\n\r\n<\/div>\r\n<\/div>\r\n<div class=\"col-sm-6 col-md-5\"><img class=\"block\" src=\"https:\/\/beta.fidealis.com\/wp-content\/uploads\/2017\/04\/avatar-large-1.png\" alt=\"\" \/><\/div>\r\n<\/div>\r\n<!--end of row-->\r\n\r\n<\/div>\r\n<!--end of container-->\r\n\r\n<\/section>","protected":false},"excerpt":{"rendered":"<p>Copyright Il vostro deposito a partire da 95\u20ac La migliore soluzione online per il copyright Richiesta di contatto Il Copyright \u00e8 un&#8230;<\/p>\n","protected":false},"author":1,"featured_media":0,"parent":16710,"menu_order":0,"comment_status":"closed","ping_status":"closed","template":"","meta":{"_joinchat":[]},"yoast_head":"<!-- This site is optimized with the Yoast SEO plugin v20.3 - https:\/\/yoast.com\/wordpress\/plugins\/seo\/ -->\n<title>Propriet\u00e0 intellettuale: Cos&#039;\u00e8 il copyright?<\/title>\n<meta name=\"description\" content=\"Conferisce a un autore, o ai detentori dei loro diritti, il monopolio dello sfruttamento su un&#039;opera della mente. Dopo aver esaminato le prerogative conferite dal diritto d&#039;autore, passeremo alla protezione che offre all&#039;autore e ai suoi limiti.\" \/>\n<meta name=\"robots\" content=\"noindex, follow, max-snippet:-1, max-image-preview:large, max-video-preview:-1\" \/>\n<meta property=\"og:locale\" content=\"it_IT\" \/>\n<meta property=\"og:type\" content=\"article\" \/>\n<meta property=\"og:title\" content=\"Propriet\u00e0 intellettuale: Cos&#039;\u00e8 il copyright?\" \/>\n<meta property=\"og:description\" content=\"Conferisce a un autore, o ai detentori dei loro diritti, il monopolio dello sfruttamento su un&#039;opera della mente. Dopo aver esaminato le prerogative conferite dal diritto d&#039;autore, passeremo alla protezione che offre all&#039;autore e ai suoi limiti.\" \/>\n<meta property=\"og:url\" content=\"https:\/\/beta.fidealis.com\/it\/la-proprieta-intellettuale\/copyright\/\" \/>\n<meta property=\"og:site_name\" content=\"Fidealis\" \/>\n<meta property=\"article:publisher\" content=\"https:\/\/www.facebook.com\/Fidealis-573887362622849\/\" \/>\n<meta property=\"article:modified_time\" content=\"2021-08-10T07:13:17+00:00\" \/>\n<meta name=\"twitter:card\" content=\"summary_large_image\" \/>\n<script type=\"application\/ld+json\" class=\"yoast-schema-graph\">{\"@context\":\"https:\/\/schema.org\",\"@graph\":[{\"@type\":\"WebPage\",\"@id\":\"https:\/\/beta.fidealis.com\/it\/la-proprieta-intellettuale\/copyright\/\",\"url\":\"https:\/\/beta.fidealis.com\/it\/la-proprieta-intellettuale\/copyright\/\",\"name\":\"Propriet\u00e0 intellettuale: Cos'\u00e8 il copyright?\",\"isPartOf\":{\"@id\":\"https:\/\/beta.fidealis.com\/#website\"},\"datePublished\":\"2021-07-26T08:30:24+00:00\",\"dateModified\":\"2021-08-10T07:13:17+00:00\",\"description\":\"Conferisce a un autore, o ai detentori dei loro diritti, il monopolio dello sfruttamento su un'opera della mente. Dopo aver esaminato le prerogative conferite dal diritto d'autore, passeremo alla protezione che offre all'autore e ai suoi limiti.\",\"breadcrumb\":{\"@id\":\"https:\/\/beta.fidealis.com\/it\/la-proprieta-intellettuale\/copyright\/#breadcrumb\"},\"inLanguage\":\"it-IT\",\"potentialAction\":[{\"@type\":\"ReadAction\",\"target\":[\"https:\/\/beta.fidealis.com\/it\/la-proprieta-intellettuale\/copyright\/\"]}]},{\"@type\":\"BreadcrumbList\",\"@id\":\"https:\/\/beta.fidealis.com\/it\/la-proprieta-intellettuale\/copyright\/#breadcrumb\",\"itemListElement\":[{\"@type\":\"ListItem\",\"position\":1,\"name\":\"Accueil\",\"item\":\"https:\/\/beta.fidealis.com\/it\/\"},{\"@type\":\"ListItem\",\"position\":2,\"name\":\"La propriet\u00e0 intellettuale\",\"item\":\"https:\/\/beta.fidealis.com\/it\/la-proprieta-intellettuale\/\"},{\"@type\":\"ListItem\",\"position\":3,\"name\":\"Copyright\"}]},{\"@type\":\"WebSite\",\"@id\":\"https:\/\/beta.fidealis.com\/#website\",\"url\":\"https:\/\/beta.fidealis.com\/\",\"name\":\"Fidealis\",\"description\":\"Fidealis: vous cr\u00e9ez, nous prot\u00e9geons.\",\"publisher\":{\"@id\":\"https:\/\/beta.fidealis.com\/#organization\"},\"potentialAction\":[{\"@type\":\"SearchAction\",\"target\":{\"@type\":\"EntryPoint\",\"urlTemplate\":\"https:\/\/beta.fidealis.com\/?s={search_term_string}\"},\"query-input\":\"required name=search_term_string\"}],\"inLanguage\":\"it-IT\"},{\"@type\":\"Organization\",\"@id\":\"https:\/\/beta.fidealis.com\/#organization\",\"name\":\"Fidealis\",\"url\":\"https:\/\/beta.fidealis.com\/\",\"logo\":{\"@type\":\"ImageObject\",\"inLanguage\":\"it-IT\",\"@id\":\"https:\/\/beta.fidealis.com\/#\/schema\/logo\/image\/\",\"url\":\"https:\/\/www.fidealis.com\/wp-content\/uploads\/2018\/04\/logo-fidealis.png\",\"contentUrl\":\"https:\/\/www.fidealis.com\/wp-content\/uploads\/2018\/04\/logo-fidealis.png\",\"width\":525,\"height\":205,\"caption\":\"Fidealis\"},\"image\":{\"@id\":\"https:\/\/beta.fidealis.com\/#\/schema\/logo\/image\/\"},\"sameAs\":[\"https:\/\/www.facebook.com\/Fidealis-573887362622849\/\"]}]}<\/script>\n<!-- \/ Yoast SEO plugin. -->","yoast_head_json":{"title":"Propriet\u00e0 intellettuale: Cos'\u00e8 il copyright?","description":"Conferisce a un autore, o ai detentori dei loro diritti, il monopolio dello sfruttamento su un'opera della mente. Dopo aver esaminato le prerogative conferite dal diritto d'autore, passeremo alla protezione che offre all'autore e ai suoi limiti.","robots":{"index":"noindex","follow":"follow","max-snippet":"max-snippet:-1","max-image-preview":"max-image-preview:large","max-video-preview":"max-video-preview:-1"},"og_locale":"it_IT","og_type":"article","og_title":"Propriet\u00e0 intellettuale: Cos'\u00e8 il copyright?","og_description":"Conferisce a un autore, o ai detentori dei loro diritti, il monopolio dello sfruttamento su un'opera della mente. Dopo aver esaminato le prerogative conferite dal diritto d'autore, passeremo alla protezione che offre all'autore e ai suoi limiti.","og_url":"https:\/\/beta.fidealis.com\/it\/la-proprieta-intellettuale\/copyright\/","og_site_name":"Fidealis","article_publisher":"https:\/\/www.facebook.com\/Fidealis-573887362622849\/","article_modified_time":"2021-08-10T07:13:17+00:00","twitter_card":"summary_large_image","schema":{"@context":"https:\/\/schema.org","@graph":[{"@type":"WebPage","@id":"https:\/\/beta.fidealis.com\/it\/la-proprieta-intellettuale\/copyright\/","url":"https:\/\/beta.fidealis.com\/it\/la-proprieta-intellettuale\/copyright\/","name":"Propriet\u00e0 intellettuale: Cos'\u00e8 il copyright?","isPartOf":{"@id":"https:\/\/beta.fidealis.com\/#website"},"datePublished":"2021-07-26T08:30:24+00:00","dateModified":"2021-08-10T07:13:17+00:00","description":"Conferisce a un autore, o ai detentori dei loro diritti, il monopolio dello sfruttamento su un'opera della mente. Dopo aver esaminato le prerogative conferite dal diritto d'autore, passeremo alla protezione che offre all'autore e ai suoi limiti.","breadcrumb":{"@id":"https:\/\/beta.fidealis.com\/it\/la-proprieta-intellettuale\/copyright\/#breadcrumb"},"inLanguage":"it-IT","potentialAction":[{"@type":"ReadAction","target":["https:\/\/beta.fidealis.com\/it\/la-proprieta-intellettuale\/copyright\/"]}]},{"@type":"BreadcrumbList","@id":"https:\/\/beta.fidealis.com\/it\/la-proprieta-intellettuale\/copyright\/#breadcrumb","itemListElement":[{"@type":"ListItem","position":1,"name":"Accueil","item":"https:\/\/beta.fidealis.com\/it\/"},{"@type":"ListItem","position":2,"name":"La propriet\u00e0 intellettuale","item":"https:\/\/beta.fidealis.com\/it\/la-proprieta-intellettuale\/"},{"@type":"ListItem","position":3,"name":"Copyright"}]},{"@type":"WebSite","@id":"https:\/\/beta.fidealis.com\/#website","url":"https:\/\/beta.fidealis.com\/","name":"Fidealis","description":"Fidealis: vous cr\u00e9ez, nous prot\u00e9geons.","publisher":{"@id":"https:\/\/beta.fidealis.com\/#organization"},"potentialAction":[{"@type":"SearchAction","target":{"@type":"EntryPoint","urlTemplate":"https:\/\/beta.fidealis.com\/?s={search_term_string}"},"query-input":"required name=search_term_string"}],"inLanguage":"it-IT"},{"@type":"Organization","@id":"https:\/\/beta.fidealis.com\/#organization","name":"Fidealis","url":"https:\/\/beta.fidealis.com\/","logo":{"@type":"ImageObject","inLanguage":"it-IT","@id":"https:\/\/beta.fidealis.com\/#\/schema\/logo\/image\/","url":"https:\/\/www.fidealis.com\/wp-content\/uploads\/2018\/04\/logo-fidealis.png","contentUrl":"https:\/\/www.fidealis.com\/wp-content\/uploads\/2018\/04\/logo-fidealis.png","width":525,"height":205,"caption":"Fidealis"},"image":{"@id":"https:\/\/beta.fidealis.com\/#\/schema\/logo\/image\/"},"sameAs":["https:\/\/www.facebook.com\/Fidealis-573887362622849\/"]}]}},"_links":{"self":[{"href":"https:\/\/beta.fidealis.com\/it\/wp-json\/wp\/v2\/pages\/16748"}],"collection":[{"href":"https:\/\/beta.fidealis.com\/it\/wp-json\/wp\/v2\/pages"}],"about":[{"href":"https:\/\/beta.fidealis.com\/it\/wp-json\/wp\/v2\/types\/page"}],"author":[{"embeddable":true,"href":"https:\/\/beta.fidealis.com\/it\/wp-json\/wp\/v2\/users\/1"}],"replies":[{"embeddable":true,"href":"https:\/\/beta.fidealis.com\/it\/wp-json\/wp\/v2\/comments?post=16748"}],"version-history":[{"count":3,"href":"https:\/\/beta.fidealis.com\/it\/wp-json\/wp\/v2\/pages\/16748\/revisions"}],"predecessor-version":[{"id":16937,"href":"https:\/\/beta.fidealis.com\/it\/wp-json\/wp\/v2\/pages\/16748\/revisions\/16937"}],"up":[{"embeddable":true,"href":"https:\/\/beta.fidealis.com\/it\/wp-json\/wp\/v2\/pages\/16710"}],"wp:attachment":[{"href":"https:\/\/beta.fidealis.com\/it\/wp-json\/wp\/v2\/media?parent=16748"}],"curies":[{"name":"wp","href":"https:\/\/api.w.org\/{rel}","templated":true}]}}