{"id":16749,"date":"2021-07-26T10:33:44","date_gmt":"2021-07-26T08:33:44","guid":{"rendered":"https:\/\/www.fidealis.com\/la-proprieta-intellettuale\/diritto-della-proprieta-industriale\/"},"modified":"2021-08-10T09:15:57","modified_gmt":"2021-08-10T07:15:57","slug":"diritto-della-proprieta-industriale","status":"publish","type":"page","link":"https:\/\/beta.fidealis.com\/it\/la-proprieta-intellettuale\/diritto-della-proprieta-industriale\/","title":{"rendered":"Diritto della propriet\u00e0 industriale"},"content":{"rendered":"<section class=\"cover imagebg text-center height-60 section--ken-burns\" data-overlay=\"4\">\r\n<div class=\"background-image-holder\"><img src=\"https:\/\/beta.fidealis.com\/wp-content\/uploads\/2018\/06\/prot\u00e9ger-cr\u00e9ations-industriels.jpg\" alt=\"\" \/><\/div>\r\n<div class=\"container pos-vertical-center\">\r\n<div class=\"row\">\r\n<div class=\"col-sm-8 col-md-9\">\r\n<h1>Diritti della propriet\u00e0 industriale<\/h1>\r\n<\/div>\r\n<\/div>\r\n<!--end of row-->\r\n\r\n<\/div>\r\n<!--end of container-->\r\n\r\n<\/section><section class=\"bg--secondary space--xxs\">\r\n<div class=\"container\">\r\n<div class=\"row\">\r\n<div class=\"cta cta--horizontal text-center-xs\">\r\n<div class=\"col-sm-4\">\r\n<h4>Il vostro deposito a partire da 95\u20ac<\/h4>\r\n<\/div>\r\n<div class=\"col-sm-5\">\r\n<p class=\"lead\">La soluzione ideale per i diritti di propriet\u00e0 industriale<\/p>\r\n\r\n<\/div>\r\n<div class=\"col-sm-3 text-right text-center-xs\"><a class=\"btn btn--primary type--uppercase\" title=\"\" href=\"https:\/\/beta.fidealis.com\/it\/chi-siamo\/contattaci\/\" target=\"\" rel=\"\"> <span class=\"btn__text\">Richiesta di contatto<\/span> <\/a><\/div>\r\n<\/div>\r\n<\/div>\r\n<!--end of row-->\r\n\r\n<\/div>\r\n<!--end of container-->\r\n\r\n<\/section><section class=\"switchable feature-large space--xxs text-justify\">\r\n<div class=\"container\">\r\n<div class=\"row\">\r\n<div class=\"col-sm-6 col-md-6\">\r\n<div class=\"switchable__text\">\r\n<p class=\"lead\"><span style=\"color: #000000;\"><span style=\"font-weight: 400;\">La propriet\u00e0 industriale \u00e8 uno dei due dipartimenti della <a href=\"https:\/\/beta.fidealis.com\/it\/it\/la-proprieta-intellettuale\/\">propriet\u00e0 intellettuale<\/a>. Lo scopo del diritto della propriet\u00e0 industriale \u00e8 di proteggere le invenzioni e il lavoro creativo industriale o commerciale. La propriet\u00e0 industriale \u00e8 diventata uno strumento economico e strategico fondamentale per qualsiasi imprenditore.<\/span><\/span><\/p>\r\n\r\n<h2><span style=\"font-weight: 400;\">Propriet\u00e0 industriale: <span style=\"color: #e03a2b;\">Definizione<\/span><\/span><\/h2>\r\n<p class=\"lead\"><span style=\"color: #000000;\">In Francia, i diritti di propriet\u00e0 industriale garantiscono al loro titolare un monopolio di sfruttamento. I brevetti riguardano le invenzioni tecniche, i disegni per le creazioni estetiche e i marchi o le indicazioni geografiche per i segni distintivi.<\/span><\/p>\r\n\r\n<\/div>\r\n<\/div>\r\n<div class=\"col-sm-5\">\r\n<div class=\"boxed boxed--lg boxed--border\">\r\n<div class=\"feature feature-2\"><i class=\"icon color--primary icon-Libra-2\"><\/i>\r\n<div class=\"feature__body\">\r\n<h5>Prova riconosciuta in tribunale<\/h5>\r\n<p>Riconosciuti dai tribunali del mondo<\/p>\r\n\r\n<\/div>\r\n<\/div>\r\n<!--end feature-->\r\n<div class=\"feature feature-2\"><i class=\"icon color--primary icon-Security-Check\"><\/i>\r\n<div class=\"feature__body\">\r\n<h5>Certificato dell'ufficiale giudiziario valido a vita<\/h5>\r\n<p>Costituisce in una prova valida a vita<\/p>\r\n\r\n<\/div>\r\n<\/div>\r\n<div class=\"feature feature-2\"><i class=\"icon color--primary icon-Font-Window\"><\/i>\r\n<div class=\"feature__body\">\r\n<h5>Il vostro certificato disponibile in 11 lingue<\/h5>\r\n<p style=\"text-align: left;\">Avrete i vostri depositi in inglese, francese, italiano, cinese, tedesco, portoghese, arabo, spagnolo, coreano, giapponese e russo.<\/p>\r\n\r\n<\/div>\r\n<\/div>\r\n<!--end feature-->\r\n<div class=\"feature feature-2\"><i class=\"icon color--primary icon-Windows-2\"><\/i>\r\n<div class=\"feature__body\">\r\n<h5>Le tue prove disponibili 24\/7<\/h5>\r\n<p>Ricevuta di deposito disponibile online 24\/7.<\/p>\r\n\r\n<\/div>\r\n<\/div>\r\n<!--end feature-->\r\n\r\n<\/div>\r\n<\/div>\r\n<\/div>\r\n<!--end of row-->\r\n\r\n<\/div>\r\n<!--end of container-->\r\n\r\n<\/section><section class=\"bg--secondary text-center space--xxs\">\r\n<div class=\"container\">\r\n<div class=\"row\">\r\n<div class=\"col-sm-12\">\r\n<h2 class=\"addtoppad\">Fidealis, il vostro partner nella protezione della propriet\u00e0 industriale<\/h2>\r\n<\/div>\r\n<\/div>\r\n<!--end of row-->\r\n\r\n<\/div>\r\n<!--end of container-->\r\n\r\n<\/section><section class=\"bg--secondary space--xs\">\r\n<div class=\"container\">\r\n<div class=\"row\">\r\n<div class=\"col-sm-4\">\r\n<div class=\"feature feature-2 boxed boxed--border\"><i class=\"icon color--primary icon-Checked-User\"><\/i>\r\n<div class=\"feature__body\">\r\n<p style=\"text-align: center;\"><span class=\"h1 h1--medium\" style=\"color: #d93d3d;\">1.<\/span><\/p>\r\n\r\n<h4 style=\"text-align: center;\">Registrazione<\/h4>\r\n<p style=\"text-align: center;\">Iscriviti gratuitamente.<br>\r\nNessun pagamento verr\u00e0 richiesto.<\/p>\r\n\r\n<\/div>\r\n<\/div>\r\n<!--end feature-->\r\n\r\n<\/div>\r\n<div class=\"col-sm-4\">\r\n<div class=\"feature feature-2 boxed boxed--border\"><i class=\"icon color--primary icon-Security-Settings\"><\/i>\r\n<div class=\"feature__body\">\r\n<p style=\"text-align: center;\"><span class=\"h1 h1--medium\" style=\"color: #d93d3d;\">2.<\/span><\/p>\r\n\r\n<h4 style=\"text-align: center;\">Assistenza<\/h4>\r\n<p style=\"text-align: center;\">Scegli un'offerta adatta alle tue esigenze con l'aiuto di uno dei nostri consulenti.<\/p>\r\n\r\n<\/div>\r\n<\/div>\r\n<!--end feature-->\r\n\r\n<\/div>\r\n<div class=\"col-sm-4\">\r\n<div class=\"feature feature-2 boxed boxed--border\"><i class=\"icon color--primary icon-Security-Check\"><\/i>\r\n<div class=\"feature__body\">\r\n<p style=\"text-align: center;\"><span class=\"h1 h1--medium\" style=\"color: #d93d3d;\">3.<\/span><\/p>\r\n\r\n<h4 style=\"text-align: center;\">Tutela<\/h4>\r\n<p style=\"text-align: center;\">Deposita le tue creazioni online.<br>\r\nSei protetto!<\/p>\r\n\r\n<\/div>\r\n<\/div>\r\n<!--end feature-->\r\n\r\n<\/div>\r\n<\/div>\r\n<!--end of row-->\r\n\r\n<\/div>\r\n<!--end of container-->\r\n\r\n<\/section><section class=\"text-center bg--secondary space--xxs\">\r\n<div class=\"container\">\r\n<div class=\"row\">\r\n<div class=\"col-sm-8 col-md-6\">\r\n<div class=\"cta\">\r\n\r\n<a class=\"btn type--uppercase inner-link btn--primary\" title=\"\" href=\"https:\/\/beta.fidealis.com\/it\/it\/iscrizione\" target=\"_blank\" rel=\"noopener\"><span class=\"btn__text\">Registrati subito<\/span> <\/a>\r\n<p class=\"type--fine-print\" style=\"margin-top: 0.03em; margin-bottom: 1.2em;\">Nessuna carta di credito richiesta.<\/p>\r\n\r\n<\/div>\r\n<\/div>\r\n<\/div>\r\n<!--end of row-->\r\n\r\n<\/div>\r\n<!--end of container-->\r\n\r\n<\/section><section class=\"text-justify space--xxs\">\r\n<div class=\"container\">\r\n<div class=\"row\">\r\n<div class=\"col-sm-6\">\r\n<div class=\"col-left-custom\">\r\n<h2 style=\"text-align: left;\">Brevetti per <span style=\"color: #e03a2b;\">invenzioni tecniche<\/span><\/h2>\r\n<p class=\"lead\"><span style=\"font-weight: 400;\">I brevetti proteggono le innovazioni tecniche. Questi diritti coprono due aree<\/span><span style=\"font-weight: 400;\">: <\/span><\/p>\r\n\r\n<ul class=\"bullets\">\r\n \t<li class=\"lead li-blocked\">L'inventore dando diritti esclusivi di sfruttamento commerciale su un'invenzione, ma per un periodo limitato di 20 anni.<\/li>\r\n \t<li class=\"lead li-blocked\">L'invenzione permettendo la sua divulgazione, che contribuir\u00e0 a migliorare la tecnica.<\/li>\r\n<\/ul>\r\n<p class=\"lead\">Per essere protetta da un brevetto, tuttavia, l'invenzione deve soddisfare le tre seguenti condizioni:<\/p>\r\n\r\n<ul class=\"bullets\">\r\n \t<li class=\"lead li-blocked\">Essere inedito: non deve essere stato diffuso al pubblico prima del deposito.<\/li>\r\n \t<li class=\"lead li-blocked\">Essere idoneo all'applicazione industriale: deve poter essere fabbricato o utilizzato.<\/li>\r\n \t<li class=\"lead li-blocked\">Essere innovativo: il passo tecnico non dovrebbe essere palese per le persone del settore.<\/li>\r\n<\/ul>\r\n<\/div>\r\n<\/div>\r\n<div class=\"col-sm-6\">\r\n<div class=\"col-right-custom\">\r\n<h2 style=\"text-align: left;\">Tutela di <span style=\"color: #e03a2b;\">creazioni estetiche<\/span><\/h2>\r\n<p class=\"lead\"><span style=\"font-weight: 400;\"><a href=\"https:\/\/beta.fidealis.com\/it\/it\/la-proprieta-intellettuale\/diritto-della-proprieta-industriale\/protezione-di-design\/\">Il titolo di design relativo a disegni e modelli<\/a> protegge l'aspetto di un prodotto industriale e non la sua funzionalit\u00e0. La protezione pu\u00f2 applicarsi a tutto il prodotto o solo ad una parte di esso e potrebbe essere, per esempio, il disegno di un elemento di arredo. Conferisce un <b>diritto esclusivo di sfruttamento sul territorio francese<\/b> per un periodo minimo di 5 anni, che pu\u00f2 essere esteso in incrementi di cinque anni, fino ad un massimo di 25 anni<\/span><span style=\"font-weight: 400;\">.<\/span><\/p>\r\n\r\n<h2><span style=\"color: #e03a2b;\">Marchio<\/span> come segno distintivo.<\/h2>\r\n<p class=\"lead\"><span style=\"font-weight: 400;\">Nel diritto della propriet\u00e0 industriale, un <strong>marchio<\/strong> \u00e8 un segno distintivo e permette di ottenere l'esclusivit\u00e0 di sfruttamento sul territorio francese per un periodo di 10 anni, rinnovabile indefinitamente. Ecco alcuni esempi di ci\u00f2 che pu\u00f2 essere <\/span><span style=\"font-weight: 400;\"><a href=\"https:\/\/beta.fidealis.com\/it\/it\/la-proprieta-intellettuale\/diritto-della-proprieta-industriale\/proteggere-il-nome-della-vostra-azienda-nome-aziendale-nome-commerciale-e-logo\/\">registrato come marchio<\/a>:<span style=\"font-weight: 400;\"> parola, nome, slogan, numeri, lettere, disegno, logo, o segnale acustico a condizione che possa essere rappresentato graficamente, per esempio da un pentagramma musicale.<\/span><\/span><\/p>\r\n<p class=\"lead\"><b>Un'indicazione geografica<\/b><span style=\"font-weight: 400;\"> serve a determinare l'origine e la qualit\u00e0 dei prodotti. Pu\u00f2 essere utilizzata da tutti i produttori i cui prodotti provengono dal luogo designato.<\/span><\/p>\r\n\r\n<\/div>\r\n<\/div>\r\n<div class=\"col-sm-6\"><\/div>\r\n<\/div>\r\n<!--end of row-->\r\n\r\n<\/div>\r\n<!--end of container-->\r\n\r\n<\/section><section class=\"unpad--bottom switchable cta cta-3 bg--secondary text-center\">\r\n<div class=\"container\">\r\n<div class=\"row\">\r\n<div class=\"col-sm-6 col-md-5\">\r\n<div class=\"switchable__text\">\r\n<h3><span style=\"color: #db3b29;\">Proteggete la vostra propriet\u00e0 industriale con Fidealis al vostro fianco.<\/span><\/h3>\r\n<p class=\"lead\">La soluzione rivoluzionaria per la protezione dei disegni e delle collezioni, che combina firma elettronica, marcatura temporale e tecnologia blockchain. Le vostre creazioni sono istantaneamente certificate e archiviate in simultanea presso l'ufficiale giudiziario.<\/p>\r\n<a class=\"btn type--uppercase inner-link btn--primary\" title=\"\" href=\"https:\/\/beta.fidealis.com\/it\/it\/iscrizione\" target=\"_blank\" rel=\"noopener\"> <span class=\"btn__text\"> Registrati subito<\/span><span class=\"label\">senza cdc<\/span> <\/a>\r\n\r\n<\/div>\r\n<\/div>\r\n<div class=\"col-sm-6 col-md-5\"><img class=\"block\" src=\"https:\/\/beta.fidealis.com\/wp-content\/uploads\/2018\/08\/Le-droit-de-la-propri\u00e9t\u00e9-industrielle.png\" alt=\"D\u00e9p\u00f4t et copyright en propri\u00e9t\u00e9 intellectuelle\" \/><\/div>\r\n<\/div>\r\n<!--end of row-->\r\n\r\n<\/div>\r\n<!--end of container-->\r\n\r\n<\/section>","protected":false},"excerpt":{"rendered":"<p>Diritti della propriet\u00e0 industriale Il vostro deposito a partire da 95\u20ac La soluzione ideale per i diritti di propriet\u00e0 industriale Richiesta di&#8230;<\/p>\n","protected":false},"author":1,"featured_media":0,"parent":16710,"menu_order":0,"comment_status":"closed","ping_status":"closed","template":"","meta":{"_joinchat":[]},"yoast_head":"<!-- This site is optimized with the Yoast SEO plugin v20.3 - https:\/\/yoast.com\/wordpress\/plugins\/seo\/ -->\n<title>Propriet\u00e0 intellettuale: Cos&#039;\u00e8 la propriet\u00e0 industriale?<\/title>\n<meta name=\"description\" content=\"La propriet\u00e0 industriale \u00e8 uno dei due settori della propriet\u00e0 intellettuale. Lo scopo del diritto della propriet\u00e0 industriale \u00e8 quello di proteggere le invenzioni e le opere creative industriali o commerciali. Fidealis vi illustra di cosa si tratta.\" \/>\n<meta name=\"robots\" content=\"noindex, follow, max-snippet:-1, max-image-preview:large, max-video-preview:-1\" \/>\n<meta property=\"og:locale\" content=\"it_IT\" \/>\n<meta property=\"og:type\" content=\"article\" \/>\n<meta property=\"og:title\" content=\"Propriet\u00e0 intellettuale: Cos&#039;\u00e8 la propriet\u00e0 industriale?\" \/>\n<meta property=\"og:description\" content=\"La propriet\u00e0 industriale \u00e8 uno dei due settori della propriet\u00e0 intellettuale. Lo scopo del diritto della propriet\u00e0 industriale \u00e8 quello di proteggere le invenzioni e le opere creative industriali o commerciali. Fidealis vi illustra di cosa si tratta.\" \/>\n<meta property=\"og:url\" content=\"https:\/\/beta.fidealis.com\/it\/la-proprieta-intellettuale\/diritto-della-proprieta-industriale\/\" \/>\n<meta property=\"og:site_name\" content=\"Fidealis\" \/>\n<meta property=\"article:publisher\" content=\"https:\/\/www.facebook.com\/Fidealis-573887362622849\/\" \/>\n<meta property=\"article:modified_time\" content=\"2021-08-10T07:15:57+00:00\" \/>\n<meta name=\"twitter:card\" content=\"summary_large_image\" \/>\n<script type=\"application\/ld+json\" class=\"yoast-schema-graph\">{\"@context\":\"https:\/\/schema.org\",\"@graph\":[{\"@type\":\"WebPage\",\"@id\":\"https:\/\/beta.fidealis.com\/it\/la-proprieta-intellettuale\/diritto-della-proprieta-industriale\/\",\"url\":\"https:\/\/beta.fidealis.com\/it\/la-proprieta-intellettuale\/diritto-della-proprieta-industriale\/\",\"name\":\"Propriet\u00e0 intellettuale: Cos'\u00e8 la propriet\u00e0 industriale?\",\"isPartOf\":{\"@id\":\"https:\/\/beta.fidealis.com\/#website\"},\"datePublished\":\"2021-07-26T08:33:44+00:00\",\"dateModified\":\"2021-08-10T07:15:57+00:00\",\"description\":\"La propriet\u00e0 industriale \u00e8 uno dei due settori della propriet\u00e0 intellettuale. Lo scopo del diritto della propriet\u00e0 industriale \u00e8 quello di proteggere le invenzioni e le opere creative industriali o commerciali. Fidealis vi illustra di cosa si tratta.\",\"breadcrumb\":{\"@id\":\"https:\/\/beta.fidealis.com\/it\/la-proprieta-intellettuale\/diritto-della-proprieta-industriale\/#breadcrumb\"},\"inLanguage\":\"it-IT\",\"potentialAction\":[{\"@type\":\"ReadAction\",\"target\":[\"https:\/\/beta.fidealis.com\/it\/la-proprieta-intellettuale\/diritto-della-proprieta-industriale\/\"]}]},{\"@type\":\"BreadcrumbList\",\"@id\":\"https:\/\/beta.fidealis.com\/it\/la-proprieta-intellettuale\/diritto-della-proprieta-industriale\/#breadcrumb\",\"itemListElement\":[{\"@type\":\"ListItem\",\"position\":1,\"name\":\"Accueil\",\"item\":\"https:\/\/beta.fidealis.com\/it\/\"},{\"@type\":\"ListItem\",\"position\":2,\"name\":\"La propriet\u00e0 intellettuale\",\"item\":\"https:\/\/beta.fidealis.com\/it\/la-proprieta-intellettuale\/\"},{\"@type\":\"ListItem\",\"position\":3,\"name\":\"Diritto della propriet\u00e0 industriale\"}]},{\"@type\":\"WebSite\",\"@id\":\"https:\/\/beta.fidealis.com\/#website\",\"url\":\"https:\/\/beta.fidealis.com\/\",\"name\":\"Fidealis\",\"description\":\"Fidealis: vous cr\u00e9ez, nous prot\u00e9geons.\",\"publisher\":{\"@id\":\"https:\/\/beta.fidealis.com\/#organization\"},\"potentialAction\":[{\"@type\":\"SearchAction\",\"target\":{\"@type\":\"EntryPoint\",\"urlTemplate\":\"https:\/\/beta.fidealis.com\/?s={search_term_string}\"},\"query-input\":\"required name=search_term_string\"}],\"inLanguage\":\"it-IT\"},{\"@type\":\"Organization\",\"@id\":\"https:\/\/beta.fidealis.com\/#organization\",\"name\":\"Fidealis\",\"url\":\"https:\/\/beta.fidealis.com\/\",\"logo\":{\"@type\":\"ImageObject\",\"inLanguage\":\"it-IT\",\"@id\":\"https:\/\/beta.fidealis.com\/#\/schema\/logo\/image\/\",\"url\":\"https:\/\/www.fidealis.com\/wp-content\/uploads\/2018\/04\/logo-fidealis.png\",\"contentUrl\":\"https:\/\/www.fidealis.com\/wp-content\/uploads\/2018\/04\/logo-fidealis.png\",\"width\":525,\"height\":205,\"caption\":\"Fidealis\"},\"image\":{\"@id\":\"https:\/\/beta.fidealis.com\/#\/schema\/logo\/image\/\"},\"sameAs\":[\"https:\/\/www.facebook.com\/Fidealis-573887362622849\/\"]}]}<\/script>\n<!-- \/ Yoast SEO plugin. -->","yoast_head_json":{"title":"Propriet\u00e0 intellettuale: Cos'\u00e8 la propriet\u00e0 industriale?","description":"La propriet\u00e0 industriale \u00e8 uno dei due settori della propriet\u00e0 intellettuale. Lo scopo del diritto della propriet\u00e0 industriale \u00e8 quello di proteggere le invenzioni e le opere creative industriali o commerciali. Fidealis vi illustra di cosa si tratta.","robots":{"index":"noindex","follow":"follow","max-snippet":"max-snippet:-1","max-image-preview":"max-image-preview:large","max-video-preview":"max-video-preview:-1"},"og_locale":"it_IT","og_type":"article","og_title":"Propriet\u00e0 intellettuale: Cos'\u00e8 la propriet\u00e0 industriale?","og_description":"La propriet\u00e0 industriale \u00e8 uno dei due settori della propriet\u00e0 intellettuale. Lo scopo del diritto della propriet\u00e0 industriale \u00e8 quello di proteggere le invenzioni e le opere creative industriali o commerciali. Fidealis vi illustra di cosa si tratta.","og_url":"https:\/\/beta.fidealis.com\/it\/la-proprieta-intellettuale\/diritto-della-proprieta-industriale\/","og_site_name":"Fidealis","article_publisher":"https:\/\/www.facebook.com\/Fidealis-573887362622849\/","article_modified_time":"2021-08-10T07:15:57+00:00","twitter_card":"summary_large_image","schema":{"@context":"https:\/\/schema.org","@graph":[{"@type":"WebPage","@id":"https:\/\/beta.fidealis.com\/it\/la-proprieta-intellettuale\/diritto-della-proprieta-industriale\/","url":"https:\/\/beta.fidealis.com\/it\/la-proprieta-intellettuale\/diritto-della-proprieta-industriale\/","name":"Propriet\u00e0 intellettuale: Cos'\u00e8 la propriet\u00e0 industriale?","isPartOf":{"@id":"https:\/\/beta.fidealis.com\/#website"},"datePublished":"2021-07-26T08:33:44+00:00","dateModified":"2021-08-10T07:15:57+00:00","description":"La propriet\u00e0 industriale \u00e8 uno dei due settori della propriet\u00e0 intellettuale. Lo scopo del diritto della propriet\u00e0 industriale \u00e8 quello di proteggere le invenzioni e le opere creative industriali o commerciali. Fidealis vi illustra di cosa si tratta.","breadcrumb":{"@id":"https:\/\/beta.fidealis.com\/it\/la-proprieta-intellettuale\/diritto-della-proprieta-industriale\/#breadcrumb"},"inLanguage":"it-IT","potentialAction":[{"@type":"ReadAction","target":["https:\/\/beta.fidealis.com\/it\/la-proprieta-intellettuale\/diritto-della-proprieta-industriale\/"]}]},{"@type":"BreadcrumbList","@id":"https:\/\/beta.fidealis.com\/it\/la-proprieta-intellettuale\/diritto-della-proprieta-industriale\/#breadcrumb","itemListElement":[{"@type":"ListItem","position":1,"name":"Accueil","item":"https:\/\/beta.fidealis.com\/it\/"},{"@type":"ListItem","position":2,"name":"La propriet\u00e0 intellettuale","item":"https:\/\/beta.fidealis.com\/it\/la-proprieta-intellettuale\/"},{"@type":"ListItem","position":3,"name":"Diritto della propriet\u00e0 industriale"}]},{"@type":"WebSite","@id":"https:\/\/beta.fidealis.com\/#website","url":"https:\/\/beta.fidealis.com\/","name":"Fidealis","description":"Fidealis: vous cr\u00e9ez, nous prot\u00e9geons.","publisher":{"@id":"https:\/\/beta.fidealis.com\/#organization"},"potentialAction":[{"@type":"SearchAction","target":{"@type":"EntryPoint","urlTemplate":"https:\/\/beta.fidealis.com\/?s={search_term_string}"},"query-input":"required name=search_term_string"}],"inLanguage":"it-IT"},{"@type":"Organization","@id":"https:\/\/beta.fidealis.com\/#organization","name":"Fidealis","url":"https:\/\/beta.fidealis.com\/","logo":{"@type":"ImageObject","inLanguage":"it-IT","@id":"https:\/\/beta.fidealis.com\/#\/schema\/logo\/image\/","url":"https:\/\/www.fidealis.com\/wp-content\/uploads\/2018\/04\/logo-fidealis.png","contentUrl":"https:\/\/www.fidealis.com\/wp-content\/uploads\/2018\/04\/logo-fidealis.png","width":525,"height":205,"caption":"Fidealis"},"image":{"@id":"https:\/\/beta.fidealis.com\/#\/schema\/logo\/image\/"},"sameAs":["https:\/\/www.facebook.com\/Fidealis-573887362622849\/"]}]}},"_links":{"self":[{"href":"https:\/\/beta.fidealis.com\/it\/wp-json\/wp\/v2\/pages\/16749"}],"collection":[{"href":"https:\/\/beta.fidealis.com\/it\/wp-json\/wp\/v2\/pages"}],"about":[{"href":"https:\/\/beta.fidealis.com\/it\/wp-json\/wp\/v2\/types\/page"}],"author":[{"embeddable":true,"href":"https:\/\/beta.fidealis.com\/it\/wp-json\/wp\/v2\/users\/1"}],"replies":[{"embeddable":true,"href":"https:\/\/beta.fidealis.com\/it\/wp-json\/wp\/v2\/comments?post=16749"}],"version-history":[{"count":3,"href":"https:\/\/beta.fidealis.com\/it\/wp-json\/wp\/v2\/pages\/16749\/revisions"}],"predecessor-version":[{"id":16938,"href":"https:\/\/beta.fidealis.com\/it\/wp-json\/wp\/v2\/pages\/16749\/revisions\/16938"}],"up":[{"embeddable":true,"href":"https:\/\/beta.fidealis.com\/it\/wp-json\/wp\/v2\/pages\/16710"}],"wp:attachment":[{"href":"https:\/\/beta.fidealis.com\/it\/wp-json\/wp\/v2\/media?parent=16749"}],"curies":[{"name":"wp","href":"https:\/\/api.w.org\/{rel}","templated":true}]}}