{"id":16750,"date":"2021-07-26T10:34:23","date_gmt":"2021-07-26T08:34:23","guid":{"rendered":"https:\/\/www.fidealis.com\/la-proprieta-intellettuale\/diritto-della-proprieta-industriale\/protezione-di-design\/"},"modified":"2021-08-10T09:24:26","modified_gmt":"2021-08-10T07:24:26","slug":"protezione-di-design","status":"publish","type":"page","link":"https:\/\/beta.fidealis.com\/it\/la-proprieta-intellettuale\/diritto-della-proprieta-industriale\/protezione-di-design\/","title":{"rendered":"Protezione di design"},"content":{"rendered":"<section class=\"cover imagebg text-center height-60 section--ken-burns\" data-overlay=\"4\">\r\n<div class=\"background-image-holder\"><img src=\"https:\/\/beta.fidealis.com\/wp-content\/uploads\/2018\/07\/La-protection-des-dessins-et-mod\u00e8les.jpg\" alt=\"\" \/><\/div>\r\n<div class=\"container pos-vertical-center\">\r\n<div class=\"row\">\r\n<div class=\"col-sm-8 col-md-9\">\r\n<h1>Tutela dei disegni<\/h1>\r\n<\/div>\r\n<\/div>\r\n<!--end of row-->\r\n\r\n<\/div>\r\n<!--end of container-->\r\n\r\n<\/section><section class=\"bg--secondary space--xxs\">\r\n<div class=\"container\">\r\n<div class=\"row\">\r\n<div class=\"cta cta--horizontal text-center-xs\">\r\n<div class=\"col-sm-4\">\r\n<h4>Il vostro deposito a partire da 95\u20ac<\/h4>\r\n<\/div>\r\n<div class=\"col-sm-5\">\r\n<p class=\"lead\">Soluzione per la protezione dei disegni e modelli<\/p>\r\n\r\n<\/div>\r\n<div class=\"col-sm-3 text-right text-center-xs\"><a class=\"btn btn--primary type--uppercase\" title=\"\" href=\"https:\/\/beta.fidealis.com\/it\/it\/chi-siamo\/contattaci\/\" target=\"\" rel=\"\"> <span class=\"btn__text\">Richiesta di contatto<\/span> <\/a><\/div>\r\n<\/div>\r\n<\/div>\r\n<!--end of row-->\r\n\r\n<\/div>\r\n<!--end of container-->\r\n\r\n<\/section><section class=\"switchable feature-large space--xxs text-justify\">\r\n<div class=\"container\">\r\n<div class=\"row\">\r\n<div class=\"col-sm-6 col-md-6\">\r\n<div class=\"switchable__text\">\r\n<p class=\"lead\">La creazione di un prodotto che sia allo stesso tempo funzionale e accattivante \u00e8 di una importanza fondamentale per le aziende. L'aspetto di un prodotto non solo gli permette di distinguersi dalla concorrenza, ma anche di affascinare il consumatore. Questo aspetto dovrebbe quindi essere protetto. La legislazione sulla protezione del design \u00e8 stata oramai integrata nel contesto del <a href=\"https:\/\/beta.fidealis.com\/it\/it\/la-proprieta-intellettuale\/diritto-della-proprieta-industriale\/\">diritto della propriet\u00e0 industriale<\/a>.<\/p>\r\n\r\n<h2>Definizione di legge sul design<\/h2>\r\n<p class=\"lead\">Il Codice della Propriet\u00e0 Intellettuale, <a href=\"https:\/\/www.legifrance.gouv.fr\/affichCodeArticle.do?cidTexte=LEGITEXT000006069414&idArticle=LEGIARTI000006279305&dateTexte=&categorieLien=cid\" target=\"_blank\" rel=\"noopener\">all'articolo L 511-1<\/a>, definisce i disegni c<i>ome \"l'aspetto di un prodotto, o di una parte di prodotto, caratterizzato in particolare dalle sue linee, contorni, colori, forma, struttura o materiali. Queste caratteristiche possono essere quelle del prodotto stesso o del suo ornamento\".<\/i><\/p>\r\n<p class=\"lead\">Quando l'aspetto di questi prodotti ha elementi grafici bidimensionali, si chiamano disegni. Quando invece sono tridimensionali, si chiamano modelli.<\/p>\r\n\r\n<\/div>\r\n<\/div>\r\n<div class=\"col-sm-5\">\r\n<div class=\"boxed boxed--lg boxed--border\">\r\n<div class=\"feature feature-2\"> <i class=\"icon color--primary icon-Libra-2\"><\/i>\r\n<div class=\"feature__body\">\r\n<h5>Prova riconosciuta in tribunale<\/h5>\r\n<p>Riconosciuti dai tribunali del mondo<\/p>\r\n\r\n<\/div>\r\n<\/div>\r\n<!--end feature-->\r\n<div class=\"feature feature-2\"><i class=\"icon color--primary icon-Security-Check\"><\/i>\r\n<div class=\"feature__body\">\r\n<h5>Certificato dell'ufficiale giudiziario valido a vita<\/h5>\r\n<p>Costituisce in una prova valida a vita<\/p>\r\n\r\n<\/div>\r\n<\/div>\r\n<div class=\"feature feature-2\"><i class=\"icon color--primary icon-Font-Window\"><\/i>\r\n<div class=\"feature__body\">\r\n<h5>Il vostro certificato disponibile in 11 lingue<\/h5>\r\n<p style=\"text-align: left;\">Avrete i vostri depositi in inglese, francese, italiano, cinese, tedesco, portoghese, arabo, spagnolo, coreano, giapponese e russo.<\/p>\r\n\r\n<\/div>\r\n<\/div>\r\n<!--end feature-->\r\n<div class=\"feature feature-2\"><i class=\"icon color--primary icon-Windows-2\"><\/i>\r\n<div class=\"feature__body\">\r\n<h5>Le tue prove disponibili 24\/7<\/h5>\r\n<p>Ricevuta di deposito disponibile online 24\/7.<\/p>\r\n\r\n<\/div>\r\n<\/div>\r\n<!--end feature-->\r\n\r\n<\/div>\r\n<\/div>\r\n<\/div>\r\n<!--end of row-->\r\n\r\n<\/div>\r\n<!--end of container-->\r\n\r\n<\/section><section class=\"bg--secondary text-center space--xxs\">\r\n<div class=\"container\">\r\n<div class=\"row\">\r\n<div class=\"col-sm-12\">\r\n<h2 class=\"addtoppad\">Come posso proteggere i miei disegni?<\/h2>\r\n<\/div>\r\n<\/div>\r\n<!--end of row-->\r\n\r\n<\/div>\r\n<!--end of container-->\r\n\r\n<\/section><section class=\"bg--secondary space--xs\">\r\n<div class=\"container\">\r\n<div class=\"row\">\r\n<div class=\"col-sm-4\">\r\n<div class=\"feature feature-2 boxed boxed--border\"><i class=\"icon color--primary icon-Checked-User\"><\/i>\r\n<div class=\"feature__body\">\r\n<p style=\"text-align: center;\"><span class=\"h1 h1--medium\" style=\"color: #d93d3d;\">1.<\/span><\/p>\r\n\r\n<h4 style=\"text-align: center;\">Registrazione<\/h4>\r\n<p style=\"text-align: center;\">Iscriviti gratuitamente.<br>\r\nNessun pagamento verr\u00e0 richiesto.<\/p>\r\n\r\n<\/div>\r\n<\/div>\r\n<!--end feature-->\r\n\r\n<\/div>\r\n<div class=\"col-sm-4\">\r\n<div class=\"feature feature-2 boxed boxed--border\"><i class=\"icon color--primary icon-Security-Settings\"><\/i>\r\n<div class=\"feature__body\">\r\n<p style=\"text-align: center;\"><span class=\"h1 h1--medium\" style=\"color: #d93d3d;\">2.<\/span><\/p>\r\n\r\n<h4 style=\"text-align: center;\">Assistenza<\/h4>\r\n<p style=\"text-align: center;\">Scegli un'offerta adatta alle tue esigenze con l'aiuto di uno dei nostri consulenti.<\/p>\r\n\r\n<\/div>\r\n<\/div>\r\n<!--end feature-->\r\n\r\n<\/div>\r\n<div class=\"col-sm-4\">\r\n<div class=\"feature feature-2 boxed boxed--border\"><i class=\"icon color--primary icon-Security-Check\"><\/i>\r\n<div class=\"feature__body\">\r\n<p style=\"text-align: center;\"><span class=\"h1 h1--medium\" style=\"color: #d93d3d;\">3.<\/span><\/p>\r\n\r\n<h4 style=\"text-align: center;\">Tutela<\/h4>\r\n<p style=\"text-align: center;\">Deposita le tue creazioni online.<br>\r\nSei protetto!<\/p>\r\n\r\n<\/div>\r\n<\/div>\r\n<!--end feature-->\r\n\r\n<\/div>\r\n<\/div>\r\n<!--end of row-->\r\n\r\n<\/div>\r\n<!--end of container-->\r\n\r\n<\/section><section class=\"text-center bg--secondary space--xxs\">\r\n<div class=\"container\">\r\n<div class=\"row\">\r\n<div class=\"col-sm-8 col-md-6\">\r\n<div class=\"cta\">\r\n\r\n<a class=\"btn type--uppercase inner-link btn--primary\" title=\"\" href=\"https:\/\/beta.fidealis.com\/it\/it\/iscrizione\/\" target=\"_blank\" rel=\"noopener\"><span class=\"btn__text\">Registrati subito<\/span> <\/a>\r\n<p class=\"type--fine-print\" style=\"margin-top: 0.03em; margin-bottom: 1.2em;\">Nessuna carta di credito richiesta.<\/p>\r\n\r\n<\/div>\r\n<\/div>\r\n<\/div>\r\n<!--end of row-->\r\n\r\n<\/div>\r\n<!--end of container-->\r\n\r\n<\/section><section class=\"text-justify space--xs\">\r\n<div class=\"container\">\r\n<div class=\"row\">\r\n<div class=\"col-sm-6\">\r\n<div class=\"col-left-custom\">\r\n<h2 style=\"text-align: left;\">Requisiti per la protezione del design<\/h2>\r\n<p class=\"lead\"><span style=\"font-weight: 400;\">Conformemente all'articolo L 511-2 del Codice della Propriet\u00e0 Intellettuale,<i>\"solo un disegno nuovo e con caratteristiche uniche pu\u00f2 essere protetto\".<\/i> <\/span><\/p>\r\n\r\n<ul class=\"bullets\">\r\n \t<li class=\"lead li-blocked\"><b>Innovazione<\/b><span style=\"font-weight: 400;\"> significa che nessun disegno o modello identico o quasi identico \u00e8 stato divulgato prima della data di protezione riconosciuta alla vostra domanda.<\/span><\/li>\r\n \t<li class=\"lead li-blocked\"><b>Caratteristiche uniche <\/b><span style=\"font-weight: 400;\">significa che il disegno o modello non deve dare una sensazione di d\u00e9j\u00e0 vu nel suo insieme, in relazione a un disegno o modello gi\u00e0 divulgato prima della data di protezione concessa alla vostra domanda.<\/span><\/li>\r\n<\/ul>\r\n<p class=\"lead\">I disegni che vanno in contrasto con l'ordine pubblico o i principi morali non possono essere protetti. Lo stesso vale per i disegni che si riferiscono a un programma per computer o le cui caratteristiche sono dettate unicamente dalla sua funzione tecnica.<\/p>\r\n<p class=\"lead\">Per tutelare un disegno, deve essere depositato.<\/p>\r\n\r\n<\/div>\r\n<\/div>\r\n<div class=\"col-sm-6\">\r\n<div class=\"col-right-custom\">\r\n<h2>Deposito online di disegni e modelli<\/h2>\r\n<p class=\"lead\">Qualsiasi persona giuridica o individuale pu\u00f2 depositare un disegno o, se preferisce, pu\u00f2 scegliere di farsi rappresentare da un professionista.<\/p>\r\n<p class=\"lead\"><a href=\"https:\/\/beta.fidealis.com\/it\/it\/chi-siamo\/il-nostro-sistema-di-deposito-del-copyright\/\">Il deposito online<\/a><span style=\"font-weight: 400;\">\u00a0\u00e8 fatto attraverso una piattaforma specializzata. Una volta presentata la domanda, inizia un periodo d'esaminazione.<\/span><\/p>\r\n<p class=\"lead\">Se accettata, la domanda viene pubblicata nel BOPI (Bollettino Ufficiale della Propriet\u00e0 Intellettuale).<\/p>\r\n<p class=\"lead\"><b>Anche i diritti<\/b><span style=\"font-weight: 400;\"> d'autore per i vostri disegni possono essere registrati utilizzando la nostra piattaforma.<\/span><\/p>\r\n<p class=\"lead\"><a href=\"https:\/\/beta.fidealis.com\/it\/it\/la-proprieta-intellettuale\/il-diritto-dautore-in-francia-e-nel-mondo\/\">Questo Copyright<\/a> vi permette di proteggere i vostri diritti e di agire contro qualsiasi concorrente che violi le vostre creazioni.<\/p>\r\n\r\n<\/div>\r\n<\/div>\r\n<div class=\"col-sm-6\"><\/div>\r\n<\/div>\r\n<!--end of row-->\r\n\r\n<\/div>\r\n<!--end of container-->\r\n\r\n<\/section><section class=\"unpad--bottom switchable cta cta-3 bg--secondary text-center\">\r\n<div class=\"container\">\r\n<div class=\"row\">\r\n<div class=\"col-sm-6 col-md-5\">\r\n<div class=\"switchable__text\">\r\n<h3><span style=\"color: #db3b29;\">Proteggete i vostri disegni ora in pochi click, con Fidealis<\/span><\/h3>\r\n<p class=\"lead\">La soluzione rivoluzionaria per la protezione dei disegni e delle collezioni, che combina firma elettronica, marcatura temporale e tecnologie blockchain. Le vostre creazioni sono istantaneamente certificate e archiviate in simultanea presso l'ufficiale giudiziario.<\/p>\r\n<a class=\"btn type--uppercase inner-link btn--primary\" title=\"\" href=\"https:\/\/beta.fidealis.com\/it\/it\/iscrizione\/\" target=\"_blank\" rel=\"noopener\"> <span class=\"btn__text\"> Iscriviti gratuitamente<\/span><span class=\"label\">senza cdc<\/span> <\/a>\r\n\r\n<\/div>\r\n<\/div>\r\n<div class=\"col-sm-6 col-md-5\"><img class=\"block\" src=\"https:\/\/beta.fidealis.com\/wp-content\/uploads\/2018\/08\/copyright-modeles-dessin-peintures.png\" alt=\"\" \/><\/div>\r\n<\/div>\r\n<!--end of row-->\r\n\r\n<\/div>\r\n<!--end of container-->\r\n\r\n<\/section>","protected":false},"excerpt":{"rendered":"<p>Tutela dei disegni Il vostro deposito a partire da 95\u20ac Soluzione per la protezione dei disegni e modelli Richiesta di contatto La&#8230;<\/p>\n","protected":false},"author":1,"featured_media":0,"parent":16749,"menu_order":0,"comment_status":"closed","ping_status":"closed","template":"","meta":{"_joinchat":[]},"yoast_head":"<!-- This site is optimized with the Yoast SEO plugin v20.3 - https:\/\/yoast.com\/wordpress\/plugins\/seo\/ -->\n<title>Propriet\u00e0 industriale: Protezione dei disegni e modelli<\/title>\n<meta name=\"description\" content=\"La creazione di un prodotto che sia allo stesso tempo funzionale e attrattivo \u00e8 di importanza fondamentale per le aziende. L&#039;aspetto del prodotto non solo gli permette di distinguersi dalla concorrenza, ma anche di affascinare il consumatore. Ricordatevi di proteggere i vostri disegni.\" \/>\n<meta name=\"robots\" content=\"noindex, follow, max-snippet:-1, max-image-preview:large, max-video-preview:-1\" \/>\n<meta property=\"og:locale\" content=\"it_IT\" \/>\n<meta property=\"og:type\" content=\"article\" \/>\n<meta property=\"og:title\" content=\"Propriet\u00e0 industriale: Protezione dei disegni e modelli\" \/>\n<meta property=\"og:description\" content=\"La creazione di un prodotto che sia allo stesso tempo funzionale e attrattivo \u00e8 di importanza fondamentale per le aziende. L&#039;aspetto del prodotto non solo gli permette di distinguersi dalla concorrenza, ma anche di affascinare il consumatore. Ricordatevi di proteggere i vostri disegni.\" \/>\n<meta property=\"og:url\" content=\"https:\/\/beta.fidealis.com\/it\/la-proprieta-intellettuale\/diritto-della-proprieta-industriale\/protezione-di-design\/\" \/>\n<meta property=\"og:site_name\" content=\"Fidealis\" \/>\n<meta property=\"article:publisher\" content=\"https:\/\/www.facebook.com\/Fidealis-573887362622849\/\" \/>\n<meta property=\"article:modified_time\" content=\"2021-08-10T07:24:26+00:00\" \/>\n<meta name=\"twitter:card\" content=\"summary_large_image\" \/>\n<script type=\"application\/ld+json\" class=\"yoast-schema-graph\">{\"@context\":\"https:\/\/schema.org\",\"@graph\":[{\"@type\":\"WebPage\",\"@id\":\"https:\/\/beta.fidealis.com\/it\/la-proprieta-intellettuale\/diritto-della-proprieta-industriale\/protezione-di-design\/\",\"url\":\"https:\/\/beta.fidealis.com\/it\/la-proprieta-intellettuale\/diritto-della-proprieta-industriale\/protezione-di-design\/\",\"name\":\"Propriet\u00e0 industriale: Protezione dei disegni e modelli\",\"isPartOf\":{\"@id\":\"https:\/\/beta.fidealis.com\/#website\"},\"datePublished\":\"2021-07-26T08:34:23+00:00\",\"dateModified\":\"2021-08-10T07:24:26+00:00\",\"description\":\"La creazione di un prodotto che sia allo stesso tempo funzionale e attrattivo \u00e8 di importanza fondamentale per le aziende. L'aspetto del prodotto non solo gli permette di distinguersi dalla concorrenza, ma anche di affascinare il consumatore. Ricordatevi di proteggere i vostri disegni.\",\"breadcrumb\":{\"@id\":\"https:\/\/beta.fidealis.com\/it\/la-proprieta-intellettuale\/diritto-della-proprieta-industriale\/protezione-di-design\/#breadcrumb\"},\"inLanguage\":\"it-IT\",\"potentialAction\":[{\"@type\":\"ReadAction\",\"target\":[\"https:\/\/beta.fidealis.com\/it\/la-proprieta-intellettuale\/diritto-della-proprieta-industriale\/protezione-di-design\/\"]}]},{\"@type\":\"BreadcrumbList\",\"@id\":\"https:\/\/beta.fidealis.com\/it\/la-proprieta-intellettuale\/diritto-della-proprieta-industriale\/protezione-di-design\/#breadcrumb\",\"itemListElement\":[{\"@type\":\"ListItem\",\"position\":1,\"name\":\"Accueil\",\"item\":\"https:\/\/beta.fidealis.com\/it\/\"},{\"@type\":\"ListItem\",\"position\":2,\"name\":\"La propriet\u00e0 intellettuale\",\"item\":\"https:\/\/beta.fidealis.com\/it\/la-proprieta-intellettuale\/\"},{\"@type\":\"ListItem\",\"position\":3,\"name\":\"Diritto della propriet\u00e0 industriale\",\"item\":\"https:\/\/beta.fidealis.com\/it\/la-proprieta-intellettuale\/diritto-della-proprieta-industriale\/\"},{\"@type\":\"ListItem\",\"position\":4,\"name\":\"Protezione di design\"}]},{\"@type\":\"WebSite\",\"@id\":\"https:\/\/beta.fidealis.com\/#website\",\"url\":\"https:\/\/beta.fidealis.com\/\",\"name\":\"Fidealis\",\"description\":\"Fidealis: vous cr\u00e9ez, nous prot\u00e9geons.\",\"publisher\":{\"@id\":\"https:\/\/beta.fidealis.com\/#organization\"},\"potentialAction\":[{\"@type\":\"SearchAction\",\"target\":{\"@type\":\"EntryPoint\",\"urlTemplate\":\"https:\/\/beta.fidealis.com\/?s={search_term_string}\"},\"query-input\":\"required name=search_term_string\"}],\"inLanguage\":\"it-IT\"},{\"@type\":\"Organization\",\"@id\":\"https:\/\/beta.fidealis.com\/#organization\",\"name\":\"Fidealis\",\"url\":\"https:\/\/beta.fidealis.com\/\",\"logo\":{\"@type\":\"ImageObject\",\"inLanguage\":\"it-IT\",\"@id\":\"https:\/\/beta.fidealis.com\/#\/schema\/logo\/image\/\",\"url\":\"https:\/\/www.fidealis.com\/wp-content\/uploads\/2018\/04\/logo-fidealis.png\",\"contentUrl\":\"https:\/\/www.fidealis.com\/wp-content\/uploads\/2018\/04\/logo-fidealis.png\",\"width\":525,\"height\":205,\"caption\":\"Fidealis\"},\"image\":{\"@id\":\"https:\/\/beta.fidealis.com\/#\/schema\/logo\/image\/\"},\"sameAs\":[\"https:\/\/www.facebook.com\/Fidealis-573887362622849\/\"]}]}<\/script>\n<!-- \/ Yoast SEO plugin. -->","yoast_head_json":{"title":"Propriet\u00e0 industriale: Protezione dei disegni e modelli","description":"La creazione di un prodotto che sia allo stesso tempo funzionale e attrattivo \u00e8 di importanza fondamentale per le aziende. L'aspetto del prodotto non solo gli permette di distinguersi dalla concorrenza, ma anche di affascinare il consumatore. Ricordatevi di proteggere i vostri disegni.","robots":{"index":"noindex","follow":"follow","max-snippet":"max-snippet:-1","max-image-preview":"max-image-preview:large","max-video-preview":"max-video-preview:-1"},"og_locale":"it_IT","og_type":"article","og_title":"Propriet\u00e0 industriale: Protezione dei disegni e modelli","og_description":"La creazione di un prodotto che sia allo stesso tempo funzionale e attrattivo \u00e8 di importanza fondamentale per le aziende. L'aspetto del prodotto non solo gli permette di distinguersi dalla concorrenza, ma anche di affascinare il consumatore. Ricordatevi di proteggere i vostri disegni.","og_url":"https:\/\/beta.fidealis.com\/it\/la-proprieta-intellettuale\/diritto-della-proprieta-industriale\/protezione-di-design\/","og_site_name":"Fidealis","article_publisher":"https:\/\/www.facebook.com\/Fidealis-573887362622849\/","article_modified_time":"2021-08-10T07:24:26+00:00","twitter_card":"summary_large_image","schema":{"@context":"https:\/\/schema.org","@graph":[{"@type":"WebPage","@id":"https:\/\/beta.fidealis.com\/it\/la-proprieta-intellettuale\/diritto-della-proprieta-industriale\/protezione-di-design\/","url":"https:\/\/beta.fidealis.com\/it\/la-proprieta-intellettuale\/diritto-della-proprieta-industriale\/protezione-di-design\/","name":"Propriet\u00e0 industriale: Protezione dei disegni e modelli","isPartOf":{"@id":"https:\/\/beta.fidealis.com\/#website"},"datePublished":"2021-07-26T08:34:23+00:00","dateModified":"2021-08-10T07:24:26+00:00","description":"La creazione di un prodotto che sia allo stesso tempo funzionale e attrattivo \u00e8 di importanza fondamentale per le aziende. L'aspetto del prodotto non solo gli permette di distinguersi dalla concorrenza, ma anche di affascinare il consumatore. Ricordatevi di proteggere i vostri disegni.","breadcrumb":{"@id":"https:\/\/beta.fidealis.com\/it\/la-proprieta-intellettuale\/diritto-della-proprieta-industriale\/protezione-di-design\/#breadcrumb"},"inLanguage":"it-IT","potentialAction":[{"@type":"ReadAction","target":["https:\/\/beta.fidealis.com\/it\/la-proprieta-intellettuale\/diritto-della-proprieta-industriale\/protezione-di-design\/"]}]},{"@type":"BreadcrumbList","@id":"https:\/\/beta.fidealis.com\/it\/la-proprieta-intellettuale\/diritto-della-proprieta-industriale\/protezione-di-design\/#breadcrumb","itemListElement":[{"@type":"ListItem","position":1,"name":"Accueil","item":"https:\/\/beta.fidealis.com\/it\/"},{"@type":"ListItem","position":2,"name":"La propriet\u00e0 intellettuale","item":"https:\/\/beta.fidealis.com\/it\/la-proprieta-intellettuale\/"},{"@type":"ListItem","position":3,"name":"Diritto della propriet\u00e0 industriale","item":"https:\/\/beta.fidealis.com\/it\/la-proprieta-intellettuale\/diritto-della-proprieta-industriale\/"},{"@type":"ListItem","position":4,"name":"Protezione di design"}]},{"@type":"WebSite","@id":"https:\/\/beta.fidealis.com\/#website","url":"https:\/\/beta.fidealis.com\/","name":"Fidealis","description":"Fidealis: vous cr\u00e9ez, nous prot\u00e9geons.","publisher":{"@id":"https:\/\/beta.fidealis.com\/#organization"},"potentialAction":[{"@type":"SearchAction","target":{"@type":"EntryPoint","urlTemplate":"https:\/\/beta.fidealis.com\/?s={search_term_string}"},"query-input":"required name=search_term_string"}],"inLanguage":"it-IT"},{"@type":"Organization","@id":"https:\/\/beta.fidealis.com\/#organization","name":"Fidealis","url":"https:\/\/beta.fidealis.com\/","logo":{"@type":"ImageObject","inLanguage":"it-IT","@id":"https:\/\/beta.fidealis.com\/#\/schema\/logo\/image\/","url":"https:\/\/www.fidealis.com\/wp-content\/uploads\/2018\/04\/logo-fidealis.png","contentUrl":"https:\/\/www.fidealis.com\/wp-content\/uploads\/2018\/04\/logo-fidealis.png","width":525,"height":205,"caption":"Fidealis"},"image":{"@id":"https:\/\/beta.fidealis.com\/#\/schema\/logo\/image\/"},"sameAs":["https:\/\/www.facebook.com\/Fidealis-573887362622849\/"]}]}},"_links":{"self":[{"href":"https:\/\/beta.fidealis.com\/it\/wp-json\/wp\/v2\/pages\/16750"}],"collection":[{"href":"https:\/\/beta.fidealis.com\/it\/wp-json\/wp\/v2\/pages"}],"about":[{"href":"https:\/\/beta.fidealis.com\/it\/wp-json\/wp\/v2\/types\/page"}],"author":[{"embeddable":true,"href":"https:\/\/beta.fidealis.com\/it\/wp-json\/wp\/v2\/users\/1"}],"replies":[{"embeddable":true,"href":"https:\/\/beta.fidealis.com\/it\/wp-json\/wp\/v2\/comments?post=16750"}],"version-history":[{"count":1,"href":"https:\/\/beta.fidealis.com\/it\/wp-json\/wp\/v2\/pages\/16750\/revisions"}],"predecessor-version":[{"id":16940,"href":"https:\/\/beta.fidealis.com\/it\/wp-json\/wp\/v2\/pages\/16750\/revisions\/16940"}],"up":[{"embeddable":true,"href":"https:\/\/beta.fidealis.com\/it\/wp-json\/wp\/v2\/pages\/16749"}],"wp:attachment":[{"href":"https:\/\/beta.fidealis.com\/it\/wp-json\/wp\/v2\/media?parent=16750"}],"curies":[{"name":"wp","href":"https:\/\/api.w.org\/{rel}","templated":true}]}}