{"id":16752,"date":"2021-07-26T10:40:28","date_gmt":"2021-07-26T08:40:28","guid":{"rendered":"https:\/\/www.fidealis.com\/il-deposito-online-di-modelli\/"},"modified":"2021-08-10T09:51:53","modified_gmt":"2021-08-10T07:51:53","slug":"il-deposito-online-di-modelli","status":"publish","type":"page","link":"https:\/\/beta.fidealis.com\/it\/il-deposito-online-di-modelli\/","title":{"rendered":"Il deposito online di modelli"},"content":{"rendered":"<section class=\"cover imagebg text-center height-60 section--ken-burns\" data-overlay=\"4\">\r\n<div class=\"background-image-holder\"><img src=\"https:\/\/beta.fidealis.com\/wp-content\/uploads\/2018\/07\/depot-de-cr\u00e9ation-pour-entreprise.jpg\" alt=\"d\u00e9posez et prot\u00e9gez vos cr\u00e9ations avec le d\u00e9p\u00f4t de copyright en ligne fidealis\" \/><\/div>\r\n<div class=\"container pos-vertical-center\">\r\n<div class=\"row\">\r\n<div class=\"col-sm-8 col-md-9\">\r\n<h1>Copyright : Deposito e Tutela<\/h1>\r\n<\/div>\r\n<\/div>\r\n<!--end of row-->\r\n\r\n<\/div>\r\n<!--end of container-->\r\n\r\n<\/section><section class=\"bg--secondary space--xxs\">\r\n<div class=\"container\">\r\n<div class=\"row\">\r\n<div class=\"cta cta--horizontal text-center-xs\">\r\n<div class=\"col-sm-4\">\r\n<h4>Il vostro deposito a partire da 95\u20ac<\/h4>\r\n<\/div>\r\n<div class=\"col-sm-5\">\r\n<p class=\"lead\">La soluzione di deposito di modelli e di copyright in linea<\/p>\r\n\r\n<\/div>\r\n<div class=\"col-sm-3 text-right text-center-xs\"><a class=\"btn btn--primary type--uppercase\" title=\"\" href=\"https:\/\/beta.fidealis.com\/it\/chi-siamo\/contattaci\/\" target=\"\" rel=\"\"> <span class=\"btn__text\"> Richiesta di contatto<\/span> <\/a><\/div>\r\n<\/div>\r\n<\/div>\r\n<!--end of row-->\r\n\r\n<\/div>\r\n<!--end of container-->\r\n\r\n<\/section><section class=\"switchable feature-large space--xxs text-justify\">\r\n<div class=\"container\">\r\n<div class=\"row\">\r\n<div class=\"col-sm-6 col-md-6\">\r\n<div class=\"switchable__text\">\r\n\r\n<p>Proteggere e registrare le proprie creazioni \u00e8 diventato un riflesso per tutti i creatori e designer, persone giuridiche o individui che producono documenti, disegni, creazioni. <strong>La registrazione di un Copyright<\/strong> o di un modello per creatori e designer \u00e8 essenziale nel contesto della protezione della <a href=\"https:\/\/beta.fidealis.com\/it\/it\/la-proprieta-intellettuale\/\">propriet\u00e0 intellettuale<\/a>. Devono marcare l'anteriorit\u00e0 di questo Copyright, provarlo, marcarlo su ogni nuova creazione e proteggere cos\u00ec tutta la loro Propriet\u00e0 Intellettuale:<\/p>\r\n<h2>Che dimensioni pu\u00f2 avere un documento per il deposito presso un ufficiale giudiziario?<\/h2>\r\n<p>Per l'elaborazione online, abbiamo constatato che i file pi\u00f9 piccoli di 5MB vengono elaborati in un tempo ragionevole e inviati alle vostre caselle di posta elettronica senza che il vostro ISP ponga restrizioni a questo scambio di informazioni.<\/p>\r\n\r\n<p>In caso di file molto grandi, i nostri clienti sono abituati a mandarci un CD masterizzato per posta o tramite sistemi di invio di file (WeTransfer) e noi lo elaboriamo nella nostra sede senza costi aggiuntivi.<\/p>\r\n\r\n<\/div>\r\n<\/div>\r\n<div class=\"col-sm-5\">\r\n<div class=\"boxed boxed--lg boxed--border\">\r\n<div class=\"feature feature-2\"><i class=\"icon color--primary icon-Libra-2\"><\/i>\r\n<div class=\"feature__body\">\r\n<h5>Prova riconosciuta in tribunale<\/h5>\r\n<p>Riconosciuti dai tribunali del mondo<\/p>\r\n\r\n<\/div>\r\n<\/div>\r\n<!--end feature-->\r\n<div class=\"feature feature-2\">i class=\"icon color--primary icon-Security-Check\"><\/i>\r\n<div class=\"feature__body\">\r\n<h5>Certificato dell'ufficiale giudiziario valido a vita<\/h5>\r\n<p>Costituisce in una prova valida a vita<\/p>\r\n\r\n<\/div>\r\n<\/div>\r\n<div class=\"feature feature-2\"><i class=\"icon color--primary icon-Font-Window\"><\/i>\r\n<div class=\"feature__body\">\r\n<h5>Il vostro certificato disponibile in 11 lingue<\/h5>\r\n<p style=\"text-align: left;\">Avrete i vostri depositi in inglese, francese, italiano, cinese, tedesco, portoghese, arabo, spagnolo, coreano, giapponese e russo.<\/p>\r\n\r\n<\/div>\r\n<\/div>\r\n<!--end feature-->\r\n<div class=\"feature feature-2\"><i class=\"icon color--primary icon-Windows-2\"><\/i>\r\n<div class=\"feature__body\">\r\n<h5>Le tue prove disponibili 24\/7<\/h5>\r\n<p>Ricevuta di deposito disponibile online 24\/7.<\/p>\r\n\r\n<\/div>\r\n<\/div>\r\n<!--end feature-->\r\n\r\n<\/div>\r\n<\/div>\r\n<\/div>\r\n<!--end of row-->\r\n\r\n<\/div>\r\n<!--end of container-->\r\n\r\n<\/section><section class=\"bg--secondary text-center space--xxs\">\r\n<div class=\"container\">\r\n<div class=\"row\">\r\n<div class=\"col-sm-12\">\r\n<h2 class=\"addtoppad\">Come funziona la registrazione online del design?<\/h2>\r\n<\/div>\r\n<\/div>\r\n<!--end of row-->\r\n\r\n<\/div>\r\n<!--end of container-->\r\n\r\n<\/section><section class=\"bg--secondary space--xs\">\r\n<div class=\"container\">\r\n<div class=\"row\">\r\n<div class=\"col-sm-4\">\r\n<div class=\"feature feature-2 boxed boxed--border\"><i class=\"icon color--primary icon-Checked-User\"><\/i>\r\n<div class=\"feature__body\">\r\n<p style=\"text-align: center;\"><span class=\"h1 h1--medium\" style=\"color: #d93d3d;\">1.<\/span><\/p>\r\n\r\n<h4 style=\"text-align: center;\">Registrazione<\/h4>\r\n<p style=\"text-align: center;\">Iscriviti gratuitamente.<br>\r\nNessun pagamento verr\u00e0 richiesto.<\/p>\r\n\r\n<\/div>\r\n<\/div>\r\n<!--end feature-->\r\n\r\n<\/div>\r\n<div class=\"col-sm-4\">\r\n<div class=\"feature feature-2 boxed boxed--border\"><i class=\"icon color--primary icon-Security-Settings\"><\/i>\r\n<div class=\"feature__body\">\r\n<p style=\"text-align: center;\"><span class=\"h1 h1--medium\" style=\"color: #d93d3d;\">2.<\/span><\/p>\r\n\r\n<h4 style=\"text-align: center;\">Assistenza<\/h4>\r\n<p style=\"text-align: center;\">Scegli un'offerta adatta alle tue esigenze con l'aiuto di uno dei nostri consulenti.<\/p>\r\n\r\n<\/div>\r\n<\/div>\r\n<!--end feature-->\r\n\r\n<\/div>\r\n<div class=\"col-sm-4\">\r\n<div class=\"feature feature-2 boxed boxed--border\"><i class=\"icon color--primary icon-Security-Check\"><\/i>\r\n<div class=\"feature__body\">\r\n<p style=\"text-align: center;\"><span class=\"h1 h1--medium\" style=\"color: #d93d3d;\">3.<\/span><\/p>\r\n\r\n<h4 style=\"text-align: center;\">Tutela<\/h4>\r\n<p style=\"text-align: center;\">Deposita le tue creazioni online.\r\nSei protetto!<\/p>\r\n\r\n<\/div>\r\n<\/div>\r\n<!--end feature-->\r\n\r\n<\/div>\r\n<\/div>\r\n<!--end of row-->\r\n\r\n<\/div>\r\n<!--end of container-->\r\n\r\n<\/section><section class=\"text-center bg--secondary space--xxs\">\r\n<div class=\"container\">\r\n<div class=\"row\">\r\n<div class=\"col-sm-8 col-md-6\">\r\n<div class=\"cta\">\r\n\r\n<a class=\"btn type--uppercase inner-link btn--primary\" title=\"\" href=\"https:\/\/beta.fidealis.com\/it\/it\/iscrizione\" target=\"_blank\" rel=\"noopener\"><span class=\"btn__text\">Registrati subito<\/span> <\/a>\r\n<p class=\"type--fine-print\" style=\"margin-top: 0.03em; margin-bottom: 1.2em;\">Nessuna carta di credito richiesta.<\/p>\r\n\r\n<\/div>\r\n<\/div>\r\n<\/div>\r\n<!--end of row-->\r\n\r\n<\/div>\r\n<!--end of container-->\r\n\r\n<\/section><section class=\"text-justify space--xxs\">\r\n<div class=\"container\">\r\n<div class=\"row\">\r\n<div class=\"col-sm-6\">\r\n<div class=\"col-left-custom\">\r\n<h2 style=\"text-align: left;\">Tutela di un'idea con il Copyright<\/h2>\r\n<p class=\"lead\"><span style=\"font-weight: 400;\"><a href=\"https:\/\/beta.fidealis.com\/it\/it\/il-deposito-online-di-modelli\/la-protezione-di-unidea-di-un-concetto\/\">Proteggere un'idea<\/a> non \u00e8 sempre facile. Ma una volta che potrete mettere su carta gli elementi della vostra idea, diventa importante proteggerli dal furto da parte di terzi. Fidealis vi aiuta in questo processo con la sua soluzione di copyright online al 100%.<\/span><\/p>\r\n\r\n<h2 style=\"text-align: left;\">Depositare un logo<\/h2>\r\n<p class=\"lead\"><a href=\"https:\/\/beta.fidealis.com\/it\/it\/il-deposito-online-di-modelli\/il-deposito-di-un-logo\/\">Proteggere un logo<\/a> utilizzando la soluzione Fidealis per assicurarsi la piena propriet\u00e0 e per difendersi in caso di uso fraudolento. Avrete sicuramente speso del tempo o addirittura pagato un professionista per questo logo, quindi non lasciate che qualcuno ve lo rubi.<\/p>\r\n\r\n<h2 style=\"text-align: left;\">Depositare un marchio<\/h2>\r\n<p class=\"lead\"><a href=\"https:\/\/beta.fidealis.com\/it\/it\/il-deposito-online-di-modelli\/il-deposito-di-un-marchio\/\"><span style=\"font-weight: 400;\">Il deposito di marchio<\/span><\/a> \u00e8 un passo importante nel lancio del vostro business e vi assicura di essere l'unica persona che pu\u00f2 usare il vostro marchio nel vostro campo e\/o in campi simili. Grazie alla registrazione del marchio con il Copyright potrete immediatamente diffondere il vostro marchio su diversi supporti senza il rischio di avere questo nome rubato.<\/p>\r\n\r\n<h2 style=\"text-align: left;\">Tutelare la vostra musica<\/h2>\r\n<p class=\"lead\"><span style=\"font-weight: 400;\">Quando si \u00e8 un creatore si passa molto del proprio tempo a pensare alle proprie idee e a metterle in forma. Quando questo \u00e8 finalmente il caso, sarebbe un peccato che questo lavoro vada a beneficio di altri. Nel caso della musica (partiture, testi, arrangiamenti, etc) la registrazione del <a href=\"https:\/\/beta.fidealis.com\/it\/it\/il-deposito-online-di-modelli\/protezione-lavori-musicali\/\">copyright musicale<\/a><\/span> \u00e8 la soluzione ideale a questo tipo di problemi<\/p>\r\n\r\n<h2 style=\"text-align: left;\">Copyright del sito internet<\/h2>\r\n<p class=\"lead\"><span style=\"font-weight: 400;\"><a href=\"https:\/\/beta.fidealis.com\/it\/it\/il-deposito-online-di-modelli\/protezione-del-sito-internet\/\">Tutelare il vostro sito web<\/a> dal plagio<\/span> \u00e8 diventato imperativo in questo mondo ultra-connesso dove l'accesso alle informazioni \u00e8 immediato e ultra-semplificato. Dedicando energie per assicurarsi che il vostro sito sia unico e che piaccia ai vostri utenti di Internet. Non correte il rischio di essere plagiati e pensate a proteggerlo con la registrazione del copyright di un sito web.<\/p>\r\n\r\n<\/div>\r\n<\/div>\r\n<div class=\"col-sm-6\">\r\n<div class=\"col-right-custom\">\r\n<h2 style=\"text-align: left;\">Proteggere un design con il copyright<\/h2>\r\n<p class=\"lead\"><span style=\"font-weight: 400;\"><a href=\"https:\/\/beta.fidealis.com\/it\/it\/il-deposito-online-di-modelli\/copyright-di-design\/\">Tutelare i vostri disegni e modelli<\/a> dal furto o dall'uso fraudolento archiviando immediatamente e semplicemente con i nostri strumenti online i vostri vari disegni, modelli, schizzi e assicurandovi la paternit\u00e0 delle sue opere. Non permettete a nessuno di usare il vostro talento e le vostre creazioni gratuitamente.<\/span><\/p>\r\n\r\n<h2 style=\"text-align: left;\">Copyright per un software<\/h2>\r\n<p class=\"lead\"><span style=\"font-weight: 400;\">Il vostro <a href=\"https:\/\/beta.fidealis.com\/it\/it\/il-deposito-online-di-modelli\/protezione-del-software\/\">software ha bisogno di essere protetto<\/a> dalla concorrenza e purtroppo c'\u00e8 solo una soluzione al di fuori della segretezza\u00a0 e questa \u00e8 il deposito del copyright del software e dell'algoritmo. Create un file completo di tutti i vostri documenti di creazione e archiviatelo direttamente online con la soluzione di archiviazione blockchain di Fidealis.<\/span><\/p>\r\n\r\n<h2 style=\"text-align: left;\">Proteggere le vostre foto<\/h2>\r\n<p class=\"lead\"><span style=\"font-weight: 400;\">Le vostre immagini e <a href=\"https:\/\/beta.fidealis.com\/it\/it\/il-deposito-online-di-modelli\/protezione-di-fotografie\/\">foto possono essere protette<\/a><\/span> dal furto da parte di terzi depositandole presso un ufficiale giudiziario. Fidealis offre una soluzione facile e veloce per questo e vi permette di tracciare la distribuzione delle vostre immagini sul web per evitare un uso indesiderato.<\/p>\r\n\r\n<h2 style=\"text-align: left;\">Tutelare un film o un video<\/h2>\r\n<p class=\"lead\"><span style=\"font-weight: 400;\">Per depositare attraverso il nostro sistema di copyright le <a href=\"https:\/\/beta.fidealis.com\/it\/it\/il-deposito-online-di-modelli\/protezione-video-e-film\/\">vostre realizzazioni video<\/a><\/span> si effettua nella stessa logica delle fotografie. Oggi la diffusione dei video \u00e8 molto veloce su Internet. Dimostrate facilmente la paternit\u00e0 dei vostri film e video grazie al deposito del copyright.<\/p>\r\n\r\n<h2 style=\"text-align: left;\">Protezione delle vostre opere<\/h2>\r\n<p class=\"lead\"><span>La <a href=\"https:\/\/beta.fidealis.com\/it\/it\/il-deposito-online-di-modelli\/protection-oeuvre\/\">protezione delle opere<\/a> tramite un deposito permette di rivendicare facilmente la paternit\u00e0 del proprio lavoro creativo. Che sia artistico o meno, 2d o 3d, il deposito di copyright di Fidealis \u00e8 la soluzione ideale per proteggere il vostro lavoro dal furto o dal plagio.<\/span><\/p>\r\n\r\n<\/div>\r\n<\/div>\r\n<div class=\"col-sm-6\"><\/div>\r\n<\/div>\r\n<!--end of row-->\r\n\r\n<\/div>\r\n<!--end of container-->\r\n\r\n<\/section><section class=\"unpad--bottom switchable cta cta-3 bg--secondary text-center\">\r\n<div class=\"container\">\r\n<div class=\"row\">\r\n<div class=\"col-sm-6 col-md-6\">\r\n<div class=\"switchable__text\">\r\n<h3><span style=\"color: #db3b29;\">Fidealis, la protezione delle vostre creazioni in tutta semplicit\u00e0 grazie al copyright<\/span><\/h3>\r\n<p class=\"lead\">La soluzione rivoluzionaria per la protezione dei disegni e delle collezioni, che combina firma elettronica, marcatura temporale e tecnologie blockchain. Le vostre creazioni sono istantaneamente certificate e archiviate in simultanea presso l'ufficiale giudiziario.<\/p>\r\n<a class=\"btn type--uppercase inner-link btn--primary\" title=\"\" href=\"https:\/\/beta.fidealis.com\/it\/it\/iscrizione\" target=\"_blank\" rel=\"noopener\"> <span class=\"btn__text\"> Iscriviti gratuitamente<\/span><span class=\"label\">senza cdc<\/span> <\/a>\r\n\r\n<\/div>\r\n<\/div>\r\n<div class=\"col-sm-6 col-md-5\"><img class=\"block\" src=\"https:\/\/beta.fidealis.com\/wp-content\/uploads\/2017\/04\/avatar-large-1.png\" alt=\"fidealis prot\u00e8ge toutes vos cr\u00e9ations\" \/><\/div>\r\n<\/div>\r\n<!--end of row-->\r\n\r\n<\/div>\r\n<!--end of container-->\r\n\r\n<\/section>","protected":false},"excerpt":{"rendered":"<p>Copyright : Deposito e Tutela Il vostro deposito a partire da 95\u20ac La soluzione di deposito di modelli e di copyright in&#8230;<\/p>\n","protected":false},"author":1,"featured_media":0,"parent":0,"menu_order":0,"comment_status":"closed","ping_status":"closed","template":"","meta":{"_joinchat":[]},"yoast_head":"<!-- This site is optimized with the Yoast SEO plugin v20.3 - https:\/\/yoast.com\/wordpress\/plugins\/seo\/ -->\n<title>Proteggi le tue creazioni con il deposito di copyright o il deposito di modelli<\/title>\n<meta name=\"description\" content=\"La registrazione di un copyright o di un modello per creatori e designer \u00e8 essenziale per la protezione della propriet\u00e0 intellettuale. Devono marcare l&#039;anteriorit\u00e0 di questo Copyright, provare il loro diritto d&#039;autore e proteggere cos\u00ec ogni loro Propriet\u00e0 Intellettuale\" \/>\n<meta name=\"robots\" content=\"noindex, follow, max-snippet:-1, max-image-preview:large, max-video-preview:-1\" \/>\n<meta property=\"og:locale\" content=\"it_IT\" \/>\n<meta property=\"og:type\" content=\"article\" \/>\n<meta property=\"og:title\" content=\"Proteggi le tue creazioni con il deposito di copyright o il deposito di modelli\" \/>\n<meta property=\"og:description\" content=\"La registrazione di un copyright o di un modello per creatori e designer \u00e8 essenziale per la protezione della propriet\u00e0 intellettuale. Devono marcare l&#039;anteriorit\u00e0 di questo Copyright, provare il loro diritto d&#039;autore e proteggere cos\u00ec ogni loro Propriet\u00e0 Intellettuale\" \/>\n<meta property=\"og:url\" content=\"https:\/\/beta.fidealis.com\/it\/il-deposito-online-di-modelli\/\" \/>\n<meta property=\"og:site_name\" content=\"Fidealis\" \/>\n<meta property=\"article:publisher\" content=\"https:\/\/www.facebook.com\/Fidealis-573887362622849\/\" \/>\n<meta property=\"article:modified_time\" content=\"2021-08-10T07:51:53+00:00\" \/>\n<meta name=\"twitter:card\" content=\"summary_large_image\" \/>\n<script type=\"application\/ld+json\" class=\"yoast-schema-graph\">{\"@context\":\"https:\/\/schema.org\",\"@graph\":[{\"@type\":\"WebPage\",\"@id\":\"https:\/\/beta.fidealis.com\/it\/il-deposito-online-di-modelli\/\",\"url\":\"https:\/\/beta.fidealis.com\/it\/il-deposito-online-di-modelli\/\",\"name\":\"Proteggi le tue creazioni con il deposito di copyright o il deposito di modelli\",\"isPartOf\":{\"@id\":\"https:\/\/beta.fidealis.com\/#website\"},\"datePublished\":\"2021-07-26T08:40:28+00:00\",\"dateModified\":\"2021-08-10T07:51:53+00:00\",\"description\":\"La registrazione di un copyright o di un modello per creatori e designer \u00e8 essenziale per la protezione della propriet\u00e0 intellettuale. Devono marcare l'anteriorit\u00e0 di questo Copyright, provare il loro diritto d'autore e proteggere cos\u00ec ogni loro Propriet\u00e0 Intellettuale\",\"breadcrumb\":{\"@id\":\"https:\/\/beta.fidealis.com\/it\/il-deposito-online-di-modelli\/#breadcrumb\"},\"inLanguage\":\"it-IT\",\"potentialAction\":[{\"@type\":\"ReadAction\",\"target\":[\"https:\/\/beta.fidealis.com\/it\/il-deposito-online-di-modelli\/\"]}]},{\"@type\":\"BreadcrumbList\",\"@id\":\"https:\/\/beta.fidealis.com\/it\/il-deposito-online-di-modelli\/#breadcrumb\",\"itemListElement\":[{\"@type\":\"ListItem\",\"position\":1,\"name\":\"Accueil\",\"item\":\"https:\/\/beta.fidealis.com\/it\/\"},{\"@type\":\"ListItem\",\"position\":2,\"name\":\"Il deposito online di modelli\"}]},{\"@type\":\"WebSite\",\"@id\":\"https:\/\/beta.fidealis.com\/#website\",\"url\":\"https:\/\/beta.fidealis.com\/\",\"name\":\"Fidealis\",\"description\":\"Fidealis: vous cr\u00e9ez, nous prot\u00e9geons.\",\"publisher\":{\"@id\":\"https:\/\/beta.fidealis.com\/#organization\"},\"potentialAction\":[{\"@type\":\"SearchAction\",\"target\":{\"@type\":\"EntryPoint\",\"urlTemplate\":\"https:\/\/beta.fidealis.com\/?s={search_term_string}\"},\"query-input\":\"required name=search_term_string\"}],\"inLanguage\":\"it-IT\"},{\"@type\":\"Organization\",\"@id\":\"https:\/\/beta.fidealis.com\/#organization\",\"name\":\"Fidealis\",\"url\":\"https:\/\/beta.fidealis.com\/\",\"logo\":{\"@type\":\"ImageObject\",\"inLanguage\":\"it-IT\",\"@id\":\"https:\/\/beta.fidealis.com\/#\/schema\/logo\/image\/\",\"url\":\"https:\/\/www.fidealis.com\/wp-content\/uploads\/2018\/04\/logo-fidealis.png\",\"contentUrl\":\"https:\/\/www.fidealis.com\/wp-content\/uploads\/2018\/04\/logo-fidealis.png\",\"width\":525,\"height\":205,\"caption\":\"Fidealis\"},\"image\":{\"@id\":\"https:\/\/beta.fidealis.com\/#\/schema\/logo\/image\/\"},\"sameAs\":[\"https:\/\/www.facebook.com\/Fidealis-573887362622849\/\"]}]}<\/script>\n<!-- \/ Yoast SEO plugin. -->","yoast_head_json":{"title":"Proteggi le tue creazioni con il deposito di copyright o il deposito di modelli","description":"La registrazione di un copyright o di un modello per creatori e designer \u00e8 essenziale per la protezione della propriet\u00e0 intellettuale. Devono marcare l'anteriorit\u00e0 di questo Copyright, provare il loro diritto d'autore e proteggere cos\u00ec ogni loro Propriet\u00e0 Intellettuale","robots":{"index":"noindex","follow":"follow","max-snippet":"max-snippet:-1","max-image-preview":"max-image-preview:large","max-video-preview":"max-video-preview:-1"},"og_locale":"it_IT","og_type":"article","og_title":"Proteggi le tue creazioni con il deposito di copyright o il deposito di modelli","og_description":"La registrazione di un copyright o di un modello per creatori e designer \u00e8 essenziale per la protezione della propriet\u00e0 intellettuale. Devono marcare l'anteriorit\u00e0 di questo Copyright, provare il loro diritto d'autore e proteggere cos\u00ec ogni loro Propriet\u00e0 Intellettuale","og_url":"https:\/\/beta.fidealis.com\/it\/il-deposito-online-di-modelli\/","og_site_name":"Fidealis","article_publisher":"https:\/\/www.facebook.com\/Fidealis-573887362622849\/","article_modified_time":"2021-08-10T07:51:53+00:00","twitter_card":"summary_large_image","schema":{"@context":"https:\/\/schema.org","@graph":[{"@type":"WebPage","@id":"https:\/\/beta.fidealis.com\/it\/il-deposito-online-di-modelli\/","url":"https:\/\/beta.fidealis.com\/it\/il-deposito-online-di-modelli\/","name":"Proteggi le tue creazioni con il deposito di copyright o il deposito di modelli","isPartOf":{"@id":"https:\/\/beta.fidealis.com\/#website"},"datePublished":"2021-07-26T08:40:28+00:00","dateModified":"2021-08-10T07:51:53+00:00","description":"La registrazione di un copyright o di un modello per creatori e designer \u00e8 essenziale per la protezione della propriet\u00e0 intellettuale. Devono marcare l'anteriorit\u00e0 di questo Copyright, provare il loro diritto d'autore e proteggere cos\u00ec ogni loro Propriet\u00e0 Intellettuale","breadcrumb":{"@id":"https:\/\/beta.fidealis.com\/it\/il-deposito-online-di-modelli\/#breadcrumb"},"inLanguage":"it-IT","potentialAction":[{"@type":"ReadAction","target":["https:\/\/beta.fidealis.com\/it\/il-deposito-online-di-modelli\/"]}]},{"@type":"BreadcrumbList","@id":"https:\/\/beta.fidealis.com\/it\/il-deposito-online-di-modelli\/#breadcrumb","itemListElement":[{"@type":"ListItem","position":1,"name":"Accueil","item":"https:\/\/beta.fidealis.com\/it\/"},{"@type":"ListItem","position":2,"name":"Il deposito online di modelli"}]},{"@type":"WebSite","@id":"https:\/\/beta.fidealis.com\/#website","url":"https:\/\/beta.fidealis.com\/","name":"Fidealis","description":"Fidealis: vous cr\u00e9ez, nous prot\u00e9geons.","publisher":{"@id":"https:\/\/beta.fidealis.com\/#organization"},"potentialAction":[{"@type":"SearchAction","target":{"@type":"EntryPoint","urlTemplate":"https:\/\/beta.fidealis.com\/?s={search_term_string}"},"query-input":"required name=search_term_string"}],"inLanguage":"it-IT"},{"@type":"Organization","@id":"https:\/\/beta.fidealis.com\/#organization","name":"Fidealis","url":"https:\/\/beta.fidealis.com\/","logo":{"@type":"ImageObject","inLanguage":"it-IT","@id":"https:\/\/beta.fidealis.com\/#\/schema\/logo\/image\/","url":"https:\/\/www.fidealis.com\/wp-content\/uploads\/2018\/04\/logo-fidealis.png","contentUrl":"https:\/\/www.fidealis.com\/wp-content\/uploads\/2018\/04\/logo-fidealis.png","width":525,"height":205,"caption":"Fidealis"},"image":{"@id":"https:\/\/beta.fidealis.com\/#\/schema\/logo\/image\/"},"sameAs":["https:\/\/www.facebook.com\/Fidealis-573887362622849\/"]}]}},"_links":{"self":[{"href":"https:\/\/beta.fidealis.com\/it\/wp-json\/wp\/v2\/pages\/16752"}],"collection":[{"href":"https:\/\/beta.fidealis.com\/it\/wp-json\/wp\/v2\/pages"}],"about":[{"href":"https:\/\/beta.fidealis.com\/it\/wp-json\/wp\/v2\/types\/page"}],"author":[{"embeddable":true,"href":"https:\/\/beta.fidealis.com\/it\/wp-json\/wp\/v2\/users\/1"}],"replies":[{"embeddable":true,"href":"https:\/\/beta.fidealis.com\/it\/wp-json\/wp\/v2\/comments?post=16752"}],"version-history":[{"count":3,"href":"https:\/\/beta.fidealis.com\/it\/wp-json\/wp\/v2\/pages\/16752\/revisions"}],"predecessor-version":[{"id":16945,"href":"https:\/\/beta.fidealis.com\/it\/wp-json\/wp\/v2\/pages\/16752\/revisions\/16945"}],"wp:attachment":[{"href":"https:\/\/beta.fidealis.com\/it\/wp-json\/wp\/v2\/media?parent=16752"}],"curies":[{"name":"wp","href":"https:\/\/api.w.org\/{rel}","templated":true}]}}