{"id":16753,"date":"2021-07-26T10:44:08","date_gmt":"2021-07-26T08:44:08","guid":{"rendered":"https:\/\/www.fidealis.com\/il-deposito-online-di-modelli\/la-protezione-di-unidea-di-un-concetto\/"},"modified":"2021-08-12T16:25:39","modified_gmt":"2021-08-12T14:25:39","slug":"la-protezione-di-unidea-di-un-concetto","status":"publish","type":"page","link":"https:\/\/beta.fidealis.com\/it\/il-deposito-online-di-modelli\/la-protezione-di-unidea-di-un-concetto\/","title":{"rendered":"La protezione di un&#8217;idea, di un concetto"},"content":{"rendered":"<section class=\"cover imagebg text-center height-60 section--ken-burns\" data-overlay=\"4\">\r\n<div class=\"background-image-holder\"><img src=\"https:\/\/beta.fidealis.com\/wp-content\/uploads\/2018\/06\/depot-de-concept-Fidealis.jpg\" alt=\"\" \/><\/div>\r\n<div class=\"container pos-vertical-center\">\r\n<div class=\"row\">\r\n<div class=\"col-sm-8 col-md-9\">\r\n<h1>Registrare un'idea, proteggere un concetto<\/h1>\r\n<\/div>\r\n<\/div>\r\n<!--end of row-->\r\n\r\n<\/div>\r\n<!--end of container-->\r\n\r\n<\/section><section class=\"bg--secondary space--xxs\">\r\n<div class=\"container\">\r\n<div class=\"row\">\r\n<div class=\"cta cta--horizontal text-center-xs\">\r\n<div class=\"col-sm-4\">\r\n<h4>Il vostro deposito a<u><b> partire da<\/b>\u00a0<b>95\u20ac<\/b><\/u><\/h4>\r\n<\/div>\r\n<div class=\"col-sm-5\">\r\n<p class=\"lead\"><i> La Soluzione online per custodire le vostre idee e concetti<\/i><\/p>\r\n\r\n<\/div>\r\n<div class=\"col-sm-3 text-right text-center-xs\"><a class=\"btn btn--primary type--uppercase\" title=\"\" href=\"https:\/\/beta.fidealis.com\/it\/chi-siamo\/contattaci\/\" target=\"\" rel=\"\"> <span class=\"btn__text\"> Richiesta di contatto<\/span> <\/a><\/div>\r\n<\/div>\r\n<\/div>\r\n<!--end of row-->\r\n\r\n<\/div>\r\n<!--end of container-->\r\n\r\n<\/section><section class=\"switchable feature-large text-justify space--xxs\">\r\n<div class=\"container\">\r\n<div class=\"row\">\r\n<div class=\"col-sm-6 col-md-5\">\r\n<div class=\"switchable__text\">\r\n<p class=\"lead\"><span style=\"font-weight: 400;\">Nel diritto della propriet\u00e0 intellettuale, non tutte le idee possono essere protette. Questo \u00e8 ci\u00f2 che si intende con la massima <\/span><i><span style=\"font-weight: 400;\">Le idee sono libere di viaggiare<\/span><\/i><span style=\"font-weight: 400;\">. Senza un'idea iniziale, per\u00f2, non c'\u00e8 creazione intellettuale possibile. Per tal motivo la legge francese tutela determinate idee. Tuttavia, questa difesa \u00e8 limitata, ed \u00e8 per questo che vi suggeriamo di completarla con un <a href=\"https:\/\/beta.fidealis.com\/it\/it\/il-deposito-online-di-modelli\/\">deposito di Copyright online<\/a>.<\/span><\/p>\r\n<p style=\"text-align: left;\"><span style=\"color: #db3b29; font-size: 1.78571em; font-variant-ligatures: common-ligatures;\">Come posso sapere se posso proteggere la mia idea?<\/span><\/p>\r\n\r\n<div class=\"col-left-custom\">\r\n<p class=\"lead\"><span style=\"font-weight: 400;\">Una semplice idea non pu\u00f2 esser protetta in Francia. <\/span><span style=\"font-weight: 400;\">Per esser tutelata, deve soddisfare <strong>due criteri<\/strong> : <\/span><\/p>\r\n\r\n<\/div>\r\n<\/div>\r\n<\/div>\r\n<div class=\"col-sm-6\">\r\n<div class=\"boxed boxed--lg boxed--border\">\r\n<div class=\"feature feature-2\"><i class=\"icon color--primary icon-Libra-2\"><\/i>\r\n<div class=\"feature__body\">\r\n<h5>Prova riconosciuta in tribunale<\/h5>\r\n<p>Riconosciuti dai tribunali del mondo.<\/p>\r\n\r\n<\/div>\r\n<\/div>\r\n<!--end feature-->\r\n<div class=\"feature feature-2\"> <i class=\"icon color--primary icon-Security-Check\"><\/i>\r\n<div class=\"feature__body\">\r\n<h5>Certificato dell'ufficiale giudiziario valido a vita<\/h5>\r\n<p>Costituisce in una prova valida a vita.<\/p>\r\n\r\n<\/div>\r\n<\/div>\r\n<div class=\"feature feature-2\"><i class=\"icon color--primary icon-Font-Window\"><\/i>\r\n<div class=\"feature__body\">\r\n<h5>Il vostro certificato disponibile in 11 lingue<\/h5>\r\n<p style=\"text-align: left;\">Avrete i vostri depositi in inglese, francese, italiano, cinese, tedesco, portoghese, arabo, spagnolo, coreano, giapponese e russo.<\/p>\r\n\r\n<\/div>\r\n<\/div>\r\n<!--end feature-->\r\n<div class=\"feature feature-2\"><i class=\"icon color--primary icon-Windows-2\"><\/i>\r\n<div class=\"feature__body\">\r\n<h5>Le tue prove disponibili 24\/7<\/h5>\r\n<p>Ricevuta di deposito disponibile online 24\/7.<\/p>\r\n\r\n<\/div>\r\n<\/div>\r\n<!--end feature-->\r\n\r\n<\/div>\r\n<\/div>\r\n<\/div>\r\n<!--end of row-->\r\n\r\n<\/div>\r\n<!--end of container-->\r\n\r\n<\/section><section class=\"bg--secondary text-center space--xxs\">\r\n<div class=\"container\">\r\n<div class=\"row\">\r\n<div class=\"col-sm-12\">\r\n<h2 class=\"addtoppad\">Come posso depositare un'idea o un concetto?<\/h2>\r\n<\/div>\r\n<\/div>\r\n<!--end of row-->\r\n\r\n<\/div>\r\n<!--end of container-->\r\n\r\n<\/section><section class=\"bg--secondary space--xs\">\r\n<div class=\"container\">\r\n<div class=\"row\">\r\n<div class=\"col-sm-4\">\r\n<div class=\"feature feature-2 boxed boxed--border\"><i class=\"icon color--primary icon-Checked-User\"><\/i>\r\n<div class=\"feature__body\">\r\n<p style=\"text-align: center;\"><span class=\"h1 h1--medium\" style=\"color: #d93d3d;\">1.<\/span><\/p>\r\n\r\n<h4 style=\"text-align: center;\">Registrazione<\/h4>\r\n<p style=\"text-align: center;\">Iscriviti gratuitamente.\r\nNessun pagamento verr\u00e0 richiesto.<\/p>\r\n\r\n<\/div>\r\n<\/div>\r\n<!--end feature-->\r\n\r\n<\/div>\r\n<div class=\"col-sm-4\">\r\n<div class=\"feature feature-2 boxed boxed--border\"><i class=\"icon color--primary icon-Security-Settings\"><\/i>\r\n<div class=\"feature__body\">\r\n<p style=\"text-align: center;\"><span class=\"h1 h1--medium\" style=\"color: #d93d3d;\">2.<\/span><\/p>\r\n\r\n<h4 style=\"text-align: center;\">Assistenza<\/h4>\r\n<p style=\"text-align: center;\">Scegli un'offerta adatta alle tue esigenze con l'aiuto di uno dei nostri consulenti.<\/p>\r\n\r\n<\/div>\r\n<\/div>\r\n<!--end feature-->\r\n\r\n<\/div>\r\n<div class=\"col-sm-4\">\r\n<div class=\"feature feature-2 boxed boxed--border\"><i class=\"icon color--primary icon-Security-Check\"><\/i>\r\n<div class=\"feature__body\">\r\n<p style=\"text-align: center;\"><span class=\"h1 h1--medium\" style=\"color: #d93d3d;\">3.<\/span><\/p>\r\n\r\n<h4 style=\"text-align: center;\">Tutela<\/h4>\r\n<p style=\"text-align: center;\">Deposita le tue creazioni online.<br>\r\nSei protetto!<\/p>\r\n\r\n<\/div>\r\n<\/div>\r\n<!--end feature-->\r\n\r\n<\/div>\r\n<\/div>\r\n<!--end of row-->\r\n\r\n<\/div>\r\n<!--end of container-->\r\n\r\n<\/section><section class=\"text-center bg--secondary space--xxs\">\r\n<div class=\"container\">\r\n<div class=\"row\">\r\n<div class=\"col-sm-8 col-md-6\">\r\n<div class=\"cta\">\r\n\r\n<a class=\"btn type--uppercase inner-link btn--primary\" title=\"\" href=\"https:\/\/beta.fidealis.com\/it\/iscrizione\/\" target=\"_blank\" rel=\"noopener\"><span class=\"btn__text\">Registrati subito<\/span> <\/a>\r\n<p class=\"type--fine-print\" style=\"margin-top: 0.03em; margin-bottom: 1.2em;\">Nessuna carta di credito richiesta.<\/p>\r\n\r\n<\/div>\r\n<\/div>\r\n<\/div>\r\n<!--end of row-->\r\n\r\n<\/div>\r\n<!--end of container-->\r\n\r\n<\/section><section class=\"text-justify space--xs\">\r\n<div class=\"container\">\r\n<div class=\"row\">\r\n<div class=\"col-sm-6\">\r\n<ul class=\"bullets\">\r\n \t<li class=\"lead li-blocked\"><span style=\"font-weight: 400;\"><b>L'idea deve essere realizzabile<\/b>: Perch\u00e9 un'idea sia protetta, deve essere esteriorizzata e acquisire una forma materiale. Non pu\u00f2 esistere solo nella mente del suo autore.<\/span><\/li>\r\n \t<li class=\"lead li-blocked\"><b>L'idea deve essere originale<\/b><span style=\"font-weight: 400;\">: Un'idea \u00e8 originale quando riflette l'impronta personale dell'autore, porta il marchio del contributo intellettuale dello stesso ed \u00e8 l'espressione delle scelte libere e creative dell'autore.<\/span><\/li>\r\n<\/ul>\r\n<p class=\"lead\">Molto pi\u00f9 di una semplice idea, un concetto completo.<\/p>\r\n\r\n<h2 style=\"text-align: left;\"><span style=\"color: #db3b29;\">Perch\u00e9 proteggere la mia idea o il mio concetto?<\/span><\/h2>\r\n<p class=\"lead\"><span style=\"font-weight: 400;\">In Francia, le opere dell'ingegno sono protette dal momento della loro creazione dal diritto d'autore. Conferisce all'autore un diritto esclusivo di propriet\u00e0 immateriale che \u00e8 opponibile a tutti. Nessuna formalit\u00e0 \u00e8 richiesta per beneficiare di questa protezione.<\/span><\/p>\r\n\r\n<div class=\"text-align: left;\">\r\n<p class=\"lead\"><span style=\"font-weight: 400;\">Tuttavia, questa protezione non \u00e8 sempre sufficiente per l'autore. In effetti, in caso di contenzioso, il diritto d'autore non vi fornisce la prova dell'anteriorit\u00e0 della vostra idea o concetto.<\/span><\/p>\r\n\r\n<\/div>\r\n<\/div>\r\n<div class=\"col-sm-6\">\r\n<h2 style=\"text-align: left;\"><span style=\"color: #db3b29;\">Tutelare la propria idea con un Copyright di Fidealis<\/span><\/h2>\r\n<p class=\"lead\"><span style=\"font-weight: 400;\">La protezione delle vostre idee e concetti tramite un <\/span><b>deposito di Copyright <\/b><span style=\"font-weight: 400;\">vi permette di costituire una prova di anteriorit\u00e0 che pu\u00f2 essere esibita in giudizio in caso di contenzioso, per legittimare la vostra posizione di autore.<\/span><\/p>\r\n<p class=\"lead\"><span style=\"font-weight: 400;\">Noi di Fidealis vi offriamo la <\/span><b>migliore soluzione sul mercato per la registrazione del vostro concetto<\/b><span style=\"font-weight: 400;\">. Registrando la vostra idea sulla nostra piattaforma di registrazione, essa \u00e8 immediatamente protetta. Dopo una firma digitale a prova di falsificazione e una marcatura temporale digitale, procediamo per voi alla formalit\u00e0 di deposito presso un ufficiale giudiziario. Questa registrazione \u00e8 valida a vita in 176 paesi.<\/span><\/p>\r\n<p class=\"lead\"><span style=\"font-weight: 400;\">Per garantire una miglior protezione, la registrazione delle vostre idee e concetti \u00e8 una soluzione sicura.<\/span><\/p>\r\n<p class=\"lead\"><span style=\"font-weight: 400;\">Grazie al copyright di Fidealis, potrete facilmente e rapidamente beneficiare dei vostri diritti sulle creazioni.<\/span><\/p>\r\n\r\n<\/div>\r\n<div class=\"col-sm-6\"><\/div>\r\n<\/div>\r\n<!--end of row-->\r\n\r\n<\/div>\r\n<!--end of container-->\r\n\r\n<\/section><section class=\"unpad--bottom switchable cta cta-3 bg--secondary text-justify\">\r\n<div class=\"container\">\r\n<div class=\"row\">\r\n<div class=\"col-sm-6 col-md-6\">\r\n<div class=\"switchable__text\">\r\n<h2><span style=\"color: #db3b29;\">Fidealis la <span>protezione<\/span> del concetto semplificata.<\/span><\/h2>\r\n<p class=\"lead\">La soluzione rivoluzionaria per la protezione dei disegni e delle collezioni, che combina firma elettronica, marcatura temporale e tecnologie blockchain. Le vostre creazioni sono istantaneamente certificate e archiviate in simultanea presso l'ufficiale giudiziario.<\/p>\r\n<a class=\"btn type--uppercase inner-link btn--primary\" title=\"\" href=\"https:\/\/beta.fidealis.com\/it\/it\/iscrizione\" target=\"_blank\" rel=\"noopener\"> <span class=\"btn__text\"> Iscriviti gratuitamente <\/span><span class=\"label\"> senza cdc<\/span><\/a>\r\n\r\n<\/div>\r\n<\/div>\r\n<div class=\"col-sm-6 col-md-5\"><img class=\"block\" src=\"https:\/\/beta.fidealis.com\/wp-content\/uploads\/2018\/08\/la-protection-d-une-idee.png\" alt=\"bien prot\u00e9ger son id\u00e9e par un d\u00e9p\u00f4t\" \/><\/div>\r\n<\/div>\r\n<!--end of row-->\r\n\r\n<\/div>\r\n<!--end of container-->\r\n\r\n<\/section><section class=\"text-center bg--primary space--xxs\">\r\n<div class=\"container\">\r\n<div class=\"row\">\r\n<div class=\"col-sm-10 col-md-8\">\r\n<h2><strong>I PACCHETTI CONCETTO FIDEALIS<\/strong><\/h2>\r\n<p class=\"lead\">Registrazione dell'ufficiale giudiziario per ogni creazione & e modello\/disegno.<\/p>\r\n\r\n<\/div>\r\n<\/div>\r\n<!--end of row-->\r\n\r\n<\/div>\r\n<!--end of container-->\r\n\r\n<\/section><section class=\"bg--secondary space--sm\">\r\n<div class=\"container\">\r\n<div class=\"row\">\r\n<div class=\"col-sm-4\">\r\n<div class=\"pricing pricing-1 boxed boxed--lg boxed--border\">\r\n<h3>Offerta Concetto SICURO<\/h3>\r\n<span class=\"h2\"><strong>289 \u20ac<\/strong><\/span> c<span class=\"type--fine-print\">osto Iva esclusa<\/span>\r\n\r\n<hr \/>\r\n\r\n<ul>\r\n \t<li><span class=\"checkmark bg--primary-1\"> <\/span><span>Protezione 1 Concetto + 4 aggiornamenti\r\n<\/span><\/li>\r\n \t<li><span class=\"checkmark bg--primary-1\"> <\/span><span>Fino a 5 depositi per 12 mesi\r\n<\/span><\/li>\r\n \t<li><span class=\"checkmark bg--primary-1\"> <\/span><span>Le spese di registrazione, gestione e supporto sono incluse.<\/span><\/li>\r\n \t<li><span>Importo dei depositi disponibile per 1 anno, con registrazione tramite ufficiale giudiziario e marcatura elettronica del tempo. <\/span><\/li>\r\n \t<li><span>Archiviazione sicura dei dati per 30 anni, valido per 176 paesi.<\/span><\/li>\r\n<\/ul>\r\n<a class=\"btn btn--primary\" title=\"\" href=\"https:\/\/beta.fidealis.com\/it\/it\/iscrizione\" target=\"\" rel=\"\"> <span class=\"btn__text\"> VOGLIO SAPERNE DI PI\u00da <\/span> <\/a>\r\n\r\n<\/div>\r\n<!--end of pricing-->\r\n\r\n<\/div>\r\n<div class=\"col-sm-4\">\r\n<div class=\"pricing pricing-1 boxed boxed--lg boxed--border boxed--emphasis\">\r\n<h3>Offerta Concetto PLUS<\/h3>\r\n<span class=\"h2\"><strong>690 \u20ac<\/strong><\/span> <span class=\"type--fine-print\">Costo Iva esclusa\u00a0<\/span>\r\n\r\n<hr \/>\r\n\r\n<ul>\r\n \t<li><span class=\"checkmark bg--primary-1\"> <\/span><span>Protezione di 1 o 2 concetti.\r\nAggiornamenti, immagini, documenti tecnici, documenti tecnici e contrattuali con terze parti.<\/span><\/li>\r\n \t<li><span class=\"checkmark bg--primary-1\"> <\/span><span>Fino a 50 depositi per 12 mesi<\/span><\/li>\r\n \t<li><span class=\"checkmark bg--primary-1\"> <\/span><span>Le spese di registrazione, gestione e supporto sono incluse.<\/span><\/li>\r\n \t<li><span>Importo dei depositi disponibile per 1 anno, con registrazione tramite ufficiale giudiziario e marcatura elettronica del tempo. <\/span><\/li>\r\n \t<li><span>Archiviazione sicura dei dati per 30 anni, valido per 176 paesi. <\/span><\/li>\r\n<\/ul>\r\n<a class=\"btn btn--primary-1\" title=\"\" href=\"https:\/\/beta.fidealis.com\/it\/it\/iscrizione\" target=\"\" rel=\"\"> <span class=\"btn__text\"> VOGLIO SAPERNE DI PI\u00da <\/span> <\/a>\r\n\r\n<\/div>\r\n<!--end of pricing-->\r\n\r\n<\/div>\r\n<div class=\"col-sm-4\">\r\n<div class=\"pricing pricing-1 boxed boxed--lg boxed--border\">\r\n<h3>Offerta concetto PREMIUM<\/h3>\r\n<span class=\"h2\"><strong>1200 \u20ac<\/strong><\/span> <span class=\"type--fine-print\">Costo Iva esclusa<\/span>\r\n\r\n<hr \/>\r\n\r\n<ul>\r\n \t<li><span class=\"checkmark bg--primary-1\"> <\/span><span>Protezione di 1, 2 o 3 concetti.\r\nAggiornamenti, immagini, documenti tecnici, documenti tecnici e contrattuali con terze parti.<\/span><\/li>\r\n \t<li><span class=\"checkmark bg--primary-1\"> <\/span><span>Fino a 100 depositi per 12 mesi\r\n<\/span><\/li>\r\n \t<li><span class=\"checkmark bg--primary-1\"> <\/span><span>Le spese di registrazione, gestione e supporto sono incluse.<\/span><\/li>\r\n \t<li><span>Importo dei depositi disponibile per 1 anno, con registrazione tramite ufficiale giudiziario e marcatura elettronica del tempo. <\/span><\/li>\r\n \t<li><span>Archiviazione sicura dei dati per 30 anni, valido per 176 paesi.<\/span><\/li>\r\n<\/ul>\r\n<a class=\"btn btn--primary\" title=\"\" href=\"https:\/\/beta.fidealis.com\/it\/it\/iscrizione\" target=\"\" rel=\"\"> <span class=\"btn__text\"> VOGLIO SAPERNE DI PI\u00da <\/span> <\/a>\r\n\r\n<\/div>\r\n<!--end of pricing-->\r\n\r\n<\/div>\r\n<\/div>\r\n<!--end of row-->\r\n\r\n<\/div>\r\n<!--end of container-->\r\n\r\n<\/section>","protected":false},"excerpt":{"rendered":"<p>Registrare un&#8217;idea, proteggere un concetto Il vostro deposito a partire da\u00a095\u20ac La Soluzione online per custodire le vostre idee e concetti Richiesta&#8230;<\/p>\n","protected":false},"author":1,"featured_media":0,"parent":16752,"menu_order":0,"comment_status":"closed","ping_status":"closed","template":"","meta":{"_joinchat":[]},"yoast_head":"<!-- This site is optimized with the Yoast SEO plugin v20.3 - https:\/\/yoast.com\/wordpress\/plugins\/seo\/ -->\n<title>Registrare e proteggere un&#039;idea con il deposito del copyright<\/title>\n<meta name=\"description\" content=\"Nel diritto della propriet\u00e0 intellettuale, non tutte le idee possono essere protette. Questo \u00e8 ci\u00f2 che si intende con il detto &quot;le idee sono libere di viaggiare&quot;. Senza un&#039;idea iniziale, per\u00f2, non c&#039;\u00e8 creazione intellettuale possibile. Ecco perch\u00e9 la legge francese protegge determinate idee. Questa protezione \u00e8 comunque limitata, ed \u00e8 per questo che vi suggeriamo di completarla depositando un copyright online con Fidealis.\" \/>\n<meta name=\"robots\" content=\"noindex, follow, max-snippet:-1, max-image-preview:large, max-video-preview:-1\" \/>\n<meta property=\"og:locale\" content=\"it_IT\" \/>\n<meta property=\"og:type\" content=\"article\" \/>\n<meta property=\"og:title\" content=\"Registrare e proteggere un&#039;idea con il deposito del copyright\" \/>\n<meta property=\"og:description\" content=\"Nel diritto della propriet\u00e0 intellettuale, non tutte le idee possono essere protette. Questo \u00e8 ci\u00f2 che si intende con il detto &quot;le idee sono libere di viaggiare&quot;. Senza un&#039;idea iniziale, per\u00f2, non c&#039;\u00e8 creazione intellettuale possibile. Ecco perch\u00e9 la legge francese protegge determinate idee. Questa protezione \u00e8 comunque limitata, ed \u00e8 per questo che vi suggeriamo di completarla depositando un copyright online con Fidealis.\" \/>\n<meta property=\"og:url\" content=\"https:\/\/beta.fidealis.com\/it\/il-deposito-online-di-modelli\/la-protezione-di-unidea-di-un-concetto\/\" \/>\n<meta property=\"og:site_name\" content=\"Fidealis\" \/>\n<meta property=\"article:publisher\" content=\"https:\/\/www.facebook.com\/Fidealis-573887362622849\/\" \/>\n<meta property=\"article:modified_time\" content=\"2021-08-12T14:25:39+00:00\" \/>\n<meta name=\"twitter:card\" content=\"summary_large_image\" \/>\n<script type=\"application\/ld+json\" class=\"yoast-schema-graph\">{\"@context\":\"https:\/\/schema.org\",\"@graph\":[{\"@type\":\"WebPage\",\"@id\":\"https:\/\/beta.fidealis.com\/it\/il-deposito-online-di-modelli\/la-protezione-di-unidea-di-un-concetto\/\",\"url\":\"https:\/\/beta.fidealis.com\/it\/il-deposito-online-di-modelli\/la-protezione-di-unidea-di-un-concetto\/\",\"name\":\"Registrare e proteggere un'idea con il deposito del copyright\",\"isPartOf\":{\"@id\":\"https:\/\/beta.fidealis.com\/#website\"},\"datePublished\":\"2021-07-26T08:44:08+00:00\",\"dateModified\":\"2021-08-12T14:25:39+00:00\",\"description\":\"Nel diritto della propriet\u00e0 intellettuale, non tutte le idee possono essere protette. Questo \u00e8 ci\u00f2 che si intende con il detto \\\"le idee sono libere di viaggiare\\\". Senza un'idea iniziale, per\u00f2, non c'\u00e8 creazione intellettuale possibile. Ecco perch\u00e9 la legge francese protegge determinate idee. Questa protezione \u00e8 comunque limitata, ed \u00e8 per questo che vi suggeriamo di completarla depositando un copyright online con Fidealis.\",\"breadcrumb\":{\"@id\":\"https:\/\/beta.fidealis.com\/it\/il-deposito-online-di-modelli\/la-protezione-di-unidea-di-un-concetto\/#breadcrumb\"},\"inLanguage\":\"it-IT\",\"potentialAction\":[{\"@type\":\"ReadAction\",\"target\":[\"https:\/\/beta.fidealis.com\/it\/il-deposito-online-di-modelli\/la-protezione-di-unidea-di-un-concetto\/\"]}]},{\"@type\":\"BreadcrumbList\",\"@id\":\"https:\/\/beta.fidealis.com\/it\/il-deposito-online-di-modelli\/la-protezione-di-unidea-di-un-concetto\/#breadcrumb\",\"itemListElement\":[{\"@type\":\"ListItem\",\"position\":1,\"name\":\"Accueil\",\"item\":\"https:\/\/beta.fidealis.com\/it\/\"},{\"@type\":\"ListItem\",\"position\":2,\"name\":\"Il deposito online di modelli\",\"item\":\"https:\/\/beta.fidealis.com\/it\/il-deposito-online-di-modelli\/\"},{\"@type\":\"ListItem\",\"position\":3,\"name\":\"La protezione di un&#8217;idea, di un concetto\"}]},{\"@type\":\"WebSite\",\"@id\":\"https:\/\/beta.fidealis.com\/#website\",\"url\":\"https:\/\/beta.fidealis.com\/\",\"name\":\"Fidealis\",\"description\":\"Fidealis: vous cr\u00e9ez, nous prot\u00e9geons.\",\"publisher\":{\"@id\":\"https:\/\/beta.fidealis.com\/#organization\"},\"potentialAction\":[{\"@type\":\"SearchAction\",\"target\":{\"@type\":\"EntryPoint\",\"urlTemplate\":\"https:\/\/beta.fidealis.com\/?s={search_term_string}\"},\"query-input\":\"required name=search_term_string\"}],\"inLanguage\":\"it-IT\"},{\"@type\":\"Organization\",\"@id\":\"https:\/\/beta.fidealis.com\/#organization\",\"name\":\"Fidealis\",\"url\":\"https:\/\/beta.fidealis.com\/\",\"logo\":{\"@type\":\"ImageObject\",\"inLanguage\":\"it-IT\",\"@id\":\"https:\/\/beta.fidealis.com\/#\/schema\/logo\/image\/\",\"url\":\"https:\/\/www.fidealis.com\/wp-content\/uploads\/2018\/04\/logo-fidealis.png\",\"contentUrl\":\"https:\/\/www.fidealis.com\/wp-content\/uploads\/2018\/04\/logo-fidealis.png\",\"width\":525,\"height\":205,\"caption\":\"Fidealis\"},\"image\":{\"@id\":\"https:\/\/beta.fidealis.com\/#\/schema\/logo\/image\/\"},\"sameAs\":[\"https:\/\/www.facebook.com\/Fidealis-573887362622849\/\"]}]}<\/script>\n<!-- \/ Yoast SEO plugin. -->","yoast_head_json":{"title":"Registrare e proteggere un'idea con il deposito del copyright","description":"Nel diritto della propriet\u00e0 intellettuale, non tutte le idee possono essere protette. Questo \u00e8 ci\u00f2 che si intende con il detto \"le idee sono libere di viaggiare\". Senza un'idea iniziale, per\u00f2, non c'\u00e8 creazione intellettuale possibile. Ecco perch\u00e9 la legge francese protegge determinate idee. Questa protezione \u00e8 comunque limitata, ed \u00e8 per questo che vi suggeriamo di completarla depositando un copyright online con Fidealis.","robots":{"index":"noindex","follow":"follow","max-snippet":"max-snippet:-1","max-image-preview":"max-image-preview:large","max-video-preview":"max-video-preview:-1"},"og_locale":"it_IT","og_type":"article","og_title":"Registrare e proteggere un'idea con il deposito del copyright","og_description":"Nel diritto della propriet\u00e0 intellettuale, non tutte le idee possono essere protette. Questo \u00e8 ci\u00f2 che si intende con il detto \"le idee sono libere di viaggiare\". Senza un'idea iniziale, per\u00f2, non c'\u00e8 creazione intellettuale possibile. Ecco perch\u00e9 la legge francese protegge determinate idee. Questa protezione \u00e8 comunque limitata, ed \u00e8 per questo che vi suggeriamo di completarla depositando un copyright online con Fidealis.","og_url":"https:\/\/beta.fidealis.com\/it\/il-deposito-online-di-modelli\/la-protezione-di-unidea-di-un-concetto\/","og_site_name":"Fidealis","article_publisher":"https:\/\/www.facebook.com\/Fidealis-573887362622849\/","article_modified_time":"2021-08-12T14:25:39+00:00","twitter_card":"summary_large_image","schema":{"@context":"https:\/\/schema.org","@graph":[{"@type":"WebPage","@id":"https:\/\/beta.fidealis.com\/it\/il-deposito-online-di-modelli\/la-protezione-di-unidea-di-un-concetto\/","url":"https:\/\/beta.fidealis.com\/it\/il-deposito-online-di-modelli\/la-protezione-di-unidea-di-un-concetto\/","name":"Registrare e proteggere un'idea con il deposito del copyright","isPartOf":{"@id":"https:\/\/beta.fidealis.com\/#website"},"datePublished":"2021-07-26T08:44:08+00:00","dateModified":"2021-08-12T14:25:39+00:00","description":"Nel diritto della propriet\u00e0 intellettuale, non tutte le idee possono essere protette. Questo \u00e8 ci\u00f2 che si intende con il detto \"le idee sono libere di viaggiare\". Senza un'idea iniziale, per\u00f2, non c'\u00e8 creazione intellettuale possibile. Ecco perch\u00e9 la legge francese protegge determinate idee. Questa protezione \u00e8 comunque limitata, ed \u00e8 per questo che vi suggeriamo di completarla depositando un copyright online con Fidealis.","breadcrumb":{"@id":"https:\/\/beta.fidealis.com\/it\/il-deposito-online-di-modelli\/la-protezione-di-unidea-di-un-concetto\/#breadcrumb"},"inLanguage":"it-IT","potentialAction":[{"@type":"ReadAction","target":["https:\/\/beta.fidealis.com\/it\/il-deposito-online-di-modelli\/la-protezione-di-unidea-di-un-concetto\/"]}]},{"@type":"BreadcrumbList","@id":"https:\/\/beta.fidealis.com\/it\/il-deposito-online-di-modelli\/la-protezione-di-unidea-di-un-concetto\/#breadcrumb","itemListElement":[{"@type":"ListItem","position":1,"name":"Accueil","item":"https:\/\/beta.fidealis.com\/it\/"},{"@type":"ListItem","position":2,"name":"Il deposito online di modelli","item":"https:\/\/beta.fidealis.com\/it\/il-deposito-online-di-modelli\/"},{"@type":"ListItem","position":3,"name":"La protezione di un&#8217;idea, di un concetto"}]},{"@type":"WebSite","@id":"https:\/\/beta.fidealis.com\/#website","url":"https:\/\/beta.fidealis.com\/","name":"Fidealis","description":"Fidealis: vous cr\u00e9ez, nous prot\u00e9geons.","publisher":{"@id":"https:\/\/beta.fidealis.com\/#organization"},"potentialAction":[{"@type":"SearchAction","target":{"@type":"EntryPoint","urlTemplate":"https:\/\/beta.fidealis.com\/?s={search_term_string}"},"query-input":"required name=search_term_string"}],"inLanguage":"it-IT"},{"@type":"Organization","@id":"https:\/\/beta.fidealis.com\/#organization","name":"Fidealis","url":"https:\/\/beta.fidealis.com\/","logo":{"@type":"ImageObject","inLanguage":"it-IT","@id":"https:\/\/beta.fidealis.com\/#\/schema\/logo\/image\/","url":"https:\/\/www.fidealis.com\/wp-content\/uploads\/2018\/04\/logo-fidealis.png","contentUrl":"https:\/\/www.fidealis.com\/wp-content\/uploads\/2018\/04\/logo-fidealis.png","width":525,"height":205,"caption":"Fidealis"},"image":{"@id":"https:\/\/beta.fidealis.com\/#\/schema\/logo\/image\/"},"sameAs":["https:\/\/www.facebook.com\/Fidealis-573887362622849\/"]}]}},"_links":{"self":[{"href":"https:\/\/beta.fidealis.com\/it\/wp-json\/wp\/v2\/pages\/16753"}],"collection":[{"href":"https:\/\/beta.fidealis.com\/it\/wp-json\/wp\/v2\/pages"}],"about":[{"href":"https:\/\/beta.fidealis.com\/it\/wp-json\/wp\/v2\/types\/page"}],"author":[{"embeddable":true,"href":"https:\/\/beta.fidealis.com\/it\/wp-json\/wp\/v2\/users\/1"}],"replies":[{"embeddable":true,"href":"https:\/\/beta.fidealis.com\/it\/wp-json\/wp\/v2\/comments?post=16753"}],"version-history":[{"count":5,"href":"https:\/\/beta.fidealis.com\/it\/wp-json\/wp\/v2\/pages\/16753\/revisions"}],"predecessor-version":[{"id":16998,"href":"https:\/\/beta.fidealis.com\/it\/wp-json\/wp\/v2\/pages\/16753\/revisions\/16998"}],"up":[{"embeddable":true,"href":"https:\/\/beta.fidealis.com\/it\/wp-json\/wp\/v2\/pages\/16752"}],"wp:attachment":[{"href":"https:\/\/beta.fidealis.com\/it\/wp-json\/wp\/v2\/media?parent=16753"}],"curies":[{"name":"wp","href":"https:\/\/api.w.org\/{rel}","templated":true}]}}