{"id":16755,"date":"2021-07-26T10:49:59","date_gmt":"2021-07-26T08:49:59","guid":{"rendered":"https:\/\/www.fidealis.com\/il-deposito-online-di-modelli\/protezione-video-e-film\/"},"modified":"2021-08-10T10:37:23","modified_gmt":"2021-08-10T08:37:23","slug":"protezione-video-e-film","status":"publish","type":"page","link":"https:\/\/beta.fidealis.com\/it\/il-deposito-online-di-modelli\/protezione-video-e-film\/","title":{"rendered":"Protezione video e film"},"content":{"rendered":"<section class=\"cover imagebg text-center height-60 section--ken-burns\" data-overlay=\"5\">\r\n<div class=\"background-image-holder\"><img src=\"https:\/\/beta.fidealis.com\/wp-content\/uploads\/2018\/06\/protection-de-videos-films-2.jpg\" alt=\"\" \/><\/div>\r\n<div class=\"container pos-vertical-center\">\r\n<div class=\"row\">\r\n<div class=\"col-sm-8 col-md-9\">\r\n<h1>Deposito e protezione online di video e film<\/h1>\r\n<\/div>\r\n<\/div>\r\n<!--end of row-->\r\n\r\n<\/div>\r\n<!--end of container-->\r\n\r\n<\/section><section class=\"bg--secondary space--xxs\">\r\n<div class=\"container\">\r\n<div class=\"row\">\r\n<div class=\"cta cta--horizontal text-center-xs\">\r\n<div class=\"col-sm-4\">\r\n<h4>Il vostro deposito a partire da 95\u20ac<\/h4>\r\n<\/div>\r\n<div class=\"col-sm-5\">\r\n<p class=\"lead\">La soluzione online per proteggere i vostri film e video<\/p>\r\n\r\n<\/div>\r\n<div class=\"col-sm-3 text-right text-center-xs\"><a class=\"btn btn--primary type--uppercase\" title=\"\" href=\"https:\/\/beta.fidealis.com\/it\/chi-siamo\/contattaci\/\" target=\"\" rel=\"\"> <span class=\"btn__text\"> Richiesta di contatto<\/span> <\/a><\/div>\r\n<\/div>\r\n<\/div>\r\n<!--end of row-->\r\n\r\n<\/div>\r\n<!--end of container-->\r\n\r\n<\/section><section class=\"switchable feature-large text-justify space--xxs\">\r\n<div class=\"container\">\r\n<div class=\"row\">\r\n<div class=\"col-sm-6 col-md-6\">\r\n<div class=\"switchable__text\">\r\n<h2 class=\"left\">Proteggete i vostri video e filmati<\/h2>\r\n<div class=\"right\"><\/div>\r\n<p class=\"lead\">I video e le creazioni cinematografiche sono protetti, come tutte le opere intellettuali, dal diritto d'autore dalle leggi dell'11 marzo 1957 e del 3 luglio 1985.<\/p>\r\n<p class=\"lead\">Il Codice della Propriet\u00e0 Intellettuale afferma che l'autore di una produzione originale ha diritti morali ed economici sulla sua opera dal momento della sua creazione. Ci\u00f2 significa che egli gode della propriet\u00e0 e dell'uso esclusivo dell'opera e ha il potere di autorizzare o rifiutare il suo sfruttamento da terzi.<\/p>\r\n<p class=\"lead\">Alla morte del creatore, il copyright del film passa ai suoi eredi per un periodo di 70 anni, dopo di che l'opera cade nel pubblico dominio. In caso di controversia, \u00e8 necessario provare la paternit\u00e0 dell'opera. Per fare questo, procedete con la registrazione <a href=\"https:\/\/beta.fidealis.com\/it\/it\/il-deposito-online-di-modelli\/\">del copyright.<\/a><\/p>\r\n\r\n<\/div>\r\n<\/div>\r\n<div class=\"col-sm-5\">\r\n<div class=\"boxed boxed--lg boxed--border\">\r\n<div class=\"feature feature-2\"><i class=\"icon color--primary icon-Libra-2\"><\/i>\r\n<div class=\"feature__body\">\r\n<h5>Prova riconosciuta in tribunale<\/h5>\r\n<p>Riconosciuti dai tribunali del mondo<\/p>\r\n\r\n<\/div>\r\n<\/div>\r\n<!--end feature-->\r\n<div class=\"feature feature-2\"><i class=\"icon color--primary icon-Security-Check\"><\/i>\r\n<div class=\"feature__body\">\r\n<h5>Certificato dell'ufficiale giudiziario valido a vita<\/h5>\r\n<p>Costituisce in una prova valida a vita<\/p>\r\n\r\n<\/div>\r\n<\/div>\r\n<div class=\"feature feature-2\"><i class=\"icon color--primary icon-Font-Window\"><\/i>\r\n<div class=\"feature__body\">\r\n<h5>Il vostro certificato disponibile in 11 lingue<\/h5>\r\n<p style=\"text-align: left;\">Avrete i vostri depositi in inglese, francese, italiano, cinese, tedesco, portoghese, arabo, spagnolo, coreano, giapponese e russo.<\/p>\r\n\r\n<\/div>\r\n<\/div>\r\n<!--end feature-->\r\n<div class=\"feature feature-2\"> <i class=\"icon color--primary icon-Windows-2\"><\/i>\r\n<div class=\"feature__body\">\r\n<h5>Le tue prove disponibili 24\/7<\/h5>\r\n<p>Ricevuta di deposito disponibile online 24\/7.<\/p>\r\n\r\n<\/div>\r\n<\/div>\r\n<!--end feature-->\r\n\r\n<\/div>\r\n<\/div>\r\n<\/div>\r\n<!--end of row-->\r\n\r\n<\/div>\r\n<!--end of container-->\r\n\r\n<\/section><section class=\"bg--secondary text-center space--xxs\">\r\n<div class=\"container\">\r\n<div class=\"row\">\r\n<div class=\"col-sm-12\">\r\n<h2 class=\"addtoppad\">Come fa Fidealis a proteggere le mie creazioni video?<\/h2>\r\n<\/div>\r\n<\/div>\r\n<!--end of row-->\r\n\r\n<\/div>\r\n<!--end of container-->\r\n\r\n<\/section><section class=\"bg--secondary space--xs\">\r\n<div class=\"container\">\r\n<div class=\"row\">\r\n<div class=\"col-sm-4\">\r\n<div class=\"feature feature-2 boxed boxed--border\"><i class=\"icon color--primary icon-Checked-User\"><\/i>\r\n<div class=\"feature__body\">\r\n<p style=\"text-align: center;\"><span class=\"h1 h1--medium\" style=\"color: #d93d3d;\">1.<\/span><\/p>\r\n\r\n<h4 style=\"text-align: center;\">Registrazione<\/h4>\r\n<p style=\"text-align: center;\">Iscriviti gratuitamente.<br>\r\nNessun pagamento verr\u00e0 richiesto.<\/p>\r\n\r\n<\/div>\r\n<\/div>\r\n<!--end feature-->\r\n\r\n<\/div>\r\n<div class=\"col-sm-4\">\r\n<div class=\"feature feature-2 boxed boxed--border\"><i class=\"icon color--primary icon-Security-Settings\"><\/i>\r\n<div class=\"feature__body\">\r\n<p style=\"text-align: center;\"><span class=\"h1 h1--medium\" style=\"color: #d93d3d;\">2.<\/span><\/p>\r\n\r\n<h4 style=\"text-align: center;\">Assistenza<\/h4>\r\n<p style=\"text-align: center;\">Scegli un'offerta adatta alle tue esigenze con l'aiuto di uno dei nostri consulenti.<\/p>\r\n\r\n<\/div>\r\n<\/div>\r\n<!--end feature-->\r\n\r\n<\/div>\r\n<div class=\"col-sm-4\">\r\n<div class=\"feature feature-2 boxed boxed--border\"><i class=\"icon color--primary icon-Security-Check\"><\/i>\r\n<div class=\"feature__body\">\r\n<p style=\"text-align: center;\"><span class=\"h1 h1--medium\" style=\"color: #d93d3d;\">3.<\/span><\/p>\r\n\r\n<h4 style=\"text-align: center;\">Tutela<\/h4>\r\n<p style=\"text-align: center;\">Deposita le tue creazioni online.<br>\r\nSei protetto!<\/p>\r\n\r\n<\/div>\r\n<\/div>\r\n<!--end feature-->\r\n\r\n<\/div>\r\n<\/div>\r\n<!--end of row-->\r\n\r\n<\/div>\r\n<!--end of container-->\r\n\r\n<\/section><section class=\"text-center bg--secondary space--xxs\">\r\n<div class=\"container\">\r\n<div class=\"row\">\r\n<div class=\"col-sm-8 col-md-6\">\r\n<div class=\"cta\">\r\n\r\n<a class=\"btn type--uppercase inner-link btn--primary\" title=\"\" href=\"https:\/\/beta.fidealis.com\/it\/it\/iscrizione\" target=\"_blank\" rel=\"noopener\"><span class=\"btn__text\">Registrati subito<\/span> <\/a>\r\n<p class=\"type--fine-print\" style=\"margin-top: 0.03em; margin-bottom: 1.2em;\">Nessuna carta di credito richiesta.<\/p>\r\n\r\n<\/div>\r\n<\/div>\r\n<\/div>\r\n<!--end of row-->\r\n\r\n<\/div>\r\n<!--end of container-->\r\n\r\n<\/section><section class=\"feature-large switchable text-justify space--xs\">\r\n<div class=\"container\">\r\n<div class=\"row\">\r\n<div class=\"col-md-6 col-sm-6\"><img class=\"border--round box-shadow-wide\" src=\"https:\/\/beta.fidealis.com\/wp-content\/uploads\/2018\/08\/copyright-film-video.jpg\" alt=\"prot\u00e9ger vos films et video du plagiat\" \/><\/div>\r\n<div class=\"col-md-5 col-sm-6\">\r\n<div class=\"heading-block\">\r\n<h2>Diritti d'autore sui film per proteggere i propri video<\/h2>\r\n<div class=\"right\"><\/div>\r\n<p class=\"lead\">Anche se protetto dal copyright cinematografico, un video \u00e8 soggetto al rischio di plagio dal momento in cui viene divulgato. Nonostante le disposizioni come <a href=\"https:\/\/www.hadopi.fr\/\" target=\"_blank\" rel=\"noopener\">Hadopi,<\/a> in particolare per i lungometraggi, il rischio \u00e8 presente anche per i video pi\u00f9 brevi, sia artistici che istituzionali.<\/p>\r\n<p class=\"lead\">Essendo la concorrenza importante, la copia o la riproduzione o il plagio di creazioni senza autorizzazione \u00e8 estremamente \"semplice\" e diffuso, in particolare su Internet. Al fine di garantire una protezione pi\u00f9 efficace, \u00e8 consigliabile che l'autore registri un copyright video presso professionisti come le societ\u00e0 specializzate nella protezione dei diritti d'autore cinematografici. La societ\u00e0 privata Fidealis, con la sua esperienza nella protezione delle opere originali, depositer\u00e0 per voi una domanda di copyright video.<\/p>\r\n\r\n<\/div>\r\n<\/div>\r\n<\/div>\r\n<!--end of row-->\r\n\r\n<\/div>\r\n<!--end of container-->\r\n\r\n<\/section><section class=\"imagebg text-justify\" data-overlay=\"6\">\r\n<div class=\"background-image-holder\"><img src=\"https:\/\/beta.fidealis.com\/wp-content\/uploads\/2018\/08\/prote\u0301ger-ses-films-videos2.jpg\" alt=\"\u00e9viter le plagiat ou le vol de vos videos et films\" \/><\/div>\r\n<div class=\"container\">\r\n<div class=\"row\">\r\n<div class=\"col-sm-8 col-md-6\">\r\n<div class=\"cta\">\r\n<h2><span style=\"color: #ffffff;\"><strong>Proteggere i propri video dal plagio con un copyright cinematografico<\/strong><\/span><\/h2>\r\n<p class=\"lead\">Dimostrare la propriet\u00e0 di un lavoro \u00e8 essenziale per una protezione affidabile e un supporto legale in caso di plagio. Fidealis si occuper\u00e0 per voi del processo di registrazione del copyright dei film utilizzando metodi sicuri e riconosciuti come la firma digitale e la marcatura temporale elettronica della vostra creazione. Fidealis si occupa inoltre di depositare il vostro lavoro presso un ufficiale giudiziario. Lavoriamo con voi per garantire i vostri diritti attraverso la registrazione di un copyright video e per proteggere le vostre creazioni dal plagio.<\/p>\r\n\r\n<ul class=\"bullets\">\r\n \t<li class=\"lead li-blocked\" style=\"color: #fff;\">La firma digitale delle proprie opere<\/li>\r\n \t<li class=\"lead li-blocked\" style=\"color: #fff;\">Marcatura elettronica della data<\/li>\r\n \t<li class=\"lead li-blocked\" style=\"color: #fff;\">Deposito presso un ufficiale giudiziario<\/li>\r\n<\/ul>\r\n<\/div>\r\n<\/div>\r\n<\/div>\r\n<!--end of row-->\r\n\r\n<\/div>\r\n<!--end of container-->\r\n\r\n<\/section><section class=\"unpad--bottom switchable cta cta-3 bg--secondary switchable--switch\">\r\n<div class=\"container\">\r\n<div class=\"row\">\r\n<div class=\"col-sm-6 col-md-6\">\r\n<div class=\"switchable__text\">\r\n<h2><span style=\"color: #e03a2b;\">Fidealis, protegge le vostre opere cinematografiche<\/span><\/h2>\r\n<p class=\"lead\">La soluzione rivoluzionaria per la protezione dei disegni e delle collezioni, che combina firma elettronica, marcatura temporale e tecnologie blockchain. Le vostre creazioni sono istantaneamente certificate e archiviate in simultanea presso l'ufficiale giudiziario.<\/p>\r\n<a class=\"btn type--uppercase inner-link btn--primary\" title=\"\" href=\"https:\/\/beta.fidealis.com\/it\/it\/iscrizione\" target=\"_blank\" rel=\"noopener\"> <span class=\"btn__text\"> Iscriviti gratuitamente<\/span><span class=\"label\">senza cdc<\/span> <\/a>\r\n\r\n<\/div>\r\n<\/div>\r\n<div class=\"col-sm-6 col-md-5\"><img class=\"block\" src=\"https:\/\/beta.fidealis.com\/wp-content\/uploads\/2018\/08\/copyright-video-films-entreprise-motion.png\" alt=\"d\u00e9pot copyright film et video\" \/><\/div>\r\n<\/div>\r\n<!--end of row-->\r\n\r\n<\/div>\r\n<!--end of container-->\r\n\r\n<\/section>","protected":false},"excerpt":{"rendered":"<p>Deposito e protezione online di video e film Il vostro deposito a partire da 95\u20ac La soluzione online per proteggere i vostri&#8230;<\/p>\n","protected":false},"author":1,"featured_media":0,"parent":16752,"menu_order":0,"comment_status":"closed","ping_status":"closed","template":"","meta":{"_joinchat":[]},"yoast_head":"<!-- This site is optimized with the Yoast SEO plugin v20.3 - https:\/\/yoast.com\/wordpress\/plugins\/seo\/ -->\n<title>Deposita e proteggi i tuoi video e film con il deposito del copyright.<\/title>\n<meta name=\"description\" content=\"La soluzione innovativa per la protezione di film e video, che combina firma elettronica, marcatura temporale e tecnologia blockchain. Le tue creazioni sono istantaneamente certificate e archiviate in contemporanea presso l&#039;ufficiale giudiziario.\" \/>\n<meta name=\"robots\" content=\"noindex, follow, max-snippet:-1, max-image-preview:large, max-video-preview:-1\" \/>\n<meta property=\"og:locale\" content=\"it_IT\" \/>\n<meta property=\"og:type\" content=\"article\" \/>\n<meta property=\"og:title\" content=\"Deposita e proteggi i tuoi video e film con il deposito del copyright.\" \/>\n<meta property=\"og:description\" content=\"La soluzione innovativa per la protezione di film e video, che combina firma elettronica, marcatura temporale e tecnologia blockchain. Le tue creazioni sono istantaneamente certificate e archiviate in contemporanea presso l&#039;ufficiale giudiziario.\" \/>\n<meta property=\"og:url\" content=\"https:\/\/beta.fidealis.com\/it\/il-deposito-online-di-modelli\/protezione-video-e-film\/\" \/>\n<meta property=\"og:site_name\" content=\"Fidealis\" \/>\n<meta property=\"article:publisher\" content=\"https:\/\/www.facebook.com\/Fidealis-573887362622849\/\" \/>\n<meta property=\"article:modified_time\" content=\"2021-08-10T08:37:23+00:00\" \/>\n<meta name=\"twitter:card\" content=\"summary_large_image\" \/>\n<script type=\"application\/ld+json\" class=\"yoast-schema-graph\">{\"@context\":\"https:\/\/schema.org\",\"@graph\":[{\"@type\":\"WebPage\",\"@id\":\"https:\/\/beta.fidealis.com\/it\/il-deposito-online-di-modelli\/protezione-video-e-film\/\",\"url\":\"https:\/\/beta.fidealis.com\/it\/il-deposito-online-di-modelli\/protezione-video-e-film\/\",\"name\":\"Deposita e proteggi i tuoi video e film con il deposito del copyright.\",\"isPartOf\":{\"@id\":\"https:\/\/beta.fidealis.com\/#website\"},\"datePublished\":\"2021-07-26T08:49:59+00:00\",\"dateModified\":\"2021-08-10T08:37:23+00:00\",\"description\":\"La soluzione innovativa per la protezione di film e video, che combina firma elettronica, marcatura temporale e tecnologia blockchain. Le tue creazioni sono istantaneamente certificate e archiviate in contemporanea presso l'ufficiale giudiziario.\",\"breadcrumb\":{\"@id\":\"https:\/\/beta.fidealis.com\/it\/il-deposito-online-di-modelli\/protezione-video-e-film\/#breadcrumb\"},\"inLanguage\":\"it-IT\",\"potentialAction\":[{\"@type\":\"ReadAction\",\"target\":[\"https:\/\/beta.fidealis.com\/it\/il-deposito-online-di-modelli\/protezione-video-e-film\/\"]}]},{\"@type\":\"BreadcrumbList\",\"@id\":\"https:\/\/beta.fidealis.com\/it\/il-deposito-online-di-modelli\/protezione-video-e-film\/#breadcrumb\",\"itemListElement\":[{\"@type\":\"ListItem\",\"position\":1,\"name\":\"Accueil\",\"item\":\"https:\/\/beta.fidealis.com\/it\/\"},{\"@type\":\"ListItem\",\"position\":2,\"name\":\"Il deposito online di modelli\",\"item\":\"https:\/\/beta.fidealis.com\/it\/il-deposito-online-di-modelli\/\"},{\"@type\":\"ListItem\",\"position\":3,\"name\":\"Protezione video e film\"}]},{\"@type\":\"WebSite\",\"@id\":\"https:\/\/beta.fidealis.com\/#website\",\"url\":\"https:\/\/beta.fidealis.com\/\",\"name\":\"Fidealis\",\"description\":\"Fidealis: vous cr\u00e9ez, nous prot\u00e9geons.\",\"publisher\":{\"@id\":\"https:\/\/beta.fidealis.com\/#organization\"},\"potentialAction\":[{\"@type\":\"SearchAction\",\"target\":{\"@type\":\"EntryPoint\",\"urlTemplate\":\"https:\/\/beta.fidealis.com\/?s={search_term_string}\"},\"query-input\":\"required name=search_term_string\"}],\"inLanguage\":\"it-IT\"},{\"@type\":\"Organization\",\"@id\":\"https:\/\/beta.fidealis.com\/#organization\",\"name\":\"Fidealis\",\"url\":\"https:\/\/beta.fidealis.com\/\",\"logo\":{\"@type\":\"ImageObject\",\"inLanguage\":\"it-IT\",\"@id\":\"https:\/\/beta.fidealis.com\/#\/schema\/logo\/image\/\",\"url\":\"https:\/\/www.fidealis.com\/wp-content\/uploads\/2018\/04\/logo-fidealis.png\",\"contentUrl\":\"https:\/\/www.fidealis.com\/wp-content\/uploads\/2018\/04\/logo-fidealis.png\",\"width\":525,\"height\":205,\"caption\":\"Fidealis\"},\"image\":{\"@id\":\"https:\/\/beta.fidealis.com\/#\/schema\/logo\/image\/\"},\"sameAs\":[\"https:\/\/www.facebook.com\/Fidealis-573887362622849\/\"]}]}<\/script>\n<!-- \/ Yoast SEO plugin. -->","yoast_head_json":{"title":"Deposita e proteggi i tuoi video e film con il deposito del copyright.","description":"La soluzione innovativa per la protezione di film e video, che combina firma elettronica, marcatura temporale e tecnologia blockchain. Le tue creazioni sono istantaneamente certificate e archiviate in contemporanea presso l'ufficiale giudiziario.","robots":{"index":"noindex","follow":"follow","max-snippet":"max-snippet:-1","max-image-preview":"max-image-preview:large","max-video-preview":"max-video-preview:-1"},"og_locale":"it_IT","og_type":"article","og_title":"Deposita e proteggi i tuoi video e film con il deposito del copyright.","og_description":"La soluzione innovativa per la protezione di film e video, che combina firma elettronica, marcatura temporale e tecnologia blockchain. Le tue creazioni sono istantaneamente certificate e archiviate in contemporanea presso l'ufficiale giudiziario.","og_url":"https:\/\/beta.fidealis.com\/it\/il-deposito-online-di-modelli\/protezione-video-e-film\/","og_site_name":"Fidealis","article_publisher":"https:\/\/www.facebook.com\/Fidealis-573887362622849\/","article_modified_time":"2021-08-10T08:37:23+00:00","twitter_card":"summary_large_image","schema":{"@context":"https:\/\/schema.org","@graph":[{"@type":"WebPage","@id":"https:\/\/beta.fidealis.com\/it\/il-deposito-online-di-modelli\/protezione-video-e-film\/","url":"https:\/\/beta.fidealis.com\/it\/il-deposito-online-di-modelli\/protezione-video-e-film\/","name":"Deposita e proteggi i tuoi video e film con il deposito del copyright.","isPartOf":{"@id":"https:\/\/beta.fidealis.com\/#website"},"datePublished":"2021-07-26T08:49:59+00:00","dateModified":"2021-08-10T08:37:23+00:00","description":"La soluzione innovativa per la protezione di film e video, che combina firma elettronica, marcatura temporale e tecnologia blockchain. Le tue creazioni sono istantaneamente certificate e archiviate in contemporanea presso l'ufficiale giudiziario.","breadcrumb":{"@id":"https:\/\/beta.fidealis.com\/it\/il-deposito-online-di-modelli\/protezione-video-e-film\/#breadcrumb"},"inLanguage":"it-IT","potentialAction":[{"@type":"ReadAction","target":["https:\/\/beta.fidealis.com\/it\/il-deposito-online-di-modelli\/protezione-video-e-film\/"]}]},{"@type":"BreadcrumbList","@id":"https:\/\/beta.fidealis.com\/it\/il-deposito-online-di-modelli\/protezione-video-e-film\/#breadcrumb","itemListElement":[{"@type":"ListItem","position":1,"name":"Accueil","item":"https:\/\/beta.fidealis.com\/it\/"},{"@type":"ListItem","position":2,"name":"Il deposito online di modelli","item":"https:\/\/beta.fidealis.com\/it\/il-deposito-online-di-modelli\/"},{"@type":"ListItem","position":3,"name":"Protezione video e film"}]},{"@type":"WebSite","@id":"https:\/\/beta.fidealis.com\/#website","url":"https:\/\/beta.fidealis.com\/","name":"Fidealis","description":"Fidealis: vous cr\u00e9ez, nous prot\u00e9geons.","publisher":{"@id":"https:\/\/beta.fidealis.com\/#organization"},"potentialAction":[{"@type":"SearchAction","target":{"@type":"EntryPoint","urlTemplate":"https:\/\/beta.fidealis.com\/?s={search_term_string}"},"query-input":"required name=search_term_string"}],"inLanguage":"it-IT"},{"@type":"Organization","@id":"https:\/\/beta.fidealis.com\/#organization","name":"Fidealis","url":"https:\/\/beta.fidealis.com\/","logo":{"@type":"ImageObject","inLanguage":"it-IT","@id":"https:\/\/beta.fidealis.com\/#\/schema\/logo\/image\/","url":"https:\/\/www.fidealis.com\/wp-content\/uploads\/2018\/04\/logo-fidealis.png","contentUrl":"https:\/\/www.fidealis.com\/wp-content\/uploads\/2018\/04\/logo-fidealis.png","width":525,"height":205,"caption":"Fidealis"},"image":{"@id":"https:\/\/beta.fidealis.com\/#\/schema\/logo\/image\/"},"sameAs":["https:\/\/www.facebook.com\/Fidealis-573887362622849\/"]}]}},"_links":{"self":[{"href":"https:\/\/beta.fidealis.com\/it\/wp-json\/wp\/v2\/pages\/16755"}],"collection":[{"href":"https:\/\/beta.fidealis.com\/it\/wp-json\/wp\/v2\/pages"}],"about":[{"href":"https:\/\/beta.fidealis.com\/it\/wp-json\/wp\/v2\/types\/page"}],"author":[{"embeddable":true,"href":"https:\/\/beta.fidealis.com\/it\/wp-json\/wp\/v2\/users\/1"}],"replies":[{"embeddable":true,"href":"https:\/\/beta.fidealis.com\/it\/wp-json\/wp\/v2\/comments?post=16755"}],"version-history":[{"count":3,"href":"https:\/\/beta.fidealis.com\/it\/wp-json\/wp\/v2\/pages\/16755\/revisions"}],"predecessor-version":[{"id":16954,"href":"https:\/\/beta.fidealis.com\/it\/wp-json\/wp\/v2\/pages\/16755\/revisions\/16954"}],"up":[{"embeddable":true,"href":"https:\/\/beta.fidealis.com\/it\/wp-json\/wp\/v2\/pages\/16752"}],"wp:attachment":[{"href":"https:\/\/beta.fidealis.com\/it\/wp-json\/wp\/v2\/media?parent=16755"}],"curies":[{"name":"wp","href":"https:\/\/api.w.org\/{rel}","templated":true}]}}