{"id":16761,"date":"2021-07-26T11:12:07","date_gmt":"2021-07-26T09:12:07","guid":{"rendered":"https:\/\/www.fidealis.com\/il-deposito-online-di-modelli\/copyright-di-design\/"},"modified":"2021-08-10T09:53:35","modified_gmt":"2021-08-10T07:53:35","slug":"copyright-di-design","status":"publish","type":"page","link":"https:\/\/beta.fidealis.com\/it\/il-deposito-online-di-modelli\/copyright-di-design\/","title":{"rendered":"Copyright di design"},"content":{"rendered":"<section class=\"cover imagebg text-center height-60 section--ken-burns\" data-overlay=\"4\">\r\n<div class=\"background-image-holder\"><img src=\"https:\/\/beta.fidealis.com\/wp-content\/uploads\/2018\/05\/O68BJM0.jpg\" alt=\"\" \/><\/div>\r\n<div class=\"container pos-vertical-center\">\r\n<div class=\"row\">\r\n<div class=\"col-sm-8 col-md-9\">\r\n<h1>Proteggersi nel mondo del design<\/h1>\r\n<\/div>\r\n<\/div>\r\n<!--end of row-->\r\n\r\n<\/div>\r\n<!--end of container-->\r\n\r\n<\/section><section class=\"bg--secondary space--xxs\">\r\n<div class=\"container\">\r\n<div class=\"row\">\r\n<div class=\"cta cta--horizontal text-center-xs\">\r\n<div class=\"col-sm-4\">\r\n<h4>Il vostro deposito a partire da 95\u20ac<\/h4>\r\n<\/div>\r\n<div class=\"col-sm-5\">\r\n<p class=\"lead\">La migliore soluzione per proteggere i vostri disegni<\/p>\r\n\r\n<\/div>\r\n<div class=\"col-sm-3 text-right text-center-xs\"><a class=\"btn btn--primary type--uppercase\" title=\"\" href=\"https:\/\/beta.fidealis.com\/it\/chi-siamo\/contattaci\/\" target=\"\" rel=\"\"> <span class=\"btn__text\"> Richiesta di contatto<\/span> <\/a><\/div>\r\n<\/div>\r\n<\/div>\r\n<!--end of row-->\r\n\r\n<\/div>\r\n<!--end of container-->\r\n\r\n<\/section><section class=\"switchable feature-large text-justify space--xxs\">\r\n<div class=\"container\">\r\n<div class=\"row\">\r\n<div class=\"col-sm-6 col-md-6\">\r\n<div class=\"switchable__text\">\r\n<h2 class=\"left\">Cos'\u00e8 il copyright del design?<\/h2>\r\n<div class=\"right\"><\/div>\r\n<p class=\"lead\">Il design, come qualsiasi produzione scritta, dipinta o fotografata, \u00e8 considerato un'opera intellettuale che pu\u00f2 essere protetta dal diritto d'autore.<\/p>\r\n<p class=\"lead\">L'obiettivo del design \u00e8 quello di combinare l'estetica con la funzionalit\u00e0 e riguarda tutti gli oggetti quotidiani, sia per quanto riguarda la loro forma che il loro aspetto esterno.<\/p>\r\n<p class=\"lead\"><a href=\"https:\/\/beta.fidealis.com\/it\/it\/il-deposito-online-di-modelli\/\">Il diritto d'autore sul <\/a> disegno serve quindi a proteggere il creatore dell'oggetto, il modello e il disegno. La protezione del design avviene attraverso il Codice della Propriet\u00e0 Intellettuale e il Codice della Propriet\u00e0 Industriale.<\/p>\r\n\r\n<\/div>\r\n<\/div>\r\n<div class=\"col-sm-5\">\r\n<div class=\"boxed boxed--lg boxed--border\">\r\n<div class=\"feature feature-2\"><i class=\"icon color--primary icon-Libra-2\"><\/i>\r\n<div class=\"feature__body\">\r\n<h5>Prova riconosciuta in tribunale<\/h5>\r\n<p>Riconosciuti dai tribunali del mondo<\/p>\r\n\r\n<\/div>\r\n<\/div>\r\n<!--end feature-->\r\n<div class=\"feature feature-2\"><i class=\"icon color--primary icon-Security-Check\"><\/i>\r\n<div class=\"feature__body\">\r\n<h5>Certificato dell'ufficiale giudiziario valido a vita<\/h5>\r\n<p>Costituisce in una prova valida a vita<\/p>\r\n\r\n<\/div>\r\n<\/div>\r\n<div class=\"feature feature-2\"><i class=\"icon color--primary icon-Font-Window\"><\/i>\r\n<div class=\"feature__body\">\r\n<h5>Il vostro certificato disponibile in 11 lingue<\/h5>\r\n<p style=\"text-align: left;\">Avrete i vostri depositi in inglese, francese, italiano, cinese, tedesco, portoghese, arabo, spagnolo, coreano, giapponese e russo.<\/p>\r\n\r\n<\/div>\r\n<\/div>\r\n<!--end feature-->\r\n<div class=\"feature feature-2\"><i class=\"icon color--primary icon-Windows-2\"><\/i>\r\n<div class=\"feature__body\">\r\n<h5>Le tue prove disponibili 24\/7<\/h5>\r\n<p>Ricevuta di deposito disponibile online 24\/7.<\/p>\r\n\r\n<\/div>\r\n<\/div>\r\n<!--end feature-->\r\n\r\n<\/div>\r\n<\/div>\r\n<\/div>\r\n<!--end of row-->\r\n\r\n<\/div>\r\n<!--end of container-->\r\n\r\n<\/section><section class=\"bg--secondary text-center space--xxs\">\r\n<div class=\"container\">\r\n<div class=\"row\">\r\n<div class=\"col-sm-12\">\r\n<h2 class=\"addtoppad\">Come posso difendere i miei disegni con Fidealis?<\/h2>\r\n<\/div>\r\n<\/div>\r\n<!--end of row-->\r\n\r\n<\/div>\r\n<!--end of container-->\r\n\r\n<\/section><section class=\"bg--secondary space--xs\">\r\n<div class=\"container\">\r\n<div class=\"row\">\r\n<div class=\"col-sm-4\">\r\n<div class=\"feature feature-2 boxed boxed--border\"><i class=\"icon color--primary icon-Checked-User\"><\/i>\r\n<div class=\"feature__body\">\r\n<p style=\"text-align: center;\"><span class=\"h1 h1--medium\" style=\"color: #d93d3d;\">1.<\/span><\/p>\r\n\r\n<h4 style=\"text-align: center;\">Registrazione<\/h4>\r\n<p style=\"text-align: center;\">Iscriviti gratuitamente.<br>\r\nNessun pagamento verr\u00e0 richiesto.<\/p>\r\n\r\n<\/div>\r\n<\/div>\r\n<!--end feature-->\r\n\r\n<\/div>\r\n<div class=\"col-sm-4\">\r\n<div class=\"feature feature-2 boxed boxed--border\"><i class=\"icon color--primary icon-Security-Settings\"><\/i>\r\n<div class=\"feature__body\">\r\n<p style=\"text-align: center;\"><span class=\"h1 h1--medium\" style=\"color: #d93d3d;\">2.<\/span><\/p>\r\n\r\n<h4 style=\"text-align: center;\">Assistenza<\/h4>\r\n<p style=\"text-align: center;\">Scegli un'offerta adatta alle tue esigenze con l'aiuto di uno dei nostri consulenti.<\/p>\r\n\r\n<\/div>\r\n<\/div>\r\n<!--end feature-->\r\n\r\n<\/div>\r\n<div class=\"col-sm-4\">\r\n<div class=\"feature feature-2 boxed boxed--border\"><i class=\"icon color--primary icon-Security-Check\"><\/i>\r\n<div class=\"feature__body\">\r\n<p style=\"text-align: center;\"><span class=\"h1 h1--medium\" style=\"color: #d93d3d;\">3.<\/span><\/p>\r\n\r\n<h4 style=\"text-align: center;\">Tutela<\/h4>\r\n<p style=\"text-align: center;\">Deposita le tue creazioni online.<br>\r\nSei protetto!<\/p>\r\n\r\n<\/div>\r\n<\/div>\r\n<!--end feature-->\r\n\r\n<\/div>\r\n<\/div>\r\n<!--end of row-->\r\n\r\n<\/div>\r\n<!--end of container-->\r\n\r\n<\/section><section class=\"text-center bg--secondary space--xxs\">\r\n<div class=\"container\">\r\n<div class=\"row\">\r\n<div class=\"col-sm-8 col-md-6\">\r\n<div class=\"cta\">\r\n\r\n<a class=\"btn type--uppercase inner-link btn--primary\" title=\"\" href=\"https:\/\/beta.fidealis.com\/it\/it\/iscrizione\" target=\"_blank\" rel=\"noopener\"><span class=\"btn__text\">Registrati subito<\/span> <\/a>\r\n<p class=\"type--fine-print\" style=\"margin-top: 0.03em; margin-bottom: 1.2em;\">Nessuna carta di credito richiesta.<\/p>\r\n\r\n<\/div>\r\n<\/div>\r\n<\/div>\r\n<!--end of row-->\r\n\r\n<\/div>\r\n<!--end of container-->\r\n\r\n<\/section><section class=\"feature-large switchable text-justify space--xs\">\r\n<div class=\"container\">\r\n<div class=\"row\">\r\n<div class=\"col-md-6 col-sm-6\"><img class=\"border--round box-shadow-wide\" src=\"https:\/\/beta.fidealis.com\/wp-content\/uploads\/2018\/06\/copyright-design.jpg\" alt=\"\" \/><\/div>\r\n<div class=\"col-sm-6 col-md-5\">\r\n<div class=\"heading-block\">\r\n<h2>Come posso proteggere il mio design?<\/h2>\r\n<div class=\"right\"><\/div>\r\n<p class=\"lead\">Ci sono diversi modi per proteggere un disegno. Questa protezione riguarda il disegno e il modello. Il termine design include tutte le produzioni in 2 dimensioni. Per registrare un modello o un disegno, \u00e8 necessario contattare societ\u00e0 private come FIDEALIS, per esempio.<\/p>\r\n<p class=\"lead\">La condizione per la protezione del disegno \u00e8 l'originalit\u00e0 e l'unicit\u00e0 del disegno. Va notato che oltre alla dimensione estetica dell'oggetto, c'\u00e8 anche una dimensione funzionale e industriale. Tutti questi aspetti sono presi in considerazione nella protezione del design.<\/p>\r\n<p class=\"lead\">La durata di questa protezione \u00e8 di 25 anni, inoltre, la creazione del disegno di un oggetto conferisce il copyright al suo creatore per il fatto stesso della sua creazione. La registrazione di un disegno \u00e8 quindi essenziale perch\u00e9 il copyright del disegno servir\u00e0 a proteggere la creazione dell'autore.<\/p>\r\n\r\n<\/div>\r\n<\/div>\r\n<\/div>\r\n<!--end of row-->\r\n\r\n<\/div>\r\n<!--end of container-->\r\n\r\n<\/section><section class=\"imagebg space--md\" data-overlay=\"6\">\r\n<div class=\"background-image-holder\"><img src=\"https:\/\/beta.fidealis.com\/wp-content\/uploads\/2018\/08\/plagiat-dessins-modeles.jpg\" alt=\"plagiat dessins et mod\u00e8les\" \/><\/div>\r\n<div class=\"container\">\r\n<div class=\"row\">\r\n<div class=\"col-sm-8 col-md-6\">\r\n<div class=\"cta\">\r\n<h2><span style=\"color: #ffffff;\"><strong>Che azioni legali posso intraprendere in caso di plagio di un disegno o di un modello?<\/strong><\/span><\/h2>\r\n<p class=\"lead\">La protezione del design vi permette di difendervi dai prodotti contraffatti. Permette anche di affrontare la concorrenza sleale.<\/p>\r\n<p class=\"lead\">La registrazione di un disegno \u00e8 quindi essenziale e permette a un contraffattore di essere perseguito dal diritto penale e civile. La contraffazione \u00e8 passibile di sanzioni fino a 150 000 euro e due anni di reclusione.<\/p>\r\n\r\n<\/div>\r\n<\/div>\r\n<\/div>\r\n<!--end of row-->\r\n\r\n<\/div>\r\n<!--end of container-->\r\n\r\n<\/section><section class=\"unpad--bottom switchable cta cta-3 bg--secondary switchable--switch text-center\">\r\n<div class=\"container\">\r\n<div class=\"row\">\r\n<div class=\"col-sm-6 col-md-6\">\r\n<div class=\"switchable__text\">\r\n<h2>Fidealis, protegge tutte le vostre creazioni<\/h2>\r\n<p class=\"lead\">La soluzione rivoluzionaria per la protezione dei disegni e delle collezioni, che combina firma elettronica, marcatura temporale e tecnologie blockchain. Le vostre creazioni sono istantaneamente certificate e archiviate in simultanea presso l'ufficiale giudiziario.<\/p>\r\n<a class=\"btn type--uppercase inner-link btn--primary\" title=\"\" href=\"https:\/\/beta.fidealis.com\/it\/it\/iscrizione\" target=\"_blank\" rel=\"noopener\"> <span class=\"btn__text\"> Iscriviti gratuitamente<\/span><span class=\"label\">senza cdc<\/span> <\/a>\r\n\r\n<\/div>\r\n<\/div>\r\n<div class=\"col-sm-6 col-md-5\"><img class=\"block\" src=\"https:\/\/beta.fidealis.com\/wp-content\/uploads\/2018\/08\/copyright-design.png\" alt=\"d\u00e9pot copyright design\" \/><\/div>\r\n<\/div>\r\n<!--end of row-->\r\n\r\n<\/div>\r\n<!--end of container-->\r\n\r\n<\/section>","protected":false},"excerpt":{"rendered":"<p>Proteggersi nel mondo del design Il vostro deposito a partire da 95\u20ac La migliore soluzione per proteggere i vostri disegni Richiesta di&#8230;<\/p>\n","protected":false},"author":1,"featured_media":0,"parent":16752,"menu_order":0,"comment_status":"closed","ping_status":"closed","template":"","meta":{"_joinchat":[]},"yoast_head":"<!-- This site is optimized with the Yoast SEO plugin v20.3 - https:\/\/yoast.com\/wordpress\/plugins\/seo\/ -->\n<title>Registrare e proteggere un disegno con la registrazione del copyright<\/title>\n<meta name=\"description\" content=\"Il design, come qualsiasi produzione scritta, dipinta o fotografata, \u00e8 considerato un&#039;opera intellettuale. Con Fidealis proteggi il tuo lavoro depositando un Copyright\" \/>\n<meta name=\"robots\" content=\"noindex, follow, max-snippet:-1, max-image-preview:large, max-video-preview:-1\" \/>\n<meta property=\"og:locale\" content=\"it_IT\" \/>\n<meta property=\"og:type\" content=\"article\" \/>\n<meta property=\"og:title\" content=\"Registrare e proteggere un disegno con la registrazione del copyright\" \/>\n<meta property=\"og:description\" content=\"Il design, come qualsiasi produzione scritta, dipinta o fotografata, \u00e8 considerato un&#039;opera intellettuale. Con Fidealis proteggi il tuo lavoro depositando un Copyright\" \/>\n<meta property=\"og:url\" content=\"https:\/\/beta.fidealis.com\/it\/il-deposito-online-di-modelli\/copyright-di-design\/\" \/>\n<meta property=\"og:site_name\" content=\"Fidealis\" \/>\n<meta property=\"article:publisher\" content=\"https:\/\/www.facebook.com\/Fidealis-573887362622849\/\" \/>\n<meta property=\"article:modified_time\" content=\"2021-08-10T07:53:35+00:00\" \/>\n<meta name=\"twitter:card\" content=\"summary_large_image\" \/>\n<script type=\"application\/ld+json\" class=\"yoast-schema-graph\">{\"@context\":\"https:\/\/schema.org\",\"@graph\":[{\"@type\":\"WebPage\",\"@id\":\"https:\/\/beta.fidealis.com\/it\/il-deposito-online-di-modelli\/copyright-di-design\/\",\"url\":\"https:\/\/beta.fidealis.com\/it\/il-deposito-online-di-modelli\/copyright-di-design\/\",\"name\":\"Registrare e proteggere un disegno con la registrazione del copyright\",\"isPartOf\":{\"@id\":\"https:\/\/beta.fidealis.com\/#website\"},\"datePublished\":\"2021-07-26T09:12:07+00:00\",\"dateModified\":\"2021-08-10T07:53:35+00:00\",\"description\":\"Il design, come qualsiasi produzione scritta, dipinta o fotografata, \u00e8 considerato un'opera intellettuale. Con Fidealis proteggi il tuo lavoro depositando un Copyright\",\"breadcrumb\":{\"@id\":\"https:\/\/beta.fidealis.com\/it\/il-deposito-online-di-modelli\/copyright-di-design\/#breadcrumb\"},\"inLanguage\":\"it-IT\",\"potentialAction\":[{\"@type\":\"ReadAction\",\"target\":[\"https:\/\/beta.fidealis.com\/it\/il-deposito-online-di-modelli\/copyright-di-design\/\"]}]},{\"@type\":\"BreadcrumbList\",\"@id\":\"https:\/\/beta.fidealis.com\/it\/il-deposito-online-di-modelli\/copyright-di-design\/#breadcrumb\",\"itemListElement\":[{\"@type\":\"ListItem\",\"position\":1,\"name\":\"Accueil\",\"item\":\"https:\/\/beta.fidealis.com\/it\/\"},{\"@type\":\"ListItem\",\"position\":2,\"name\":\"Il deposito online di modelli\",\"item\":\"https:\/\/beta.fidealis.com\/it\/il-deposito-online-di-modelli\/\"},{\"@type\":\"ListItem\",\"position\":3,\"name\":\"Copyright di design\"}]},{\"@type\":\"WebSite\",\"@id\":\"https:\/\/beta.fidealis.com\/#website\",\"url\":\"https:\/\/beta.fidealis.com\/\",\"name\":\"Fidealis\",\"description\":\"Fidealis: vous cr\u00e9ez, nous prot\u00e9geons.\",\"publisher\":{\"@id\":\"https:\/\/beta.fidealis.com\/#organization\"},\"potentialAction\":[{\"@type\":\"SearchAction\",\"target\":{\"@type\":\"EntryPoint\",\"urlTemplate\":\"https:\/\/beta.fidealis.com\/?s={search_term_string}\"},\"query-input\":\"required name=search_term_string\"}],\"inLanguage\":\"it-IT\"},{\"@type\":\"Organization\",\"@id\":\"https:\/\/beta.fidealis.com\/#organization\",\"name\":\"Fidealis\",\"url\":\"https:\/\/beta.fidealis.com\/\",\"logo\":{\"@type\":\"ImageObject\",\"inLanguage\":\"it-IT\",\"@id\":\"https:\/\/beta.fidealis.com\/#\/schema\/logo\/image\/\",\"url\":\"https:\/\/www.fidealis.com\/wp-content\/uploads\/2018\/04\/logo-fidealis.png\",\"contentUrl\":\"https:\/\/www.fidealis.com\/wp-content\/uploads\/2018\/04\/logo-fidealis.png\",\"width\":525,\"height\":205,\"caption\":\"Fidealis\"},\"image\":{\"@id\":\"https:\/\/beta.fidealis.com\/#\/schema\/logo\/image\/\"},\"sameAs\":[\"https:\/\/www.facebook.com\/Fidealis-573887362622849\/\"]}]}<\/script>\n<!-- \/ Yoast SEO plugin. -->","yoast_head_json":{"title":"Registrare e proteggere un disegno con la registrazione del copyright","description":"Il design, come qualsiasi produzione scritta, dipinta o fotografata, \u00e8 considerato un'opera intellettuale. Con Fidealis proteggi il tuo lavoro depositando un Copyright","robots":{"index":"noindex","follow":"follow","max-snippet":"max-snippet:-1","max-image-preview":"max-image-preview:large","max-video-preview":"max-video-preview:-1"},"og_locale":"it_IT","og_type":"article","og_title":"Registrare e proteggere un disegno con la registrazione del copyright","og_description":"Il design, come qualsiasi produzione scritta, dipinta o fotografata, \u00e8 considerato un'opera intellettuale. Con Fidealis proteggi il tuo lavoro depositando un Copyright","og_url":"https:\/\/beta.fidealis.com\/it\/il-deposito-online-di-modelli\/copyright-di-design\/","og_site_name":"Fidealis","article_publisher":"https:\/\/www.facebook.com\/Fidealis-573887362622849\/","article_modified_time":"2021-08-10T07:53:35+00:00","twitter_card":"summary_large_image","schema":{"@context":"https:\/\/schema.org","@graph":[{"@type":"WebPage","@id":"https:\/\/beta.fidealis.com\/it\/il-deposito-online-di-modelli\/copyright-di-design\/","url":"https:\/\/beta.fidealis.com\/it\/il-deposito-online-di-modelli\/copyright-di-design\/","name":"Registrare e proteggere un disegno con la registrazione del copyright","isPartOf":{"@id":"https:\/\/beta.fidealis.com\/#website"},"datePublished":"2021-07-26T09:12:07+00:00","dateModified":"2021-08-10T07:53:35+00:00","description":"Il design, come qualsiasi produzione scritta, dipinta o fotografata, \u00e8 considerato un'opera intellettuale. Con Fidealis proteggi il tuo lavoro depositando un Copyright","breadcrumb":{"@id":"https:\/\/beta.fidealis.com\/it\/il-deposito-online-di-modelli\/copyright-di-design\/#breadcrumb"},"inLanguage":"it-IT","potentialAction":[{"@type":"ReadAction","target":["https:\/\/beta.fidealis.com\/it\/il-deposito-online-di-modelli\/copyright-di-design\/"]}]},{"@type":"BreadcrumbList","@id":"https:\/\/beta.fidealis.com\/it\/il-deposito-online-di-modelli\/copyright-di-design\/#breadcrumb","itemListElement":[{"@type":"ListItem","position":1,"name":"Accueil","item":"https:\/\/beta.fidealis.com\/it\/"},{"@type":"ListItem","position":2,"name":"Il deposito online di modelli","item":"https:\/\/beta.fidealis.com\/it\/il-deposito-online-di-modelli\/"},{"@type":"ListItem","position":3,"name":"Copyright di design"}]},{"@type":"WebSite","@id":"https:\/\/beta.fidealis.com\/#website","url":"https:\/\/beta.fidealis.com\/","name":"Fidealis","description":"Fidealis: vous cr\u00e9ez, nous prot\u00e9geons.","publisher":{"@id":"https:\/\/beta.fidealis.com\/#organization"},"potentialAction":[{"@type":"SearchAction","target":{"@type":"EntryPoint","urlTemplate":"https:\/\/beta.fidealis.com\/?s={search_term_string}"},"query-input":"required name=search_term_string"}],"inLanguage":"it-IT"},{"@type":"Organization","@id":"https:\/\/beta.fidealis.com\/#organization","name":"Fidealis","url":"https:\/\/beta.fidealis.com\/","logo":{"@type":"ImageObject","inLanguage":"it-IT","@id":"https:\/\/beta.fidealis.com\/#\/schema\/logo\/image\/","url":"https:\/\/www.fidealis.com\/wp-content\/uploads\/2018\/04\/logo-fidealis.png","contentUrl":"https:\/\/www.fidealis.com\/wp-content\/uploads\/2018\/04\/logo-fidealis.png","width":525,"height":205,"caption":"Fidealis"},"image":{"@id":"https:\/\/beta.fidealis.com\/#\/schema\/logo\/image\/"},"sameAs":["https:\/\/www.facebook.com\/Fidealis-573887362622849\/"]}]}},"_links":{"self":[{"href":"https:\/\/beta.fidealis.com\/it\/wp-json\/wp\/v2\/pages\/16761"}],"collection":[{"href":"https:\/\/beta.fidealis.com\/it\/wp-json\/wp\/v2\/pages"}],"about":[{"href":"https:\/\/beta.fidealis.com\/it\/wp-json\/wp\/v2\/types\/page"}],"author":[{"embeddable":true,"href":"https:\/\/beta.fidealis.com\/it\/wp-json\/wp\/v2\/users\/1"}],"replies":[{"embeddable":true,"href":"https:\/\/beta.fidealis.com\/it\/wp-json\/wp\/v2\/comments?post=16761"}],"version-history":[{"count":4,"href":"https:\/\/beta.fidealis.com\/it\/wp-json\/wp\/v2\/pages\/16761\/revisions"}],"predecessor-version":[{"id":16946,"href":"https:\/\/beta.fidealis.com\/it\/wp-json\/wp\/v2\/pages\/16761\/revisions\/16946"}],"up":[{"embeddable":true,"href":"https:\/\/beta.fidealis.com\/it\/wp-json\/wp\/v2\/pages\/16752"}],"wp:attachment":[{"href":"https:\/\/beta.fidealis.com\/it\/wp-json\/wp\/v2\/media?parent=16761"}],"curies":[{"name":"wp","href":"https:\/\/api.w.org\/{rel}","templated":true}]}}