{"id":16764,"date":"2021-07-26T11:18:04","date_gmt":"2021-07-26T09:18:04","guid":{"rendered":"https:\/\/www.fidealis.com\/il-deposito-online-di-modelli\/protezione-del-sito-internet\/"},"modified":"2021-08-10T10:35:37","modified_gmt":"2021-08-10T08:35:37","slug":"protezione-del-sito-internet","status":"publish","type":"page","link":"https:\/\/beta.fidealis.com\/it\/il-deposito-online-di-modelli\/protezione-del-sito-internet\/","title":{"rendered":"Protezione del sito internet"},"content":{"rendered":"<section class=\"cover imagebg text-center height-60 section--ken-burns\" data-overlay=\"4\">\r\n<div class=\"background-image-holder\"><img src=\"https:\/\/beta.fidealis.com\/wp-content\/uploads\/2018\/06\/copyright-site-internet.jpg\" alt=\"\" \/><\/div>\r\n<div class=\"container pos-vertical-center\">\r\n<div class=\"row\">\r\n<div class=\"col-sm-8 col-md-9\">\r\n<h1>Proteggi un sito web<\/h1>\r\n<\/div>\r\n<\/div>\r\n<!--end of row-->\r\n\r\n<\/div>\r\n<!--end of container-->\r\n\r\n<\/section><section class=\"bg--secondary space--xxs\">\r\n<div class=\"container\">\r\n<div class=\"row\">\r\n<div class=\"cta cta--horizontal text-center-xs\">\r\n<div class=\"col-sm-4\">\r\n<h4>Il vostro deposito a partire da 95\u20ac<\/h4>\r\n<\/div>\r\n<div class=\"col-sm-5\">\r\n<p class=\"lead\">La migliore soluzione online per proteggersi dal plagio<\/p>\r\n\r\n<\/div>\r\n<div class=\"col-sm-3 text-right text-center-xs\"><a class=\"btn btn--primary type--uppercase\" title=\"\" href=\"https:\/\/beta.fidealis.com\/it\/chi-siamo\/contattaci\/\" target=\"\" rel=\"\"> <span class=\"btn__text\"> Richiesta di contatto<\/span> <\/a><\/div>\r\n<\/div>\r\n<\/div>\r\n<!--end of row-->\r\n\r\n<\/div>\r\n<!--end of container-->\r\n\r\n<\/section><section class=\"switchable feature-large text-justify space--xxs\">\r\n<div class=\"container\">\r\n<div class=\"row\">\r\n<div class=\"col-sm-6 col-md-6\">\r\n<div class=\"switchable__text\">\r\n<h2 style=\"text-align: left;\">Un punto essenziale per i creatori di opere originali<\/h2>\r\n<div class=\"right\"><\/div>\r\n<p class=\"lead\">Per qualsiasi azienda o creatore di opere originali che utilizza il proprio sito web come vettore di comunicazione o vetrina della propria attivit\u00e0, \u00e8 essenziale proteggersi in caso di plagio, copia e incolla o contraffazione.<\/p>\r\n<p class=\"lead\">Esistono molti mezzi legali per difendere la propria propriet\u00e0 in caso di plagio. Il copyright del sito web pu\u00f2 essere formalizzato <a href=\"https:\/\/beta.fidealis.com\/it\/it\/il-deposito-online-di-modelli\/\">registrando un copyright<\/a> che deve essere menzionato per dissuadere i plagiatori e permetter\u00e0, in caso di contenzioso, di provare formalmente l'anteriorit\u00e0 dei vostri contenuti web.<\/p>\r\n\r\n<\/div>\r\n<\/div>\r\n<div class=\"col-sm-5\">\r\n<div class=\"boxed boxed--lg boxed--border\">\r\n<div class=\"feature feature-2\"><i class=\"icon color--primary icon-Libra-2\"><\/i>\r\n<div class=\"feature__body\">\r\n<h5>Prova riconosciuta in tribunale<\/h5>\r\n<p>Riconosciuti dai tribunali del mondo<\/p>\r\n\r\n<\/div>\r\n<\/div>\r\n<!--end feature-->\r\n<div class=\"feature feature-2\"><i class=\"icon color--primary icon-Security-Check\"><\/i>\r\n<div class=\"feature__body\">\r\n<h5>Certificato dell'ufficiale giudiziario valido a vita<\/h5>\r\n<p>Costituisce in una prova valida a vita<\/p>\r\n\r\n<\/div>\r\n<\/div>\r\n<div class=\"feature feature-2\"><i class=\"icon color--primary icon-Font-Window\"><\/i>\r\n<div class=\"feature__body\">\r\n<h5>Il vostro certificato disponibile in 11 lingue<\/h5>\r\n<p style=\"text-align: left;\">Avrete i vostri depositi in inglese, francese, italiano, cinese, tedesco, portoghese, arabo, spagnolo, coreano, giapponese e russo.<\/p>\r\n\r\n<\/div>\r\n<\/div>\r\n<!--end feature-->\r\n<div class=\"feature feature-2\"><i class=\"icon color--primary icon-Windows-2\"><\/i>\r\n<div class=\"feature__body\">\r\n<h5>Le tue prove disponibili 24\/7<\/h5>\r\n<p>Ricevuta di deposito disponibile online 24\/7.<\/p>\r\n\r\n<\/div>\r\n<\/div>\r\n<!--end feature-->\r\n\r\n<\/div>\r\n<\/div>\r\n<\/div>\r\n<!--end of row-->\r\n\r\n<\/div>\r\n<!--end of container-->\r\n\r\n<\/section><section class=\"bg--secondary text-center space--xxs\">\r\n<div class=\"container\">\r\n<div class=\"row\">\r\n<div class=\"col-sm-12\">\r\n<h2 class=\"addtoppad\">Come posso tutelare il mio sito web dal plagio?<\/h2>\r\n<\/div>\r\n<\/div>\r\n<!--end of row-->\r\n\r\n<\/div>\r\n<!--end of container-->\r\n\r\n<\/section><section class=\"bg--secondary space--xs\">\r\n<div class=\"container\">\r\n<div class=\"row\">\r\n<div class=\"col-sm-4\">\r\n<div class=\"feature feature-2 boxed boxed--border\"><i class=\"icon color--primary icon-Checked-User\"><\/i>\r\n<div class=\"feature__body\">\r\n<p style=\"text-align: center;\"><span class=\"h1 h1--medium\" style=\"color: #d93d3d;\">1.<\/span><\/p>\r\n\r\n<h4 style=\"text-align: center;\">Registrazione<\/h4>\r\n<p style=\"text-align: center;\">Iscriviti gratuitamente.<br>\r\nNessun pagamento verr\u00e0 richiesto.<\/p>\r\n\r\n<\/div>\r\n<\/div>\r\n<!--end feature-->\r\n\r\n<\/div>\r\n<div class=\"col-sm-4\">\r\n<div class=\"feature feature-2 boxed boxed--border\"><i class=\"icon color--primary icon-Security-Settings\"><\/i>\r\n<div class=\"feature__body\">\r\n<p style=\"text-align: center;\"><span class=\"h1 h1--medium\" style=\"color: #d93d3d;\">2.<\/span><\/p>\r\n\r\n<h4 style=\"text-align: center;\">Assistenza<\/h4>\r\n<p style=\"text-align: center;\">Scegli un'offerta adatta alle tue esigenze con l'aiuto di uno dei nostri consulenti.<\/p>\r\n\r\n<\/div>\r\n<\/div>\r\n<!--end feature-->\r\n\r\n<\/div>\r\n<div class=\"col-sm-4\">\r\n<div class=\"feature feature-2 boxed boxed--border\"><i class=\"icon color--primary icon-Security-Check\"><\/i>\r\n<div class=\"feature__body\">\r\n<p style=\"text-align: center;\"><span class=\"h1 h1--medium\" style=\"color: #d93d3d;\">3.<\/span><\/p>\r\n\r\n<h4 style=\"text-align: center;\">Tutela<\/h4>\r\n<p style=\"text-align: center;\">Deposita le tue creazioni online.<br>\r\nSei protetto!<\/p>\r\n\r\n<\/div>\r\n<\/div>\r\n<!--end feature-->\r\n\r\n<\/div>\r\n<\/div>\r\n<!--end of row-->\r\n\r\n<\/div>\r\n<!--end of container-->\r\n\r\n<\/section><section class=\"text-center bg--secondary space--xxs\">\r\n<div class=\"container\">\r\n<div class=\"row\">\r\n<div class=\"col-sm-8 col-md-6\">\r\n<div class=\"cta\">\r\n\r\n<a class=\"btn type--uppercase inner-link btn--primary\" title=\"\" href=\"https:\/\/beta.fidealis.com\/it\/it\/iscrizione\" target=\"_blank\" rel=\"noopener\"><span class=\"btn__text\">Registrati subito<\/span> <\/a>\r\n<p class=\"type--fine-print\" style=\"margin-top: 0.03em; margin-bottom: 1.2em;\">Nessuna carta di credito richiesta.<\/p>\r\n\r\n<\/div>\r\n<\/div>\r\n<\/div>\r\n<!--end of row-->\r\n\r\n<\/div>\r\n<!--end of container-->\r\n\r\n<\/section><section class=\"feature-large switchable text-justify\">\r\n<div class=\"container\">\r\n<div class=\"row\">\r\n<div class=\"col-md-6 col-sm-6\"><img class=\"border--round box-shadow-wide\" src=\"https:\/\/beta.fidealis.com\/wp-content\/uploads\/2018\/08\/droit-auteur-site-web.jpg\" alt=\"le droit d'auteur pour un site web\" \/><\/div>\r\n<div class=\"col-sm-6 col-md-5\">\r\n<div class=\"heading-block\">\r\n<h2 class=\"left\">Sito web del copyright<\/h2>\r\n<div class=\"right\"><\/div>\r\n<p class=\"lead\">Il copyright protegge qualsiasi opera originale dalla sua creazione. Conferisce al suo autore dei diritti morali ai quali appartiene il riconoscimento della paternit\u00e0 della produzione e dei diritti economici.<\/p>\r\n<p class=\"lead\">Questo garantisce la protezione dell'opera e del suo autore contro il plagio e la riproduzione non autorizzata.<\/p>\r\n<p class=\"lead\">Tuttavia, per potersi difendere in caso di contenzioso, il creatore ha tutto l'interesse a formalizzare il suo copyright del sito web depositandolo presso un'organizzazione specializzata.<\/p>\r\n\r\n<\/div>\r\n<\/div>\r\n<\/div>\r\n<!--end of row-->\r\n\r\n<\/div>\r\n<!--end of container-->\r\n\r\n<\/section><section class=\"feature-large switchable switchable--switch text-justify space--xs\">\r\n<div class=\"container\">\r\n<div class=\"row\">\r\n<div class=\"col-sm-6 col-md-5\"><img class=\"border--round box-shadow-wide\" src=\"https:\/\/beta.fidealis.com\/wp-content\/uploads\/2018\/06\/copyright-site-web-2.jpg\" alt=\"\" \/><\/div>\r\n<div class=\"col-sm-6 col-md-6\">\r\n<div class=\"text-block\">\r\n<h2>Siti internet e copyright.<\/h2>\r\n<p class=\"lead\">Proteggere il proprio sito web registrando un diritto d'autore \u00e8 oggigiorno essenziale vista la facilit\u00e0 di copiare (clic destro, o salvare con nome) e il numero di concorrenti che hanno facile accesso alla propria vetrina su Internet.<\/p>\r\n<p class=\"lead\">Ogni sito si distingue da quelli dei propri rivali per il suo carattere originale che deve essere conservato a tutti i costi. La soluzione migliore \u00e8 il riconoscimento del lavoro e la difesa della propriet\u00e0 intellettuale chiamando una societ\u00e0 specializzata. Proteggere il proprio sito web \u00e8 possibile con i servizi di Fidealis. La registrazione del copyright di un sito web con il gruppo passa attraverso tre passi essenziali e perfettamente sicuri:<\/p>\r\n\r\n<ul class=\"bullets\">\r\n \t<li class=\"lead li-blocked\" style=\"color: #333333;\"><span style=\"color: #333333;\">La firma digitale delle sue opere<\/span><\/li>\r\n \t<li class=\"lead li-blocked\" style=\"color: #333333;\"><span style=\"color: #333333;\">Marcatura elettronica della datazione<\/span><\/li>\r\n \t<li class=\"lead li-blocked\" style=\"color: #333333;\"><span style=\"color: #333333;\">Il deposito presso un ufficiale giudiziario<\/span><\/li>\r\n<\/ul>\r\n<p class=\"lead\">Le vostre creazioni sono quindi immediatamente protette e riconosciute dalle autorit\u00e0 legali. Per ottimizzare il vostro sito web e difenderlo dal plagio, Fidealis ha sviluppato ulteriori strumenti per dimostrare la pubblicazione di contenuti o immagini illegali e per stabilire il posizionamento del sito sui motori di ricerca.<\/p>\r\n<p class=\"lead\">Il gruppo offre una gamma completa di soluzioni per proteggere le vostre creazioni e massimizzare le prestazioni del vostro sito.<\/p>\r\n\r\n<\/div>\r\n<\/div>\r\n<\/div>\r\n<!--end of row-->\r\n\r\n<\/div>\r\n<!--end of container-->\r\n\r\n<\/section><section class=\"unpad--bottom switchable cta cta-3 bg--secondary switchable--switch text-center\">\r\n<div class=\"container\">\r\n<div class=\"row\">\r\n<div class=\"col-sm-6 col-md-5\">\r\n<div class=\"switchable__text\">\r\n<h2><span style=\"color: #db3b29;\">Fidealis, proteggete il vostro sito web dal furto e dall'uso fraudolento<\/span><\/h2>\r\n<p class=\"lead\">La soluzione rivoluzionaria per la protezione dei disegni e delle collezioni, che combina firma elettronica, marcatura temporale e tecnologie blockchain. Le vostre creazioni sono istantaneamente certificate e archiviate in simultanea presso l'ufficiale giudiziario.<\/p>\r\n<a class=\"btn type--uppercase inner-link btn--primary\" title=\"\" href=\"https:\/\/beta.fidealis.com\/it\/it\/iscrizione\" target=\"_blank\" rel=\"noopener\"> <span class=\"btn__text\"> Iscriviti gratuitamente <\/span><span class=\"label\">senza cdc<\/span><\/a>\r\n\r\n<\/div>\r\n<\/div>\r\n<div class=\"col-sm-6 col-md-5\"><img class=\"block\" src=\"https:\/\/beta.fidealis.com\/wp-content\/uploads\/2018\/08\/protection-site-internet.png\" alt=\"D\u00e9p\u00f4t et copyright site internet\" \/><\/div>\r\n<\/div>\r\n<!--end of row-->\r\n\r\n<\/div>\r\n<!--end of container-->\r\n\r\n<\/section>","protected":false},"excerpt":{"rendered":"<p>Proteggi un sito web Il vostro deposito a partire da 95\u20ac La migliore soluzione online per proteggersi dal plagio Richiesta di contatto&#8230;<\/p>\n","protected":false},"author":1,"featured_media":0,"parent":16752,"menu_order":0,"comment_status":"closed","ping_status":"closed","template":"","meta":{"_joinchat":[]},"yoast_head":"<!-- This site is optimized with the Yoast SEO plugin v20.3 - https:\/\/yoast.com\/wordpress\/plugins\/seo\/ -->\n<title>Registra e proteggi il tuo sito web con il deposito di copyright<\/title>\n<meta name=\"description\" content=\"Per qualsiasi azienda o creatore di opere originali che utilizza il proprio sito web come vettore di comunicazione o vetrina della propria attivit\u00e0, \u00e8 essenziale proteggersi in caso di plagio, copia e incolla o contraffazione. La registrazione online ti protegge da queste situazioni.\" \/>\n<meta name=\"robots\" content=\"noindex, follow, max-snippet:-1, max-image-preview:large, max-video-preview:-1\" \/>\n<meta property=\"og:locale\" content=\"it_IT\" \/>\n<meta property=\"og:type\" content=\"article\" \/>\n<meta property=\"og:title\" content=\"Registra e proteggi il tuo sito web con il deposito di copyright\" \/>\n<meta property=\"og:description\" content=\"Per qualsiasi azienda o creatore di opere originali che utilizza il proprio sito web come vettore di comunicazione o vetrina della propria attivit\u00e0, \u00e8 essenziale proteggersi in caso di plagio, copia e incolla o contraffazione. La registrazione online ti protegge da queste situazioni.\" \/>\n<meta property=\"og:url\" content=\"https:\/\/beta.fidealis.com\/it\/il-deposito-online-di-modelli\/protezione-del-sito-internet\/\" \/>\n<meta property=\"og:site_name\" content=\"Fidealis\" \/>\n<meta property=\"article:publisher\" content=\"https:\/\/www.facebook.com\/Fidealis-573887362622849\/\" \/>\n<meta property=\"article:modified_time\" content=\"2021-08-10T08:35:37+00:00\" \/>\n<meta name=\"twitter:card\" content=\"summary_large_image\" \/>\n<script type=\"application\/ld+json\" class=\"yoast-schema-graph\">{\"@context\":\"https:\/\/schema.org\",\"@graph\":[{\"@type\":\"WebPage\",\"@id\":\"https:\/\/beta.fidealis.com\/it\/il-deposito-online-di-modelli\/protezione-del-sito-internet\/\",\"url\":\"https:\/\/beta.fidealis.com\/it\/il-deposito-online-di-modelli\/protezione-del-sito-internet\/\",\"name\":\"Registra e proteggi il tuo sito web con il deposito di copyright\",\"isPartOf\":{\"@id\":\"https:\/\/beta.fidealis.com\/#website\"},\"datePublished\":\"2021-07-26T09:18:04+00:00\",\"dateModified\":\"2021-08-10T08:35:37+00:00\",\"description\":\"Per qualsiasi azienda o creatore di opere originali che utilizza il proprio sito web come vettore di comunicazione o vetrina della propria attivit\u00e0, \u00e8 essenziale proteggersi in caso di plagio, copia e incolla o contraffazione. La registrazione online ti protegge da queste situazioni.\",\"breadcrumb\":{\"@id\":\"https:\/\/beta.fidealis.com\/it\/il-deposito-online-di-modelli\/protezione-del-sito-internet\/#breadcrumb\"},\"inLanguage\":\"it-IT\",\"potentialAction\":[{\"@type\":\"ReadAction\",\"target\":[\"https:\/\/beta.fidealis.com\/it\/il-deposito-online-di-modelli\/protezione-del-sito-internet\/\"]}]},{\"@type\":\"BreadcrumbList\",\"@id\":\"https:\/\/beta.fidealis.com\/it\/il-deposito-online-di-modelli\/protezione-del-sito-internet\/#breadcrumb\",\"itemListElement\":[{\"@type\":\"ListItem\",\"position\":1,\"name\":\"Accueil\",\"item\":\"https:\/\/beta.fidealis.com\/it\/\"},{\"@type\":\"ListItem\",\"position\":2,\"name\":\"Il deposito online di modelli\",\"item\":\"https:\/\/beta.fidealis.com\/it\/il-deposito-online-di-modelli\/\"},{\"@type\":\"ListItem\",\"position\":3,\"name\":\"Protezione del sito internet\"}]},{\"@type\":\"WebSite\",\"@id\":\"https:\/\/beta.fidealis.com\/#website\",\"url\":\"https:\/\/beta.fidealis.com\/\",\"name\":\"Fidealis\",\"description\":\"Fidealis: vous cr\u00e9ez, nous prot\u00e9geons.\",\"publisher\":{\"@id\":\"https:\/\/beta.fidealis.com\/#organization\"},\"potentialAction\":[{\"@type\":\"SearchAction\",\"target\":{\"@type\":\"EntryPoint\",\"urlTemplate\":\"https:\/\/beta.fidealis.com\/?s={search_term_string}\"},\"query-input\":\"required name=search_term_string\"}],\"inLanguage\":\"it-IT\"},{\"@type\":\"Organization\",\"@id\":\"https:\/\/beta.fidealis.com\/#organization\",\"name\":\"Fidealis\",\"url\":\"https:\/\/beta.fidealis.com\/\",\"logo\":{\"@type\":\"ImageObject\",\"inLanguage\":\"it-IT\",\"@id\":\"https:\/\/beta.fidealis.com\/#\/schema\/logo\/image\/\",\"url\":\"https:\/\/www.fidealis.com\/wp-content\/uploads\/2018\/04\/logo-fidealis.png\",\"contentUrl\":\"https:\/\/www.fidealis.com\/wp-content\/uploads\/2018\/04\/logo-fidealis.png\",\"width\":525,\"height\":205,\"caption\":\"Fidealis\"},\"image\":{\"@id\":\"https:\/\/beta.fidealis.com\/#\/schema\/logo\/image\/\"},\"sameAs\":[\"https:\/\/www.facebook.com\/Fidealis-573887362622849\/\"]}]}<\/script>\n<!-- \/ Yoast SEO plugin. -->","yoast_head_json":{"title":"Registra e proteggi il tuo sito web con il deposito di copyright","description":"Per qualsiasi azienda o creatore di opere originali che utilizza il proprio sito web come vettore di comunicazione o vetrina della propria attivit\u00e0, \u00e8 essenziale proteggersi in caso di plagio, copia e incolla o contraffazione. La registrazione online ti protegge da queste situazioni.","robots":{"index":"noindex","follow":"follow","max-snippet":"max-snippet:-1","max-image-preview":"max-image-preview:large","max-video-preview":"max-video-preview:-1"},"og_locale":"it_IT","og_type":"article","og_title":"Registra e proteggi il tuo sito web con il deposito di copyright","og_description":"Per qualsiasi azienda o creatore di opere originali che utilizza il proprio sito web come vettore di comunicazione o vetrina della propria attivit\u00e0, \u00e8 essenziale proteggersi in caso di plagio, copia e incolla o contraffazione. La registrazione online ti protegge da queste situazioni.","og_url":"https:\/\/beta.fidealis.com\/it\/il-deposito-online-di-modelli\/protezione-del-sito-internet\/","og_site_name":"Fidealis","article_publisher":"https:\/\/www.facebook.com\/Fidealis-573887362622849\/","article_modified_time":"2021-08-10T08:35:37+00:00","twitter_card":"summary_large_image","schema":{"@context":"https:\/\/schema.org","@graph":[{"@type":"WebPage","@id":"https:\/\/beta.fidealis.com\/it\/il-deposito-online-di-modelli\/protezione-del-sito-internet\/","url":"https:\/\/beta.fidealis.com\/it\/il-deposito-online-di-modelli\/protezione-del-sito-internet\/","name":"Registra e proteggi il tuo sito web con il deposito di copyright","isPartOf":{"@id":"https:\/\/beta.fidealis.com\/#website"},"datePublished":"2021-07-26T09:18:04+00:00","dateModified":"2021-08-10T08:35:37+00:00","description":"Per qualsiasi azienda o creatore di opere originali che utilizza il proprio sito web come vettore di comunicazione o vetrina della propria attivit\u00e0, \u00e8 essenziale proteggersi in caso di plagio, copia e incolla o contraffazione. La registrazione online ti protegge da queste situazioni.","breadcrumb":{"@id":"https:\/\/beta.fidealis.com\/it\/il-deposito-online-di-modelli\/protezione-del-sito-internet\/#breadcrumb"},"inLanguage":"it-IT","potentialAction":[{"@type":"ReadAction","target":["https:\/\/beta.fidealis.com\/it\/il-deposito-online-di-modelli\/protezione-del-sito-internet\/"]}]},{"@type":"BreadcrumbList","@id":"https:\/\/beta.fidealis.com\/it\/il-deposito-online-di-modelli\/protezione-del-sito-internet\/#breadcrumb","itemListElement":[{"@type":"ListItem","position":1,"name":"Accueil","item":"https:\/\/beta.fidealis.com\/it\/"},{"@type":"ListItem","position":2,"name":"Il deposito online di modelli","item":"https:\/\/beta.fidealis.com\/it\/il-deposito-online-di-modelli\/"},{"@type":"ListItem","position":3,"name":"Protezione del sito internet"}]},{"@type":"WebSite","@id":"https:\/\/beta.fidealis.com\/#website","url":"https:\/\/beta.fidealis.com\/","name":"Fidealis","description":"Fidealis: vous cr\u00e9ez, nous prot\u00e9geons.","publisher":{"@id":"https:\/\/beta.fidealis.com\/#organization"},"potentialAction":[{"@type":"SearchAction","target":{"@type":"EntryPoint","urlTemplate":"https:\/\/beta.fidealis.com\/?s={search_term_string}"},"query-input":"required name=search_term_string"}],"inLanguage":"it-IT"},{"@type":"Organization","@id":"https:\/\/beta.fidealis.com\/#organization","name":"Fidealis","url":"https:\/\/beta.fidealis.com\/","logo":{"@type":"ImageObject","inLanguage":"it-IT","@id":"https:\/\/beta.fidealis.com\/#\/schema\/logo\/image\/","url":"https:\/\/www.fidealis.com\/wp-content\/uploads\/2018\/04\/logo-fidealis.png","contentUrl":"https:\/\/www.fidealis.com\/wp-content\/uploads\/2018\/04\/logo-fidealis.png","width":525,"height":205,"caption":"Fidealis"},"image":{"@id":"https:\/\/beta.fidealis.com\/#\/schema\/logo\/image\/"},"sameAs":["https:\/\/www.facebook.com\/Fidealis-573887362622849\/"]}]}},"_links":{"self":[{"href":"https:\/\/beta.fidealis.com\/it\/wp-json\/wp\/v2\/pages\/16764"}],"collection":[{"href":"https:\/\/beta.fidealis.com\/it\/wp-json\/wp\/v2\/pages"}],"about":[{"href":"https:\/\/beta.fidealis.com\/it\/wp-json\/wp\/v2\/types\/page"}],"author":[{"embeddable":true,"href":"https:\/\/beta.fidealis.com\/it\/wp-json\/wp\/v2\/users\/1"}],"replies":[{"embeddable":true,"href":"https:\/\/beta.fidealis.com\/it\/wp-json\/wp\/v2\/comments?post=16764"}],"version-history":[{"count":3,"href":"https:\/\/beta.fidealis.com\/it\/wp-json\/wp\/v2\/pages\/16764\/revisions"}],"predecessor-version":[{"id":16953,"href":"https:\/\/beta.fidealis.com\/it\/wp-json\/wp\/v2\/pages\/16764\/revisions\/16953"}],"up":[{"embeddable":true,"href":"https:\/\/beta.fidealis.com\/it\/wp-json\/wp\/v2\/pages\/16752"}],"wp:attachment":[{"href":"https:\/\/beta.fidealis.com\/it\/wp-json\/wp\/v2\/media?parent=16764"}],"curies":[{"name":"wp","href":"https:\/\/api.w.org\/{rel}","templated":true}]}}