{"id":16765,"date":"2021-07-26T11:18:54","date_gmt":"2021-07-26T09:18:54","guid":{"rendered":"https:\/\/www.fidealis.com\/il-deposito-online-di-modelli\/protezione-lavori-musicali\/"},"modified":"2021-08-10T10:28:33","modified_gmt":"2021-08-10T08:28:33","slug":"protezione-lavori-musicali","status":"publish","type":"page","link":"https:\/\/beta.fidealis.com\/it\/il-deposito-online-di-modelli\/protezione-lavori-musicali\/","title":{"rendered":"Protezione lavori musicali"},"content":{"rendered":"    <section class=\"cover imagebg text-center height-60 section--ken-burns\" data-overlay=\"4\">\r\n        <div class=\"background-image-holder\"><img alt=\"\" src=\"https:\/\/beta.fidealis.com\/wp-content\/uploads\/2018\/06\/copyright-musique.jpg\"><\/div>\r\n        <div class=\"container pos-vertical-center\">\r\n            <div class=\"row\">\r\n                <div class=\"col-sm-8 col-md-9\">\r\n                    \r\n                        <h1>Depositare e proteggere la vostra musica dal furto e dal plagio<\/h1>\r\n                    \r\n                <\/div>\r\n            <\/div>\r\n            <!--end of row-->\r\n        <\/div>\r\n        <!--end of container-->\r\n    <\/section>\r\n    <section class=\"bg--secondary space--xxs\">\r\n        <div class=\"container\">\r\n            <div class=\"row\">\r\n                <div class=\"cta cta--horizontal text-center-xs\">\r\n                    <div class=\"col-sm-4\">\r\n                        <h4>Il vostro deposito a partire da 95\u20ac\r\n<\/h4>\r\n                    <\/div>\r\n                    <div class=\"col-sm-5\">\r\n                        <p class=\"lead\"> Soluzione online per proteggere la vostra musica<\/p>\r\n                    <\/div>\r\n                    <div class=\"col-sm-3 text-right text-center-xs\">\r\n                        <a title=\"\" class=\"btn btn--primary type--uppercase\" href=\"https:\/\/beta.fidealis.com\/it\/chi-siamo\/contattaci\/\" target=\"\" rel=\"\"> <span class=\"btn__text\">                            richiesta di contatto<\/span> <\/a>\r\n                    <\/div>\r\n                <\/div>\r\n            <\/div>\r\n            <!--end of row-->\r\n        <\/div>\r\n        <!--end of container-->\r\n    <\/section>\r\n    <section class=\"switchable feature-large  text-justify space--xxs\">\r\n        <div class=\"container\">\r\n            <div class=\"row\">\r\n                <div class=\"col-sm-6 col-md-6\">\r\n                    <div class=\"switchable__text\">\r\n                        <h2 class=\"left\">Proteggere la vostra musica dal plagio<\/h2>\r\n                        <div class=\"right\">\u00a0<\/div>\r\n                        <p class=\"lead\">In Francia, qualsiasi creazione originale \u00e8 protetta dal diritto d'autore. Le leggi dell'11 marzo 1957 e del 3 luglio 1985 menzionano la propriet\u00e0 esclusiva dell'opera da parte del suo creatore, il suo diritto esclusivo di sfruttamento e il suo diritto di autorizzare o rifiutare la sua utilizzazione da parte di terzi.<\/p>\r\n                        <p class=\"lead\">Gli articoli L.111-1 e L.123-1 del Codice della Propriet\u00e0 Intellettuale precisano che l'autore gode dei suoi diritti d'autore musicali per tutta la vita. Alla sua morte, questo diritto \u00e8 trasmesso ai suoi eredi per un periodo di 70 anni. La protezione della musica \u00e8 quindi concessa dalla creazione dell'opera, ma in caso di plagio, bisogna aver dimostrato la propria paternit\u00e0 sull'opera con <a href=\"https:\/\/beta.fidealis.com\/it\/it\/il-deposito-online-di-modelli\/\">modi pi\u00f9 sicuri.<\/a>.<\/p>\r\n                    <\/div>\r\n                <\/div>\r\n                <div class=\"col-sm-5\">\r\n                    <div class=\"boxed boxed--lg boxed--border\">\r\n                        <div class=\"feature feature-2\"> <i class=\"icon color--primary icon-Libra-2\"><\/i>\r\n                            <div class=\"feature__body\">\r\n                                <h5>Prova riconosciuta in tribunale<\/h5>\r\n                                <p>Riconosciuti dai tribunali del mondo<\/p>\r\n                            <\/div>\r\n                        <\/div>\r\n                        <!--end feature-->\r\n                        <div class=\"feature feature-2\"> <i class=\"icon color--primary icon-Security-Check\"><\/i>\r\n                            <div class=\"feature__body\">\r\n                                <h5>Certificato dell'ufficiale giudiziario valido a vita<\/h5>\r\n                                <p>Costituisce in una prova valida a vita<\/p>\r\n                            <\/div>\r\n                        <\/div>\r\n                        <div class=\"feature feature-2\"> <i class=\"icon color--primary icon-Font-Window\"><\/i>\r\n                            <div class=\"feature__body\">\r\n                                <h5>Il vostro certificato disponibile in 11 lingue<\/h5>\r\n                                <p style=\"text-align: left;\">Avrete i vostri depositi in inglese, francese, italiano, cinese, tedesco, portoghese, arabo, spagnolo, coreano, giapponese e russo.<\/p>\r\n                            <\/div>\r\n                        <\/div>\r\n                        <!--end feature-->\r\n                        <div class=\"feature feature-2\"> <i class=\"icon color--primary icon-Windows-2\"><\/i>\r\n                            <div class=\"feature__body\">\r\n                                <h5>Le tue prove disponibili 24\/7<\/h5>\r\n                                <p>Ricevuta di deposito disponibile online 24\/7.<\/p>\r\n                            <\/div>\r\n                        <\/div>\r\n                        <!--end feature-->\r\n                    <\/div>\r\n                <\/div>\r\n            <\/div>\r\n            <!--end of row-->\r\n        <\/div>\r\n        <!--end of container-->\r\n    <\/section>\r\n    <section class=\"bg--secondary text-center space--xxs\">\r\n        <div class=\"container\">\r\n            <div class=\"row\">\r\n                <div class=\"col-sm-12\">\r\n                    <h2 class=\"addtoppad\">Come proteggere le vostre creazioni musicali?<\/h2>\r\n                <\/div>\r\n            <\/div>\r\n            <!--end of row-->\r\n        <\/div>\r\n        <!--end of container-->\r\n    <\/section>\r\n    <section class=\"bg--secondary space--xs\">\r\n        <div class=\"container\">\r\n            <div class=\"row\">\r\n                <div class=\"col-sm-4\">\r\n                    <div class=\"feature feature-2 boxed boxed--border\"> <i class=\"icon color--primary icon-Checked-User\"><\/i>\r\n                        <div class=\"feature__body\">\r\n                            <p style=\"text-align: center;\"><span class=\"h1 h1--medium\" style=\"color: #d93d3d;\">1.<\/span><\/p>\r\n                            <h4 style=\"text-align: center;\">Registrazione<\/h4>\r\n                            <p style=\"text-align: center;\">Iscriviti gratuitamente. <br>Nessun pagamento verr\u00e0 richiesto.<\/p>\r\n                        <\/div>\r\n                    <\/div>\r\n                    <!--end feature-->\r\n                <\/div>\r\n                <div class=\"col-sm-4\">\r\n                    <div class=\"feature feature-2 boxed boxed--border\"> <i class=\"icon color--primary icon-Security-Settings\"><\/i>\r\n                        <div class=\"feature__body\">\r\n                            <p style=\"text-align: center;\"><span class=\"h1 h1--medium\" style=\"color: #d93d3d;\">2.<\/span><\/p>\r\n                            <h4 style=\"text-align: center;\">Assistenza<\/h4>\r\n                            <p style=\"text-align: center;\">Scegli un'offerta adatta alle tue esigenze con l'aiuto di uno dei nostri consulenti.<\/p>\r\n                        <\/div>\r\n                    <\/div>\r\n                    <!--end feature-->\r\n                <\/div>\r\n                <div class=\"col-sm-4\">\r\n                    <div class=\"feature feature-2 boxed boxed--border\"> <i class=\"icon color--primary icon-Security-Check\"><\/i>\r\n                        <div class=\"feature__body\">\r\n                            <p style=\"text-align: center;\"><span class=\"h1 h1--medium\" style=\"color: #d93d3d;\">3.<\/span><\/p>\r\n                            <h4 style=\"text-align: center;\">Tutela<\/h4>\r\n                            <p style=\"text-align: center;\">Deposita le tue creazioni online.<br> Sei protetto!<\/p>\r\n                        <\/div>\r\n                    <\/div>\r\n                    <!--end feature-->\r\n                <\/div>\r\n            <\/div>\r\n            <!--end of row-->\r\n        <\/div>\r\n        <!--end of container-->\r\n    <\/section>\r\n    <section class=\"text-center  bg--secondary space--xxs\">\r\n        <div class=\"container\">\r\n            <div class=\"row\">\r\n                <div class=\"col-sm-8 col-md-6\">\r\n                    <div class=\"cta\"> <a title=\"\" class=\"btn type--uppercase inner-link btn--primary\" href=\"https:\/\/beta.fidealis.com\/it\/it\/iscrizione\" target=\"_blank\" rel=\"noopener\"><span class=\"btn__text\">Iscriviti<\/span>                    <\/a>\r\n                        \r\n                            <p class=\"type--fine-print\" style=\"margin-top: 0.03em;margin-bottom:1.2em;\">Nessuna carta di credito richiesta<\/p>\r\n                        \r\n                    <\/div>\r\n                <\/div>\r\n            <\/div>\r\n            <!--end of row-->\r\n        <\/div>\r\n        <!--end of container-->\r\n    <\/section>\r\n    <section class=\"feature-large switchable  text-justify space--xs\">\r\n        <div class=\"container\">\r\n            <div class=\"row\">\r\n                <div class=\"col-md-6 col-sm-6\"> <img class=\"border--round box-shadow-wide\" alt=\"\" src=\"https:\/\/beta.fidealis.com\/wp-content\/uploads\/2018\/06\/depot-de-creation-en-ligne.jpg\"> <\/div>\r\n                <div class=\"col-sm-6 col-md-5\">\r\n                    <div class=\"heading-block\">\r\n                        <h2>Diritti d'autore sulla musica<\/h2>\r\n                        <div class=\"right\">\u00a0<\/div>\r\n                        <p class=\"lead\">Come spiegato in precedenza, i diritti musicali sono ottenuti di fatto attraverso il diritto d'autore musicale. Tuttavia, per proteggere in modo affidabile la propria creazione, si consiglia agli autori di depositare una domanda o un copyright musicale presso organizzazioni, funzionari pubblici o societ\u00e0 specializzate nella protezione del copyright musicale.<\/p>\r\n                        <p class=\"lead\">L'autenticit\u00e0 e la propriet\u00e0 di un'opera musicale possono cos\u00ec essere protette dal  <a href=\"https:\/\/www.sacem.fr\/\">SACEM<\/a> (Society of Authors, Composers and Music Publishers) a condizione che siano registrate almeno 5 opere, di cui una gi\u00e0 utilizzata. Lo SNAC (Syndicat National des Auteurs et Compositeurs) e l'INPI (Institut National de la Protection Intellectuelle) forniscono anche protezione musicale, cos\u00ec come gli ufficiali giudiziari e i notai. Questi passaggi hanno un costo per l'autore e la protezione dei diritti musicali \u00e8 pi\u00f9 o meno lunga ed estesa dipendentemente dall'intermediario scelto.<\/p>\r\n                        <p class=\"lead\">Tuttavia, bisogna notare che la SACEM assicura la paternit\u00e0 delle opere e la gestione della cessione dei diritti (il famoso \"copyright\").<\/p>\r\n                    <\/div>\r\n                <\/div>\r\n            <\/div>\r\n            <!--end of row-->\r\n        <\/div>\r\n        <!--end of container-->\r\n    <\/section>\r\n    <section class=\"imagebg\" data-overlay=\"6\">\r\n        <div class=\"background-image-holder\"> <img alt=\"deposer une chanson par copyright\" src=\"https:\/\/beta.fidealis.com\/wp-content\/uploads\/2018\/08\/deposer-chanson-musique-guitare.jpg\"> <\/div>\r\n        <div class=\"container\">\r\n            <div class=\"row\">\r\n                <div class=\"col-sm-8 col-md-6\">\r\n                    <div class=\"cta\">\r\n                        \r\n                            <h2>Copyright musica<\/h2>\r\n                            <p class=\"lead\">Al fine di semplificare le vostre procedure, Fidealis, un'azienda specializzata in sicurezza e protezione del copyright, si prender\u00e0 cura di tutte le formalit\u00e0 di registrazione del copyright per voi. Protegge immediatamente le vostre opere attraverso mezzi inviolabili:<\/p>\r\n                            <ul class=\"bullets\">\r\n                                <li class=\"lead li-blocked\" style=\"color: #fff;\">La firma digitale delle sue opere<\/li>\r\n                                <li class=\"lead li-blocked\" style=\"color: #fff;\">Marcatura elettronica del tempo<\/li>\r\n                                <li class=\"lead li-blocked\" style=\"color: #fff;\">Deposito presso un ufficiale giudiziario<\/li>\r\n                            <\/ul>\r\n                            <p class=\"lead\">A partire dalla seconda met\u00e0 del 2013, FIDEALIS assicura, tramite il suo sistema di scansione web \"Pirascan\" il monitoraggio delle vostre creazioni su Internet per rilevarne l'uso sul web.<\/p>\r\n                            <p class=\"lead\">La societ\u00e0 FIDEALIS propone dei pacchetti per proteggere efficacemente le vostre opere al miglior prezzo, a partire da 95 euro per creazione.<\/p>\r\n                        \r\n                    <\/div>\r\n                <\/div>\r\n            <\/div>\r\n            <!--end of row-->\r\n        <\/div>\r\n        <!--end of container-->\r\n    <\/section>\r\n    <section class=\"unpad--bottom switchable cta cta-3  bg--secondary text-justify switchable--switch\">\r\n        <div class=\"container\">\r\n            <div class=\"row\">\r\n                <div class=\"col-sm-6 col-md-6\">\r\n                    <div class=\"switchable__text\">\r\n                        \r\n                            <h2>Proteggete la vostra musica con Fidealis in pochi click<\/h2>\r\n                            <p class=\"lead\">La soluzione rivoluzionaria per la protezione dei disegni e delle collezioni, che combina firma elettronica, marcatura temporale e tecnologie blockchain. Le vostre creazioni sono istantaneamente certificate e archiviate in simultanea presso l'ufficiale giudiziario.<\/p>\r\n                        \r\n                        <a title=\"\" class=\"btn type--uppercase inner-link btn--primary\" href=\"https:\/\/beta.fidealis.com\/it\/it\/iscrizione\" target=\"_blank\" rel=\"noopener\"> <span class=\"btn__text\">                            Iscrizione senza obbligo di acquisto<\/span><span class=\"label\">senza cdc<\/span> <\/a>\r\n                    <\/div>\r\n                <\/div>\r\n                <div class=\"col-sm-6 col-md-5\"> <img class=\"block\" alt=\"\" src=\"https:\/\/beta.fidealis.com\/wp-content\/uploads\/2017\/04\/avatar-large-2.png\"> <\/div>\r\n            <\/div>\r\n            <!--end of row-->\r\n        <\/div>\r\n        <!--end of container-->\r\n    <\/section>\r\n    \r\n","protected":false},"excerpt":{"rendered":"<p>Depositare e proteggere la vostra musica dal furto e dal plagio Il vostro deposito a partire da 95\u20ac Soluzione online per proteggere&#8230;<\/p>\n","protected":false},"author":1,"featured_media":0,"parent":16752,"menu_order":0,"comment_status":"closed","ping_status":"closed","template":"","meta":{"_joinchat":[]},"yoast_head":"<!-- This site is optimized with the Yoast SEO plugin v20.3 - https:\/\/yoast.com\/wordpress\/plugins\/seo\/ -->\n<title>Registra e proteggi la tua musica con il diritto d&#039;autore<\/title>\n<meta name=\"description\" content=\"La protezione della musica \u00e8 garantita non appena un&#039;opera esiste, ma in caso di plagio, \u00e8 consigliabile essere in grado di dimostrare la propriet\u00e0 con opzioni pi\u00f9 sicure. Nessuna preoccupazione con il sistema di registrazione online di Fidealis.\" \/>\n<meta name=\"robots\" content=\"noindex, follow, max-snippet:-1, max-image-preview:large, max-video-preview:-1\" \/>\n<meta property=\"og:locale\" content=\"it_IT\" \/>\n<meta property=\"og:type\" content=\"article\" \/>\n<meta property=\"og:title\" content=\"Registra e proteggi la tua musica con il diritto d&#039;autore\" \/>\n<meta property=\"og:description\" content=\"La protezione della musica \u00e8 garantita non appena un&#039;opera esiste, ma in caso di plagio, \u00e8 consigliabile essere in grado di dimostrare la propriet\u00e0 con opzioni pi\u00f9 sicure. Nessuna preoccupazione con il sistema di registrazione online di Fidealis.\" \/>\n<meta property=\"og:url\" content=\"https:\/\/beta.fidealis.com\/it\/il-deposito-online-di-modelli\/protezione-lavori-musicali\/\" \/>\n<meta property=\"og:site_name\" content=\"Fidealis\" \/>\n<meta property=\"article:publisher\" content=\"https:\/\/www.facebook.com\/Fidealis-573887362622849\/\" \/>\n<meta property=\"article:modified_time\" content=\"2021-08-10T08:28:33+00:00\" \/>\n<meta name=\"twitter:card\" content=\"summary_large_image\" \/>\n<script type=\"application\/ld+json\" class=\"yoast-schema-graph\">{\"@context\":\"https:\/\/schema.org\",\"@graph\":[{\"@type\":\"WebPage\",\"@id\":\"https:\/\/beta.fidealis.com\/it\/il-deposito-online-di-modelli\/protezione-lavori-musicali\/\",\"url\":\"https:\/\/beta.fidealis.com\/it\/il-deposito-online-di-modelli\/protezione-lavori-musicali\/\",\"name\":\"Registra e proteggi la tua musica con il diritto d'autore\",\"isPartOf\":{\"@id\":\"https:\/\/beta.fidealis.com\/#website\"},\"datePublished\":\"2021-07-26T09:18:54+00:00\",\"dateModified\":\"2021-08-10T08:28:33+00:00\",\"description\":\"La protezione della musica \u00e8 garantita non appena un'opera esiste, ma in caso di plagio, \u00e8 consigliabile essere in grado di dimostrare la propriet\u00e0 con opzioni pi\u00f9 sicure. Nessuna preoccupazione con il sistema di registrazione online di Fidealis.\",\"breadcrumb\":{\"@id\":\"https:\/\/beta.fidealis.com\/it\/il-deposito-online-di-modelli\/protezione-lavori-musicali\/#breadcrumb\"},\"inLanguage\":\"it-IT\",\"potentialAction\":[{\"@type\":\"ReadAction\",\"target\":[\"https:\/\/beta.fidealis.com\/it\/il-deposito-online-di-modelli\/protezione-lavori-musicali\/\"]}]},{\"@type\":\"BreadcrumbList\",\"@id\":\"https:\/\/beta.fidealis.com\/it\/il-deposito-online-di-modelli\/protezione-lavori-musicali\/#breadcrumb\",\"itemListElement\":[{\"@type\":\"ListItem\",\"position\":1,\"name\":\"Accueil\",\"item\":\"https:\/\/beta.fidealis.com\/it\/\"},{\"@type\":\"ListItem\",\"position\":2,\"name\":\"Il deposito online di modelli\",\"item\":\"https:\/\/beta.fidealis.com\/it\/il-deposito-online-di-modelli\/\"},{\"@type\":\"ListItem\",\"position\":3,\"name\":\"Protezione lavori musicali\"}]},{\"@type\":\"WebSite\",\"@id\":\"https:\/\/beta.fidealis.com\/#website\",\"url\":\"https:\/\/beta.fidealis.com\/\",\"name\":\"Fidealis\",\"description\":\"Fidealis: vous cr\u00e9ez, nous prot\u00e9geons.\",\"publisher\":{\"@id\":\"https:\/\/beta.fidealis.com\/#organization\"},\"potentialAction\":[{\"@type\":\"SearchAction\",\"target\":{\"@type\":\"EntryPoint\",\"urlTemplate\":\"https:\/\/beta.fidealis.com\/?s={search_term_string}\"},\"query-input\":\"required name=search_term_string\"}],\"inLanguage\":\"it-IT\"},{\"@type\":\"Organization\",\"@id\":\"https:\/\/beta.fidealis.com\/#organization\",\"name\":\"Fidealis\",\"url\":\"https:\/\/beta.fidealis.com\/\",\"logo\":{\"@type\":\"ImageObject\",\"inLanguage\":\"it-IT\",\"@id\":\"https:\/\/beta.fidealis.com\/#\/schema\/logo\/image\/\",\"url\":\"https:\/\/www.fidealis.com\/wp-content\/uploads\/2018\/04\/logo-fidealis.png\",\"contentUrl\":\"https:\/\/www.fidealis.com\/wp-content\/uploads\/2018\/04\/logo-fidealis.png\",\"width\":525,\"height\":205,\"caption\":\"Fidealis\"},\"image\":{\"@id\":\"https:\/\/beta.fidealis.com\/#\/schema\/logo\/image\/\"},\"sameAs\":[\"https:\/\/www.facebook.com\/Fidealis-573887362622849\/\"]}]}<\/script>\n<!-- \/ Yoast SEO plugin. -->","yoast_head_json":{"title":"Registra e proteggi la tua musica con il diritto d'autore","description":"La protezione della musica \u00e8 garantita non appena un'opera esiste, ma in caso di plagio, \u00e8 consigliabile essere in grado di dimostrare la propriet\u00e0 con opzioni pi\u00f9 sicure. Nessuna preoccupazione con il sistema di registrazione online di Fidealis.","robots":{"index":"noindex","follow":"follow","max-snippet":"max-snippet:-1","max-image-preview":"max-image-preview:large","max-video-preview":"max-video-preview:-1"},"og_locale":"it_IT","og_type":"article","og_title":"Registra e proteggi la tua musica con il diritto d'autore","og_description":"La protezione della musica \u00e8 garantita non appena un'opera esiste, ma in caso di plagio, \u00e8 consigliabile essere in grado di dimostrare la propriet\u00e0 con opzioni pi\u00f9 sicure. Nessuna preoccupazione con il sistema di registrazione online di Fidealis.","og_url":"https:\/\/beta.fidealis.com\/it\/il-deposito-online-di-modelli\/protezione-lavori-musicali\/","og_site_name":"Fidealis","article_publisher":"https:\/\/www.facebook.com\/Fidealis-573887362622849\/","article_modified_time":"2021-08-10T08:28:33+00:00","twitter_card":"summary_large_image","schema":{"@context":"https:\/\/schema.org","@graph":[{"@type":"WebPage","@id":"https:\/\/beta.fidealis.com\/it\/il-deposito-online-di-modelli\/protezione-lavori-musicali\/","url":"https:\/\/beta.fidealis.com\/it\/il-deposito-online-di-modelli\/protezione-lavori-musicali\/","name":"Registra e proteggi la tua musica con il diritto d'autore","isPartOf":{"@id":"https:\/\/beta.fidealis.com\/#website"},"datePublished":"2021-07-26T09:18:54+00:00","dateModified":"2021-08-10T08:28:33+00:00","description":"La protezione della musica \u00e8 garantita non appena un'opera esiste, ma in caso di plagio, \u00e8 consigliabile essere in grado di dimostrare la propriet\u00e0 con opzioni pi\u00f9 sicure. Nessuna preoccupazione con il sistema di registrazione online di Fidealis.","breadcrumb":{"@id":"https:\/\/beta.fidealis.com\/it\/il-deposito-online-di-modelli\/protezione-lavori-musicali\/#breadcrumb"},"inLanguage":"it-IT","potentialAction":[{"@type":"ReadAction","target":["https:\/\/beta.fidealis.com\/it\/il-deposito-online-di-modelli\/protezione-lavori-musicali\/"]}]},{"@type":"BreadcrumbList","@id":"https:\/\/beta.fidealis.com\/it\/il-deposito-online-di-modelli\/protezione-lavori-musicali\/#breadcrumb","itemListElement":[{"@type":"ListItem","position":1,"name":"Accueil","item":"https:\/\/beta.fidealis.com\/it\/"},{"@type":"ListItem","position":2,"name":"Il deposito online di modelli","item":"https:\/\/beta.fidealis.com\/it\/il-deposito-online-di-modelli\/"},{"@type":"ListItem","position":3,"name":"Protezione lavori musicali"}]},{"@type":"WebSite","@id":"https:\/\/beta.fidealis.com\/#website","url":"https:\/\/beta.fidealis.com\/","name":"Fidealis","description":"Fidealis: vous cr\u00e9ez, nous prot\u00e9geons.","publisher":{"@id":"https:\/\/beta.fidealis.com\/#organization"},"potentialAction":[{"@type":"SearchAction","target":{"@type":"EntryPoint","urlTemplate":"https:\/\/beta.fidealis.com\/?s={search_term_string}"},"query-input":"required name=search_term_string"}],"inLanguage":"it-IT"},{"@type":"Organization","@id":"https:\/\/beta.fidealis.com\/#organization","name":"Fidealis","url":"https:\/\/beta.fidealis.com\/","logo":{"@type":"ImageObject","inLanguage":"it-IT","@id":"https:\/\/beta.fidealis.com\/#\/schema\/logo\/image\/","url":"https:\/\/www.fidealis.com\/wp-content\/uploads\/2018\/04\/logo-fidealis.png","contentUrl":"https:\/\/www.fidealis.com\/wp-content\/uploads\/2018\/04\/logo-fidealis.png","width":525,"height":205,"caption":"Fidealis"},"image":{"@id":"https:\/\/beta.fidealis.com\/#\/schema\/logo\/image\/"},"sameAs":["https:\/\/www.facebook.com\/Fidealis-573887362622849\/"]}]}},"_links":{"self":[{"href":"https:\/\/beta.fidealis.com\/it\/wp-json\/wp\/v2\/pages\/16765"}],"collection":[{"href":"https:\/\/beta.fidealis.com\/it\/wp-json\/wp\/v2\/pages"}],"about":[{"href":"https:\/\/beta.fidealis.com\/it\/wp-json\/wp\/v2\/types\/page"}],"author":[{"embeddable":true,"href":"https:\/\/beta.fidealis.com\/it\/wp-json\/wp\/v2\/users\/1"}],"replies":[{"embeddable":true,"href":"https:\/\/beta.fidealis.com\/it\/wp-json\/wp\/v2\/comments?post=16765"}],"version-history":[{"count":4,"href":"https:\/\/beta.fidealis.com\/it\/wp-json\/wp\/v2\/pages\/16765\/revisions"}],"predecessor-version":[{"id":16950,"href":"https:\/\/beta.fidealis.com\/it\/wp-json\/wp\/v2\/pages\/16765\/revisions\/16950"}],"up":[{"embeddable":true,"href":"https:\/\/beta.fidealis.com\/it\/wp-json\/wp\/v2\/pages\/16752"}],"wp:attachment":[{"href":"https:\/\/beta.fidealis.com\/it\/wp-json\/wp\/v2\/media?parent=16765"}],"curies":[{"name":"wp","href":"https:\/\/api.w.org\/{rel}","templated":true}]}}