{"id":16769,"date":"2021-07-26T11:21:15","date_gmt":"2021-07-26T09:21:15","guid":{"rendered":"https:\/\/www.fidealis.com\/il-deposito-online-di-modelli\/protezione-del-software\/"},"modified":"2021-09-13T14:48:37","modified_gmt":"2021-09-13T12:48:37","slug":"protezione-del-software","status":"publish","type":"page","link":"https:\/\/beta.fidealis.com\/it\/il-deposito-online-di-modelli\/protezione-del-software\/","title":{"rendered":"Protezione del software"},"content":{"rendered":"    <section class=\"cover imagebg text-center height-60 section--ken-burns\" data-overlay=\"4\">\r\n        <div class=\"background-image-holder\"><img alt=\"\" src=\"https:\/\/beta.fidealis.com\/wp-content\/uploads\/2018\/06\/copyright-logiciel.jpg\"><\/div>\r\n        <div class=\"container pos-vertical-center\">\r\n            <div class=\"row\">\r\n                <div class=\"col-sm-8 col-md-9\">\r\n                    \r\n                        <h1>Proteggere il software dal copyright<\/h1>\r\n                    \r\n                <\/div>\r\n            <\/div>\r\n            <!--end of row-->\r\n        <\/div>\r\n        <!--end of container-->\r\n    <\/section>\r\n    <section class=\"bg--secondary space--xxs\">\r\n        <div class=\"container\">\r\n            <div class=\"row\">\r\n                <div class=\"cta cta--horizontal text-center-xs\">\r\n                    <div class=\"col-sm-4\">\r\n                        <h4>Registrazione a partire da 95\u20ac<\/h4>\r\n                    <\/div>\r\n                    <div class=\"col-sm-5\">\r\n                        <p class=\"lead\">La migliore soluzione online per la protezione del software<\/p>\r\n                    <\/div>\r\n                    <div class=\"col-sm-3 text-right text-center-xs\">\r\n                        <a title=\"\" class=\"btn btn--primary type--uppercase\" href=\"https:\/\/beta.fidealis.com\/it\/chi-siamo\/contattaci\/\" target=\"\" rel=\"\"> <span class=\"btn__text\">Richiesta di contatto<\/span> <\/a>\r\n                    <\/div>\r\n                <\/div>\r\n            <\/div>\r\n            <!--end of row-->\r\n        <\/div>\r\n        <!--end of container-->\r\n    <\/section>\r\n    <section class=\"switchable feature-large  text-justify space--xxs\">\r\n        <div class=\"container\">\r\n            <div class=\"row\">\r\n                <div class=\"col-sm-6 col-md-4\">\r\n                    <div class=\"switchable__text\">\r\n                        <h2 class=\"left\">Propriet\u00e0 intellettuale del software<\/h2>\r\n                        <div class=\"right\">\u00a0<\/div>\r\n                        <p class=\"lead\">Tutte le opere originali sono protette dal diritto d'autore, che d\u00e0 al creatore i diritti esclusivi sulla loro produzione.<\/p>\r\n                        <p class=\"lead\">Il software \u00e8 stato considerato un'opera intellettuale della mente dal momento che la legge del 3 luglio 1985 ha conferito il diritto d'autore a qualsiasi creatore di software.<\/p>\r\n                        <p class=\"lead\">\u00c8 quindi importante considerare la registrazione del copyright per provare la data di creazione in caso di violazione. Fidealis offre una soluzione online al 100%.<\/p>\r\n                    <\/div>\r\n                <\/div>\r\n                <div class=\"col-sm-6\">\r\n                    <div class=\"boxed boxed--lg boxed--border\">\r\n                        <div class=\"feature feature-2\"> <i class=\"icon color--primary icon-Libra-2\"><\/i>\r\n                            <div class=\"feature__body\">\r\n                                <h5>Prova riconosciuta in tribunale<\/h5>\r\n                                <p>Riconosciuti dai tribunali del mondo<\/p>\r\n                            <\/div>\r\n                        <\/div>\r\n                        <!--end feature-->\r\n                        <div class=\"feature feature-2\"> <i class=\"icon color--primary icon-Security-Check\"><\/i>\r\n                            <div class=\"feature__body\">\r\n                                <h5>Certificato dell'ufficiale giudiziario valido a vita<\/h5>\r\n                                <p>Costituisce in una prova valida a vita<\/p>\r\n                            <\/div>\r\n                        <\/div>\r\n                        <div class=\"feature feature-2\"> <i class=\"icon color--primary icon-Font-Window\"><\/i>\r\n                            <div class=\"feature__body\">\r\n                                <h5>Il vostro certificato disponibile in 11 lingue<\/h5>\r\n                                <p style=\"text-align: left;\">Avrete i vostri depositi in inglese, francese, italiano, cinese, tedesco, portoghese, arabo, spagnolo, coreano, giapponese e russo.<\/p>\r\n                            <\/div>\r\n                        <\/div>\r\n                        <!--end feature-->\r\n                        <div class=\"feature feature-2\"> <i class=\"icon color--primary icon-Windows-2\"><\/i>\r\n                            <div class=\"feature__body\">\r\n                                <h5>Le tue prove disponibili 24\/7<\/h5>\r\n                                <p>Ricevuta di deposito disponibile online 24\/7.<\/p>\u2003<\/div>\r\n                        <\/div>\r\n                        <!--end feature-->\r\n                    <\/div>\r\n                <\/div>\r\n            <\/div>\r\n            <!--end of row-->\r\n        <\/div>\r\n        <!--end of container-->\r\n    <\/section>\r\n    <section class=\"bg--secondary text-center space--xxs\">\r\n        <div class=\"container\">\r\n            <div class=\"row\">\r\n                <div class=\"col-sm-12\">\r\n                    <h2 class=\"addtoppad\">Come posso registrare il copyright del software?<\/h2>\r\n                <\/div>\r\n            <\/div>\r\n            <!--end of row-->\r\n        <\/div>\r\n        <!--end of container-->\r\n    <\/section>\r\n    <section class=\"bg--secondary space--xs\">\r\n        <div class=\"container\">\r\n            <div class=\"row\">\r\n                <div class=\"col-sm-4\">\r\n                    <div class=\"feature feature-2 boxed boxed--border\"> <i class=\"icon color--primary icon-Checked-User\"><\/i>\r\n                        <div class=\"feature__body\">\r\n                            <p style=\"text-align: center;\"><span class=\"h1 h1--medium\" style=\"color: #d93d3d;\">1.<\/span><\/p>\r\n                            <h4 style=\"text-align: center;\">Registrazione<\/h4>\r\n                            <p style=\"text-align: center;\">Iscriviti gratuitamente.<br>Nessun pagamento verr\u00e0 richiesto.<\/p>\r\n                        <\/div>\r\n                    <\/div>\r\n                    <!--end feature-->\r\n                <\/div>\r\n                <div class=\"col-sm-4\">\r\n                    <div class=\"feature feature-2 boxed boxed--border\"> <i class=\"icon color--primary icon-Security-Settings\"><\/i>\r\n                        <div class=\"feature__body\">\r\n                            <p style=\"text-align: center;\"><span class=\"h1 h1--medium\" style=\"color: #d93d3d;\">2.<\/span><\/p>\r\n                            <h4 style=\"text-align: center;\">Assistenza<\/h4>\r\n                            <p style=\"text-align: center;\">Scegli un'offerta adatta alle tue esigenze con l'aiuto di uno dei nostri consulenti.<\/p>\r\n                        <\/div>\r\n                    <\/div>\r\n                    <!--end feature-->\r\n                <\/div>\r\n                <div class=\"col-sm-4\">\r\n                    <div class=\"feature feature-2 boxed boxed--border\"> <i class=\"icon color--primary icon-Security-Check\"><\/i>\r\n                        <div class=\"feature__body\">\r\n                            <p style=\"text-align: center;\"><span class=\"h1 h1--medium\" style=\"color: #d93d3d;\">3.<\/span><\/p>\r\n                            <h4 style=\"text-align: center;\">Tutela<\/h4>\r\n                            <p style=\"text-align: center;\">Deposita le tue creazioni online.<br>Sei protetto!<\/p>\r\n                        <\/div>\r\n                    <\/div>\r\n                    <!--end feature-->\r\n                <\/div>\r\n            <\/div>\r\n            <!--end of row-->\r\n        <\/div>\r\n        <!--end of container-->\r\n    <\/section>\r\n    <section class=\"text-center  bg--secondary space--xxs\">\r\n        <div class=\"container\">\r\n            <div class=\"row\">\r\n                <div class=\"col-sm-8 col-md-6\">\r\n                    <div class=\"cta\"> <a title=\"\" class=\"btn type--uppercase inner-link btn--primary\" href=\"https:\/\/beta.fidealis.com\/it\/it\/iscrizione\" target=\"_blank\" rel=\"noopener\"><span class=\"btn__text\">Registrati subito<\/span>                    <\/a>\r\n                        \r\n                            <p class=\"type--fine-print\" style=\"margin-top: 0.03em;margin-bottom:1.2em;\">Nessuna carta di credito richiesta.<\/p>\r\n                        \r\n                    <\/div>\r\n                <\/div>\r\n            <\/div>\r\n            <!--end of row-->\r\n        <\/div>\r\n        <!--end of container-->\r\n    <\/section>\r\n    <section class=\"feature-large switchable  text-justify space--xs\">\r\n        <div class=\"container\">\r\n            <div class=\"row\">\r\n                <div class=\"col-sm-6 col-md-6\"> <img class=\"border--round box-shadow-wide\" alt=\"pas d'alternative au copyright pour proteger un logiciel\" src=\"https:\/\/beta.fidealis.com\/wp-content\/uploads\/2018\/08\/pas-alternative-logiciel.jpg\"> <\/div>\r\n                <div class=\"col-sm-6 col-md-5\">\r\n                    <div class=\"heading-block\">\r\n                        <h2 style=\"text-align: left;\">Nessuna valida alternativa per la protezione del software<\/h2>\r\n                        <div class=\"right\">\u00a0<\/div>\r\n                        <p class=\"lead\"><br>Il software \u00e8 composto da un gran numero di linee di codice che permettono di eseguire dei compiti.<\/p>\r\n                        <p class=\"lead\"><span>Il software \u00e8 strutturato secondo il seguente modello:<\/span><\/p>\r\n                        <ul class=\"bullets\">\r\n                            <li class=\"lead li-blocked\">informazioni in entrata (input)<\/li>\r\n                            <li class=\"lead li-blocked\">elaborazione del software<\/li>\r\n                            <li class=\"lead li-blocked\">informazioni in uscita (output)<\/li>\r\n                        <\/ul>\r\n                        <p class=\"lead\">\u00c8 estremamente facile accorciare, allungare e bypassare certi processi nel software, senza modificare il trattamento delle informazioni. Questa \u00e8 una delle ragioni per cui il software non \u00e8 brevettato in Francia, poich\u00e9 il risultato di un compito eseguito dal software proviene da un codice X o Y, o Z.<\/p>\r\n                        <p class=\"lead\">Il dibattito sui brevetti software in Francia rimane sull'idea di software non brevettabile.<\/p>\r\n                    <\/div>\r\n                <\/div>\r\n            <\/div>\r\n            <!--end of row-->\r\n        <\/div>\r\n        <!--end of container-->\r\n    <\/section>\r\n    <section class=\"imagebg text-justify\" data-overlay=\"8\">\r\n        <div class=\"background-image-holder\"> <img alt=\"Les principes du droit d'auteur d'un logiciel?\" src=\"https:\/\/beta.fidealis.com\/wp-content\/uploads\/2018\/06\/blockchain-fidealis.jpg\"> <\/div>\r\n        <div class=\"container\">\r\n            <div class=\"row\">\r\n                <div class=\"col-sm-12 col-md-6\">\r\n                    <h2><span style=\"color: #ffffff;\"><strong>Quali sono le condizioni del copyright del software?<\/strong><\/span><\/h2>\r\n                    <p class=\"lead\">Il diritto d'autore sul software permette al creatore, al team di autori o alla persona fisica o giuridica che ha iniziato la creazione di godere di diritti morali ed economici. Gli autori beneficiano cos\u00ec del riconoscimento della loro paternit\u00e0, del diritto di pubblicare l'opera, del potere di autorizzare o vietare la sua riproduzione e del diritto di commercializzare e adattare l'opera.<\/p>\r\n                    <p class=\"lead\">Per garantire una migliore protezione del software e formalizzare il diritto d'autore, la registrazione del copyright del software \u00e8 una soluzione sicura. \u00c8 consigliata da enti pubblici, societ\u00e0 specializzate, studi di avvocati o consulenti legali.<\/p>\r\n                <\/div>\r\n                <div class=\"col-md-6 col-sm-12\">\r\n                    <h2><strong><span style=\"color: #ffffff;\">Registrazione del copyright per tutti gli sviluppatori di software<\/span><\/strong><\/h2>\r\n                    <p class=\"lead\">Per proteggere un programma, \u00e8 necessario raccogliere tutti i documenti che provano la propriet\u00e0. Non solo il software viene registrato, ma anche i file di sviluppo e di progettazione, la documentazione tecnica, i codici sorgente utilizzati per la progettazione del software e i manuali utente per completare la domanda di deposito. Per ragioni pratiche, il software \u00e8 pi\u00f9 generalmente depositato presso i funzionari legali e giudiziari o le societ\u00e0 specializzate nella protezione del copyright del software.<\/p>\r\n                <\/div>\r\n            <\/div>\r\n            <!--end of row-->\r\n        <\/div>\r\n        <!--end of container-->\r\n    <\/section>\r\n    <section class=\"unpad--bottom switchable cta cta-3  bg--secondary switchable--switch text-center\">\r\n        <div class=\"container\">\r\n            <div class=\"row\">\r\n                <div class=\"col-sm-6 col-md-6\">\r\n                    <div class=\"switchable__text\">\r\n                        \r\n                            <h2>Fidealis protegge il vostro lavoro creativo IT<\/h2>\r\n                            <p class=\"lead\" style=\"text-align: left;\">Fidealis si occupa delle formalit\u00e0 di registrazione per la protezione del tuo lavoro creativo.<\/p>\r\n                            <p class=\"lead\" style=\"text-align: left;\">Grazie a metodi affidabili, possiamo proteggere immediatamente il vostro lavoro creativo. Dopo aver dato al tuo programma una firma elettronica e un timestamp digitale, il copyright del software \u00e8 ufficialmente registrato.<\/p>\r\n                        \r\n                        <a title=\"\" class=\"btn type--uppercase inner-link btn--primary\" href=\"https:\/\/beta.fidealis.com\/it\/it\/iscrizione\" target=\"_blank\" rel=\"noopener\"> <span class=\"btn__text\">                            iscriviti gratuitamente<\/span><span class=\"label\">No credit card needed<\/span> <\/a>\r\n                    <\/div>\r\n                <\/div>\r\n                <div class=\"col-sm-6 col-md-5\"> <img class=\"block\" alt=\"D\u00e9p\u00f4t et copyright logiciel ou algorithme\" src=\"https:\/\/beta.fidealis.com\/wp-content\/uploads\/2018\/08\/protection-logiciel.png\"> <\/div>\r\n            <\/div>\r\n            <!--end of row-->\r\n        <\/div>\r\n        <!--end of container-->\r\n    <\/section>\r\n    \r\n","protected":false},"excerpt":{"rendered":"<p>Proteggere il software dal copyright Registrazione a partire da 95\u20ac La migliore soluzione online per la protezione del software Richiesta di contatto&#8230;<\/p>\n","protected":false},"author":1,"featured_media":0,"parent":16752,"menu_order":0,"comment_status":"closed","ping_status":"closed","template":"","meta":{"_joinchat":[]},"yoast_head":"<!-- This site is optimized with the Yoast SEO plugin v20.3 - https:\/\/yoast.com\/wordpress\/plugins\/seo\/ -->\n<title>Deposit and Protect Software with Copyright Deposit<\/title>\n<meta name=\"description\" content=\"Software has been considered a work of the mind since the vote on the law of July 3, 1985, which naturally gives copyright to any software designer. Therefore it is important to consider a copyright deposit in order to facilitate the demonstration of proof of prior art\" \/>\n<meta name=\"robots\" content=\"noindex, follow, max-snippet:-1, max-image-preview:large, max-video-preview:-1\" \/>\n<meta property=\"og:locale\" content=\"it_IT\" \/>\n<meta property=\"og:type\" content=\"article\" \/>\n<meta property=\"og:title\" content=\"Deposit and Protect Software with Copyright Deposit\" \/>\n<meta property=\"og:description\" content=\"Software has been considered a work of the mind since the vote on the law of July 3, 1985, which naturally gives copyright to any software designer. Therefore it is important to consider a copyright deposit in order to facilitate the demonstration of proof of prior art\" \/>\n<meta property=\"og:url\" content=\"https:\/\/beta.fidealis.com\/it\/il-deposito-online-di-modelli\/protezione-del-software\/\" \/>\n<meta property=\"og:site_name\" content=\"Fidealis\" \/>\n<meta property=\"article:publisher\" content=\"https:\/\/www.facebook.com\/Fidealis-573887362622849\/\" \/>\n<meta property=\"article:modified_time\" content=\"2021-09-13T12:48:37+00:00\" \/>\n<meta name=\"twitter:card\" content=\"summary_large_image\" \/>\n<script type=\"application\/ld+json\" class=\"yoast-schema-graph\">{\"@context\":\"https:\/\/schema.org\",\"@graph\":[{\"@type\":\"WebPage\",\"@id\":\"https:\/\/beta.fidealis.com\/it\/il-deposito-online-di-modelli\/protezione-del-software\/\",\"url\":\"https:\/\/beta.fidealis.com\/it\/il-deposito-online-di-modelli\/protezione-del-software\/\",\"name\":\"Deposit and Protect Software with Copyright Deposit\",\"isPartOf\":{\"@id\":\"https:\/\/beta.fidealis.com\/#website\"},\"datePublished\":\"2021-07-26T09:21:15+00:00\",\"dateModified\":\"2021-09-13T12:48:37+00:00\",\"description\":\"Software has been considered a work of the mind since the vote on the law of July 3, 1985, which naturally gives copyright to any software designer. Therefore it is important to consider a copyright deposit in order to facilitate the demonstration of proof of prior art\",\"breadcrumb\":{\"@id\":\"https:\/\/beta.fidealis.com\/it\/il-deposito-online-di-modelli\/protezione-del-software\/#breadcrumb\"},\"inLanguage\":\"it-IT\",\"potentialAction\":[{\"@type\":\"ReadAction\",\"target\":[\"https:\/\/beta.fidealis.com\/it\/il-deposito-online-di-modelli\/protezione-del-software\/\"]}]},{\"@type\":\"BreadcrumbList\",\"@id\":\"https:\/\/beta.fidealis.com\/it\/il-deposito-online-di-modelli\/protezione-del-software\/#breadcrumb\",\"itemListElement\":[{\"@type\":\"ListItem\",\"position\":1,\"name\":\"Accueil\",\"item\":\"https:\/\/beta.fidealis.com\/it\/\"},{\"@type\":\"ListItem\",\"position\":2,\"name\":\"Il deposito online di modelli\",\"item\":\"https:\/\/beta.fidealis.com\/it\/il-deposito-online-di-modelli\/\"},{\"@type\":\"ListItem\",\"position\":3,\"name\":\"Protezione del software\"}]},{\"@type\":\"WebSite\",\"@id\":\"https:\/\/beta.fidealis.com\/#website\",\"url\":\"https:\/\/beta.fidealis.com\/\",\"name\":\"Fidealis\",\"description\":\"Fidealis: vous cr\u00e9ez, nous prot\u00e9geons.\",\"publisher\":{\"@id\":\"https:\/\/beta.fidealis.com\/#organization\"},\"potentialAction\":[{\"@type\":\"SearchAction\",\"target\":{\"@type\":\"EntryPoint\",\"urlTemplate\":\"https:\/\/beta.fidealis.com\/?s={search_term_string}\"},\"query-input\":\"required name=search_term_string\"}],\"inLanguage\":\"it-IT\"},{\"@type\":\"Organization\",\"@id\":\"https:\/\/beta.fidealis.com\/#organization\",\"name\":\"Fidealis\",\"url\":\"https:\/\/beta.fidealis.com\/\",\"logo\":{\"@type\":\"ImageObject\",\"inLanguage\":\"it-IT\",\"@id\":\"https:\/\/beta.fidealis.com\/#\/schema\/logo\/image\/\",\"url\":\"https:\/\/www.fidealis.com\/wp-content\/uploads\/2018\/04\/logo-fidealis.png\",\"contentUrl\":\"https:\/\/www.fidealis.com\/wp-content\/uploads\/2018\/04\/logo-fidealis.png\",\"width\":525,\"height\":205,\"caption\":\"Fidealis\"},\"image\":{\"@id\":\"https:\/\/beta.fidealis.com\/#\/schema\/logo\/image\/\"},\"sameAs\":[\"https:\/\/www.facebook.com\/Fidealis-573887362622849\/\"]}]}<\/script>\n<!-- \/ Yoast SEO plugin. -->","yoast_head_json":{"title":"Deposit and Protect Software with Copyright Deposit","description":"Software has been considered a work of the mind since the vote on the law of July 3, 1985, which naturally gives copyright to any software designer. Therefore it is important to consider a copyright deposit in order to facilitate the demonstration of proof of prior art","robots":{"index":"noindex","follow":"follow","max-snippet":"max-snippet:-1","max-image-preview":"max-image-preview:large","max-video-preview":"max-video-preview:-1"},"og_locale":"it_IT","og_type":"article","og_title":"Deposit and Protect Software with Copyright Deposit","og_description":"Software has been considered a work of the mind since the vote on the law of July 3, 1985, which naturally gives copyright to any software designer. Therefore it is important to consider a copyright deposit in order to facilitate the demonstration of proof of prior art","og_url":"https:\/\/beta.fidealis.com\/it\/il-deposito-online-di-modelli\/protezione-del-software\/","og_site_name":"Fidealis","article_publisher":"https:\/\/www.facebook.com\/Fidealis-573887362622849\/","article_modified_time":"2021-09-13T12:48:37+00:00","twitter_card":"summary_large_image","schema":{"@context":"https:\/\/schema.org","@graph":[{"@type":"WebPage","@id":"https:\/\/beta.fidealis.com\/it\/il-deposito-online-di-modelli\/protezione-del-software\/","url":"https:\/\/beta.fidealis.com\/it\/il-deposito-online-di-modelli\/protezione-del-software\/","name":"Deposit and Protect Software with Copyright Deposit","isPartOf":{"@id":"https:\/\/beta.fidealis.com\/#website"},"datePublished":"2021-07-26T09:21:15+00:00","dateModified":"2021-09-13T12:48:37+00:00","description":"Software has been considered a work of the mind since the vote on the law of July 3, 1985, which naturally gives copyright to any software designer. Therefore it is important to consider a copyright deposit in order to facilitate the demonstration of proof of prior art","breadcrumb":{"@id":"https:\/\/beta.fidealis.com\/it\/il-deposito-online-di-modelli\/protezione-del-software\/#breadcrumb"},"inLanguage":"it-IT","potentialAction":[{"@type":"ReadAction","target":["https:\/\/beta.fidealis.com\/it\/il-deposito-online-di-modelli\/protezione-del-software\/"]}]},{"@type":"BreadcrumbList","@id":"https:\/\/beta.fidealis.com\/it\/il-deposito-online-di-modelli\/protezione-del-software\/#breadcrumb","itemListElement":[{"@type":"ListItem","position":1,"name":"Accueil","item":"https:\/\/beta.fidealis.com\/it\/"},{"@type":"ListItem","position":2,"name":"Il deposito online di modelli","item":"https:\/\/beta.fidealis.com\/it\/il-deposito-online-di-modelli\/"},{"@type":"ListItem","position":3,"name":"Protezione del software"}]},{"@type":"WebSite","@id":"https:\/\/beta.fidealis.com\/#website","url":"https:\/\/beta.fidealis.com\/","name":"Fidealis","description":"Fidealis: vous cr\u00e9ez, nous prot\u00e9geons.","publisher":{"@id":"https:\/\/beta.fidealis.com\/#organization"},"potentialAction":[{"@type":"SearchAction","target":{"@type":"EntryPoint","urlTemplate":"https:\/\/beta.fidealis.com\/?s={search_term_string}"},"query-input":"required name=search_term_string"}],"inLanguage":"it-IT"},{"@type":"Organization","@id":"https:\/\/beta.fidealis.com\/#organization","name":"Fidealis","url":"https:\/\/beta.fidealis.com\/","logo":{"@type":"ImageObject","inLanguage":"it-IT","@id":"https:\/\/beta.fidealis.com\/#\/schema\/logo\/image\/","url":"https:\/\/www.fidealis.com\/wp-content\/uploads\/2018\/04\/logo-fidealis.png","contentUrl":"https:\/\/www.fidealis.com\/wp-content\/uploads\/2018\/04\/logo-fidealis.png","width":525,"height":205,"caption":"Fidealis"},"image":{"@id":"https:\/\/beta.fidealis.com\/#\/schema\/logo\/image\/"},"sameAs":["https:\/\/www.facebook.com\/Fidealis-573887362622849\/"]}]}},"_links":{"self":[{"href":"https:\/\/beta.fidealis.com\/it\/wp-json\/wp\/v2\/pages\/16769"}],"collection":[{"href":"https:\/\/beta.fidealis.com\/it\/wp-json\/wp\/v2\/pages"}],"about":[{"href":"https:\/\/beta.fidealis.com\/it\/wp-json\/wp\/v2\/types\/page"}],"author":[{"embeddable":true,"href":"https:\/\/beta.fidealis.com\/it\/wp-json\/wp\/v2\/users\/1"}],"replies":[{"embeddable":true,"href":"https:\/\/beta.fidealis.com\/it\/wp-json\/wp\/v2\/comments?post=16769"}],"version-history":[{"count":6,"href":"https:\/\/beta.fidealis.com\/it\/wp-json\/wp\/v2\/pages\/16769\/revisions"}],"predecessor-version":[{"id":17038,"href":"https:\/\/beta.fidealis.com\/it\/wp-json\/wp\/v2\/pages\/16769\/revisions\/17038"}],"up":[{"embeddable":true,"href":"https:\/\/beta.fidealis.com\/it\/wp-json\/wp\/v2\/pages\/16752"}],"wp:attachment":[{"href":"https:\/\/beta.fidealis.com\/it\/wp-json\/wp\/v2\/media?parent=16769"}],"curies":[{"name":"wp","href":"https:\/\/api.w.org\/{rel}","templated":true}]}}