{"id":16776,"date":"2021-07-26T11:26:47","date_gmt":"2021-07-26T09:26:47","guid":{"rendered":"https:\/\/www.fidealis.com\/il-deposito-online-di-modelli\/il-deposito-di-un-logo\/"},"modified":"2021-08-10T09:56:08","modified_gmt":"2021-08-10T07:56:08","slug":"il-deposito-di-un-logo","status":"publish","type":"page","link":"https:\/\/beta.fidealis.com\/it\/il-deposito-online-di-modelli\/il-deposito-di-un-logo\/","title":{"rendered":"Il deposito di un logo"},"content":{"rendered":"<section class=\"cover imagebg text-center height-60 section--ken-burns\" data-overlay=\"4\">\r\n<div class=\"background-image-holder\"><img src=\"https:\/\/beta.fidealis.com\/wp-content\/uploads\/2018\/06\/copyright-de-logo-charte.jpg\" alt=\"\" \/><\/div>\r\n<div class=\"container pos-vertical-center\">\r\n<div class=\"row\">\r\n<div class=\"col-sm-8 col-md-9\">\r\n<h1>Depositare e tutelare un logo<\/h1>\r\n<\/div>\r\n<\/div>\r\n<!--end of row-->\r\n\r\n<\/div>\r\n<!--end of container-->\r\n\r\n<\/section><section class=\"bg--secondary space--xxs\">\r\n<div class=\"container\">\r\n<div class=\"row\">\r\n<div class=\"cta cta--horizontal text-center-xs\">\r\n<div class=\"col-sm-4\">\r\n<h4>Il vostro deposito a partire da 95\u20ac<\/h4>\r\n<\/div>\r\n<div class=\"col-sm-5\">\r\n<p class=\"lead\">La migliore soluzione online per proteggere il vostro logo<\/p>\r\n\r\n<\/div>\r\n<div class=\"col-sm-3 text-right text-center-xs\"><a class=\"btn btn--primary type--uppercase\" title=\"\" href=\"https:\/\/beta.fidealis.com\/it\/chi-siamo\/contattaci\/\" target=\"\" rel=\"\"> <span class=\"btn__text\"> Richiesta di contatto<\/span> <\/a><\/div>\r\n<\/div>\r\n<\/div>\r\n<!--end of row-->\r\n\r\n<\/div>\r\n<!--end of container-->\r\n\r\n<\/section><section class=\"switchable feature-large space--xxs text-justify\">\r\n<div class=\"container\">\r\n<div class=\"row\">\r\n<div class=\"col-sm-6 col-md-6\">\r\n<div class=\"switchable__text\">\r\n<p class=\"lead\"><span style=\"font-weight: 400;\">Come elemento chiave dell'identit\u00e0 visiva di un marchio o di un'azienda, il logo fa parte del patrimonio intangibile dell'azienda. Per questo \u00e8 necessario che il creatore di un logo lo protegga legalmente, per evitare che i concorrenti si approprino della sua creazione. Per tal motivo vi consigliamo il <a href=\"https:\/\/beta.fidealis.com\/it\/it\/il-deposito-online-di-modelli\/\">deposito di modelli in linea<\/a>.<\/span><\/p>\r\n\r\n<h2 style=\"text-align: left;\">Come definire un logo<\/h2>\r\n<p class=\"lead\">Un logo \u00e8 un segno distintivo composto da un insieme di elementi grafici, che permette a qualsiasi utente di identificare un prodotto, un servizio o una marca.<\/p>\r\n<p class=\"lead\">Nella legge sul diritto d'autore, le opere di design, grafica e tipografia sono considerate opere della mente. Tuttavia, per essere protetto da copyright, il logo deve essere originale.<\/p>\r\n<p class=\"lead\">Quando il logo \u00e8 originale, \u00e8 protetto dal momento della sua creazione dal diritto d'autore, che d\u00e0 al creatore il monopolio dello sfruttamento della sua opera. Tuttavia, questa protezione non \u00e8 sempre sufficiente.<\/p>\r\n\r\n<\/div>\r\n<\/div>\r\n<div class=\"col-sm-5\">\r\n<div class=\"boxed boxed--lg boxed--border\">\r\n<div class=\"feature feature-2\"><i class=\"icon color--primary icon-Libra-2\"><\/i>\r\n<div class=\"feature__body\">\r\n<h5>Prova riconosciuta in tribunale<\/h5>\r\n<p>Riconosciuti dai tribunali del mondo<\/p>\r\n\r\n<\/div>\r\n<\/div>\r\n<!--end feature-->\r\n<div class=\"feature feature-2\"> <i class=\"icon color--primary icon-Security-Check\"><\/i>\r\n<div class=\"feature__body\">\r\n<h5>Certificato dell'ufficiale giudiziario valido a vita<\/h5>\r\n<p>Costituisce in una prova valida a vita<\/p>\r\n\r\n<\/div>\r\n<\/div>\r\n<div class=\"feature feature-2\"><i class=\"icon color--primary icon-Font-Window\"><\/i>\r\n<div class=\"feature__body\">\r\n<h5>Il vostro certificato disponibile in 11 lingue<\/h5>\r\n<p style=\"text-align: left;\">Avrete i vostri depositi in inglese, francese, italiano, cinese, tedesco, portoghese, arabo, spagnolo, coreano, giapponese e russo.<\/p>\r\n\r\n<\/div>\r\n<\/div>\r\n<!--end feature-->\r\n<div class=\"feature feature-2\"><i class=\"icon color--primary icon-Windows-2\"><\/i>\r\n<div class=\"feature__body\">\r\n<h5>Le tue prove disponibili 24\/7<\/h5>\r\n<p>Ricevuta di deposito disponibile online 24\/7.<\/p>\r\n\r\n<\/div>\r\n<\/div>\r\n<!--end feature-->\r\n\r\n<\/div>\r\n<\/div>\r\n<\/div>\r\n<!--end of row-->\r\n\r\n<\/div>\r\n<!--end of container-->\r\n\r\n<\/section><section class=\"bg--secondary text-center space--xxs\">\r\n<div class=\"container\">\r\n<div class=\"row\">\r\n<div class=\"col-sm-12\">\r\n<h2 class=\"addtoppad\">Come posso proteggere il mio logo con Fidealis?<\/h2>\r\n<\/div>\r\n<\/div>\r\n<!--end of row-->\r\n\r\n<\/div>\r\n<!--end of container-->\r\n\r\n<\/section><section class=\"bg--secondary space--xs\">\r\n<div class=\"container\">\r\n<div class=\"row\">\r\n<div class=\"col-sm-4\">\r\n<div class=\"feature feature-2 boxed boxed--border\"><i class=\"icon color--primary icon-Checked-User\"><\/i>\r\n<div class=\"feature__body\">\r\n<p style=\"text-align: center;\"><span class=\"h1 h1--medium\" style=\"color: #d93d3d;\">1.<\/span><\/p>\r\n\r\n<h4 style=\"text-align: center;\">Registrazione<\/h4>\r\n<p style=\"text-align: center;\">Iscriviti gratuitamente.<br>\r\nNessun pagamento verr\u00e0 richiesto.<\/p>\r\n\r\n<\/div>\r\n<\/div>\r\n<!--end feature-->\r\n\r\n<\/div>\r\n<div class=\"col-sm-4\">\r\n<div class=\"feature feature-2 boxed boxed--border\"><i class=\"icon color--primary icon-Security-Settings\"><\/i>\r\n<div class=\"feature__body\">\r\n<p style=\"text-align: center;\"><span class=\"h1 h1--medium\" style=\"color: #d93d3d;\">2.<\/span><\/p>\r\n\r\n<h4 style=\"text-align: center;\">Assistenza<\/h4>\r\n<p style=\"text-align: center;\">Scegli un'offerta adatta alle tue esigenze con l'aiuto di uno dei nostri consulenti.<\/p>\r\n\r\n<\/div>\r\n<\/div>\r\n<!--end feature-->\r\n\r\n<\/div>\r\n<div class=\"col-sm-4\">\r\n<div class=\"feature feature-2 boxed boxed--border\"><i class=\"icon color--primary icon-Security-Check\"><\/i>\r\n<div class=\"feature__body\">\r\n<p style=\"text-align: center;\"><span class=\"h1 h1--medium\" style=\"color: #d93d3d;\">3.<\/span><\/p>\r\n\r\n<h4 style=\"text-align: center;\">Tutela<\/h4>\r\n<p style=\"text-align: center;\">Deposita le tue creazioni online.<br>\r\nSei protetto!<\/p>\r\n\r\n<\/div>\r\n<\/div>\r\n<!--end feature-->\r\n\r\n<\/div>\r\n<\/div>\r\n<!--end of row-->\r\n\r\n<\/div>\r\n<!--end of container-->\r\n\r\n<\/section><section class=\"text-center bg--secondary space--xxs\">\r\n<div class=\"container\">\r\n<div class=\"row\">\r\n<div class=\"col-sm-8 col-md-6\">\r\n<div class=\"cta\">\r\n\r\n<a class=\"btn type--uppercase inner-link btn--primary\" title=\"\" href=\"https:\/\/beta.fidealis.com\/it\/it\/iscrizione\" target=\"_blank\" rel=\"noopener\"><span class=\"btn__text\">Registrati subito<\/span> <\/a>\r\n<p class=\"type--fine-print\" style=\"margin-top: 0.03em; margin-bottom: 1.2em;\">Nessuna carta di credito richiesta.<\/p>\r\n\r\n<\/div>\r\n<\/div>\r\n<\/div>\r\n<!--end of row-->\r\n\r\n<\/div>\r\n<!--end of container-->\r\n\r\n<\/section><section class=\"text-justify space--xs\">\r\n<div class=\"container\">\r\n<div class=\"row\">\r\n<div class=\"col-sm-6\">\r\n<div class=\"col-left-custom\">\r\n<h2 style=\"text-align: left;\">Perch\u00e9 tutelare il proprio logo?<\/h2>\r\n<p class=\"lead\"><span style=\"font-weight: 400;\">La protezione garantita dal diritto d'autore permette di provare i propri diritti in caso di contenzioso. Ecco perch\u00e9 \u00e8 pi\u00f9 prudente anticipare qualsiasi controversia registrando il proprio logo.<\/span><\/p>\r\n<p class=\"lead\"><span style=\"font-weight: 400;\">Vi sono varie possibilit\u00e0 : <\/span><\/p>\r\n\r\n<ul class=\"bullets\">\r\n \t<li class=\"lead li-blocked\"><span style=\"font-weight: 400;\">Trattandosi di un'opera grafica, \u00e8 possibile registrare il vostro logo come <\/span><b>disegno o modello<\/b><span style=\"font-weight: 400;\"> che vi permetter\u00e0 di ottenere un titolo di propriet\u00e0 industriale.<\/span><\/li>\r\n \t<li class=\"lead li-blocked\"><span style=\"font-weight: 400;\">\u00c8 anche possibile proteggere il vostro logo registrandolo come <\/span><b>marchio<\/b><span style=\"font-weight: 400;\">.<\/span><\/li>\r\n<\/ul>\r\n<p class=\"lead\"><span style=\"font-weight: 400;\">Tuttavia, prima di qualsiasi registrazione di marchio, \u00e8 opportuno tutelare il proprio logo con una <\/span><b>registrazione di Copyright<\/b><span style=\"font-weight: 400;\">. Il copyright ha due vantaggi: pu\u00f2 prevenire qualsiasi conflitto indicando ai vostri concorrenti che il vostro logo \u00e8 protetto includendo il segno <\/span><b>\u00a9<\/b><span style=\"font-weight: 400;\">. In caso di conflitto, i vostri diritti sono registrati e la paternit\u00e0 della vostra opera \u00e8 dimostrata pubblicamente. La sua difesa \u00e8 quindi pi\u00f9 facile.<\/span><\/p>\r\n\r\n<\/div>\r\n<\/div>\r\n<div class=\"col-sm-6\">\r\n<div class=\"col-right-custom\">\r\n<h2 style=\"text-align: left;\">Registrare il copyright del vostro logo<\/h2>\r\n<p class=\"lead\"><span style=\"font-weight: 400;\">Fidealis vi permette di mettere il vostro logo sotto copyright.<\/span><\/p>\r\n<p class=\"lead\"><span style=\"font-weight: 400;\">La soluzione offerta da Fidealis vi permette di <\/span><b>proteggere il vostro logo non appena viene registrato<\/b><span style=\"font-weight: 400;\"> sulla nostra piattaforma. Esso verr\u00e0 poi firmato e timbrato. Questo timestamp vi dar\u00e0 la prova dell'anteriorit\u00e0 della creazione in caso di controversia. Poi procederemo noi stessi alle formalit\u00e0 di deposito depositando il vostro logo presso un ufficiale giudiziario. <\/span><\/p>\r\n<p class=\"lead\"><span style=\"font-weight: 400;\">Grazie a questo Copyright che apponiamo sul vostro logo, in caso di copia di esso la vostra paternit\u00e0 sul lavoro non \u00e8 pi\u00f9 in questione.<\/span><\/p>\r\n<p class=\"lead\"><span style=\"font-weight: 400;\">Quindi non lasciate che uno dei vostri concorrenti prenda il vostro logo: <\/span><b>depositatelo.<\/b><\/p>\r\n\r\n<\/div>\r\n<\/div>\r\n<div class=\"col-sm-6\"><\/div>\r\n<\/div>\r\n<!--end of row-->\r\n\r\n<\/div>\r\n<!--end of container-->\r\n\r\n<\/section><section class=\"unpad--bottom switchable cta cta-3 bg--secondary text-center\">\r\n<div class=\"container\">\r\n<div class=\"row\">\r\n<div class=\"col-sm-6 col-md-6\">\r\n<div class=\"switchable__text\">\r\n<h2>Fidealis, proteggete il logo e lo slogan<\/h2>\r\n<p class=\"lead\">La soluzione rivoluzionaria per la protezione dei disegni e delle collezioni, che combina firma elettronica, marcatura temporale e tecnologie blockchain. Le vostre creazioni sono istantaneamente certificate e archiviate in simultanea presso l'ufficiale giudiziario.<\/p>\r\n<a class=\"btn type--uppercase inner-link btn--primary\" title=\"\" href=\"https:\/\/beta.fidealis.com\/it\/it\/iscrizione\" target=\"_blank\" rel=\"noopener\"> <span class=\"btn__text\"> Iscriviti gratuitamente<\/span><span class=\"label\">senza cdc<\/span> <\/a>\r\n\r\n<\/div>\r\n<\/div>\r\n<div class=\"col-sm-6 col-md-5\"><img class=\"block\" src=\"https:\/\/beta.fidealis.com\/wp-content\/uploads\/2018\/08\/copyright-logo.png\" alt=\"copyright d\u00e9p\u00f4t de logo\" \/><\/div>\r\n<\/div>\r\n<!--end of row-->\r\n\r\n<\/div>\r\n<!--end of container-->\r\n\r\n<\/section>","protected":false},"excerpt":{"rendered":"<p>Depositare e tutelare un logo Il vostro deposito a partire da 95\u20ac La migliore soluzione online per proteggere il vostro logo Richiesta&#8230;<\/p>\n","protected":false},"author":1,"featured_media":0,"parent":16752,"menu_order":0,"comment_status":"closed","ping_status":"closed","template":"","meta":{"_joinchat":[]},"yoast_head":"<!-- This site is optimized with the Yoast SEO plugin v20.3 - https:\/\/yoast.com\/wordpress\/plugins\/seo\/ -->\n<title>Registra e proteggi il tuo logo con il deposito del copyright<\/title>\n<meta name=\"description\" content=\"Come elemento chiave dell&#039;identit\u00e0 visiva di un marchio o di un&#039;azienda, il logo fa parte del patrimonio intangibile dell&#039;azienda. Per questo \u00e8 necessario che il creatore di un logo lo protegga legalmente, per evitare che i concorrenti si approprino della sua creazione. Ti consigliamo di registrare il tuo logo online.\" \/>\n<meta name=\"robots\" content=\"noindex, follow, max-snippet:-1, max-image-preview:large, max-video-preview:-1\" \/>\n<meta property=\"og:locale\" content=\"it_IT\" \/>\n<meta property=\"og:type\" content=\"article\" \/>\n<meta property=\"og:title\" content=\"Registra e proteggi il tuo logo con il deposito del copyright\" \/>\n<meta property=\"og:description\" content=\"Come elemento chiave dell&#039;identit\u00e0 visiva di un marchio o di un&#039;azienda, il logo fa parte del patrimonio intangibile dell&#039;azienda. Per questo \u00e8 necessario che il creatore di un logo lo protegga legalmente, per evitare che i concorrenti si approprino della sua creazione. Ti consigliamo di registrare il tuo logo online.\" \/>\n<meta property=\"og:url\" content=\"https:\/\/beta.fidealis.com\/it\/il-deposito-online-di-modelli\/il-deposito-di-un-logo\/\" \/>\n<meta property=\"og:site_name\" content=\"Fidealis\" \/>\n<meta property=\"article:publisher\" content=\"https:\/\/www.facebook.com\/Fidealis-573887362622849\/\" \/>\n<meta property=\"article:modified_time\" content=\"2021-08-10T07:56:08+00:00\" \/>\n<meta name=\"twitter:card\" content=\"summary_large_image\" \/>\n<script type=\"application\/ld+json\" class=\"yoast-schema-graph\">{\"@context\":\"https:\/\/schema.org\",\"@graph\":[{\"@type\":\"WebPage\",\"@id\":\"https:\/\/beta.fidealis.com\/it\/il-deposito-online-di-modelli\/il-deposito-di-un-logo\/\",\"url\":\"https:\/\/beta.fidealis.com\/it\/il-deposito-online-di-modelli\/il-deposito-di-un-logo\/\",\"name\":\"Registra e proteggi il tuo logo con il deposito del copyright\",\"isPartOf\":{\"@id\":\"https:\/\/beta.fidealis.com\/#website\"},\"datePublished\":\"2021-07-26T09:26:47+00:00\",\"dateModified\":\"2021-08-10T07:56:08+00:00\",\"description\":\"Come elemento chiave dell'identit\u00e0 visiva di un marchio o di un'azienda, il logo fa parte del patrimonio intangibile dell'azienda. Per questo \u00e8 necessario che il creatore di un logo lo protegga legalmente, per evitare che i concorrenti si approprino della sua creazione. Ti consigliamo di registrare il tuo logo online.\",\"breadcrumb\":{\"@id\":\"https:\/\/beta.fidealis.com\/it\/il-deposito-online-di-modelli\/il-deposito-di-un-logo\/#breadcrumb\"},\"inLanguage\":\"it-IT\",\"potentialAction\":[{\"@type\":\"ReadAction\",\"target\":[\"https:\/\/beta.fidealis.com\/it\/il-deposito-online-di-modelli\/il-deposito-di-un-logo\/\"]}]},{\"@type\":\"BreadcrumbList\",\"@id\":\"https:\/\/beta.fidealis.com\/it\/il-deposito-online-di-modelli\/il-deposito-di-un-logo\/#breadcrumb\",\"itemListElement\":[{\"@type\":\"ListItem\",\"position\":1,\"name\":\"Accueil\",\"item\":\"https:\/\/beta.fidealis.com\/it\/\"},{\"@type\":\"ListItem\",\"position\":2,\"name\":\"Il deposito online di modelli\",\"item\":\"https:\/\/beta.fidealis.com\/it\/il-deposito-online-di-modelli\/\"},{\"@type\":\"ListItem\",\"position\":3,\"name\":\"Il deposito di un logo\"}]},{\"@type\":\"WebSite\",\"@id\":\"https:\/\/beta.fidealis.com\/#website\",\"url\":\"https:\/\/beta.fidealis.com\/\",\"name\":\"Fidealis\",\"description\":\"Fidealis: vous cr\u00e9ez, nous prot\u00e9geons.\",\"publisher\":{\"@id\":\"https:\/\/beta.fidealis.com\/#organization\"},\"potentialAction\":[{\"@type\":\"SearchAction\",\"target\":{\"@type\":\"EntryPoint\",\"urlTemplate\":\"https:\/\/beta.fidealis.com\/?s={search_term_string}\"},\"query-input\":\"required name=search_term_string\"}],\"inLanguage\":\"it-IT\"},{\"@type\":\"Organization\",\"@id\":\"https:\/\/beta.fidealis.com\/#organization\",\"name\":\"Fidealis\",\"url\":\"https:\/\/beta.fidealis.com\/\",\"logo\":{\"@type\":\"ImageObject\",\"inLanguage\":\"it-IT\",\"@id\":\"https:\/\/beta.fidealis.com\/#\/schema\/logo\/image\/\",\"url\":\"https:\/\/www.fidealis.com\/wp-content\/uploads\/2018\/04\/logo-fidealis.png\",\"contentUrl\":\"https:\/\/www.fidealis.com\/wp-content\/uploads\/2018\/04\/logo-fidealis.png\",\"width\":525,\"height\":205,\"caption\":\"Fidealis\"},\"image\":{\"@id\":\"https:\/\/beta.fidealis.com\/#\/schema\/logo\/image\/\"},\"sameAs\":[\"https:\/\/www.facebook.com\/Fidealis-573887362622849\/\"]}]}<\/script>\n<!-- \/ Yoast SEO plugin. -->","yoast_head_json":{"title":"Registra e proteggi il tuo logo con il deposito del copyright","description":"Come elemento chiave dell'identit\u00e0 visiva di un marchio o di un'azienda, il logo fa parte del patrimonio intangibile dell'azienda. Per questo \u00e8 necessario che il creatore di un logo lo protegga legalmente, per evitare che i concorrenti si approprino della sua creazione. Ti consigliamo di registrare il tuo logo online.","robots":{"index":"noindex","follow":"follow","max-snippet":"max-snippet:-1","max-image-preview":"max-image-preview:large","max-video-preview":"max-video-preview:-1"},"og_locale":"it_IT","og_type":"article","og_title":"Registra e proteggi il tuo logo con il deposito del copyright","og_description":"Come elemento chiave dell'identit\u00e0 visiva di un marchio o di un'azienda, il logo fa parte del patrimonio intangibile dell'azienda. Per questo \u00e8 necessario che il creatore di un logo lo protegga legalmente, per evitare che i concorrenti si approprino della sua creazione. Ti consigliamo di registrare il tuo logo online.","og_url":"https:\/\/beta.fidealis.com\/it\/il-deposito-online-di-modelli\/il-deposito-di-un-logo\/","og_site_name":"Fidealis","article_publisher":"https:\/\/www.facebook.com\/Fidealis-573887362622849\/","article_modified_time":"2021-08-10T07:56:08+00:00","twitter_card":"summary_large_image","schema":{"@context":"https:\/\/schema.org","@graph":[{"@type":"WebPage","@id":"https:\/\/beta.fidealis.com\/it\/il-deposito-online-di-modelli\/il-deposito-di-un-logo\/","url":"https:\/\/beta.fidealis.com\/it\/il-deposito-online-di-modelli\/il-deposito-di-un-logo\/","name":"Registra e proteggi il tuo logo con il deposito del copyright","isPartOf":{"@id":"https:\/\/beta.fidealis.com\/#website"},"datePublished":"2021-07-26T09:26:47+00:00","dateModified":"2021-08-10T07:56:08+00:00","description":"Come elemento chiave dell'identit\u00e0 visiva di un marchio o di un'azienda, il logo fa parte del patrimonio intangibile dell'azienda. Per questo \u00e8 necessario che il creatore di un logo lo protegga legalmente, per evitare che i concorrenti si approprino della sua creazione. Ti consigliamo di registrare il tuo logo online.","breadcrumb":{"@id":"https:\/\/beta.fidealis.com\/it\/il-deposito-online-di-modelli\/il-deposito-di-un-logo\/#breadcrumb"},"inLanguage":"it-IT","potentialAction":[{"@type":"ReadAction","target":["https:\/\/beta.fidealis.com\/it\/il-deposito-online-di-modelli\/il-deposito-di-un-logo\/"]}]},{"@type":"BreadcrumbList","@id":"https:\/\/beta.fidealis.com\/it\/il-deposito-online-di-modelli\/il-deposito-di-un-logo\/#breadcrumb","itemListElement":[{"@type":"ListItem","position":1,"name":"Accueil","item":"https:\/\/beta.fidealis.com\/it\/"},{"@type":"ListItem","position":2,"name":"Il deposito online di modelli","item":"https:\/\/beta.fidealis.com\/it\/il-deposito-online-di-modelli\/"},{"@type":"ListItem","position":3,"name":"Il deposito di un logo"}]},{"@type":"WebSite","@id":"https:\/\/beta.fidealis.com\/#website","url":"https:\/\/beta.fidealis.com\/","name":"Fidealis","description":"Fidealis: vous cr\u00e9ez, nous prot\u00e9geons.","publisher":{"@id":"https:\/\/beta.fidealis.com\/#organization"},"potentialAction":[{"@type":"SearchAction","target":{"@type":"EntryPoint","urlTemplate":"https:\/\/beta.fidealis.com\/?s={search_term_string}"},"query-input":"required name=search_term_string"}],"inLanguage":"it-IT"},{"@type":"Organization","@id":"https:\/\/beta.fidealis.com\/#organization","name":"Fidealis","url":"https:\/\/beta.fidealis.com\/","logo":{"@type":"ImageObject","inLanguage":"it-IT","@id":"https:\/\/beta.fidealis.com\/#\/schema\/logo\/image\/","url":"https:\/\/www.fidealis.com\/wp-content\/uploads\/2018\/04\/logo-fidealis.png","contentUrl":"https:\/\/www.fidealis.com\/wp-content\/uploads\/2018\/04\/logo-fidealis.png","width":525,"height":205,"caption":"Fidealis"},"image":{"@id":"https:\/\/beta.fidealis.com\/#\/schema\/logo\/image\/"},"sameAs":["https:\/\/www.facebook.com\/Fidealis-573887362622849\/"]}]}},"_links":{"self":[{"href":"https:\/\/beta.fidealis.com\/it\/wp-json\/wp\/v2\/pages\/16776"}],"collection":[{"href":"https:\/\/beta.fidealis.com\/it\/wp-json\/wp\/v2\/pages"}],"about":[{"href":"https:\/\/beta.fidealis.com\/it\/wp-json\/wp\/v2\/types\/page"}],"author":[{"embeddable":true,"href":"https:\/\/beta.fidealis.com\/it\/wp-json\/wp\/v2\/users\/1"}],"replies":[{"embeddable":true,"href":"https:\/\/beta.fidealis.com\/it\/wp-json\/wp\/v2\/comments?post=16776"}],"version-history":[{"count":4,"href":"https:\/\/beta.fidealis.com\/it\/wp-json\/wp\/v2\/pages\/16776\/revisions"}],"predecessor-version":[{"id":16948,"href":"https:\/\/beta.fidealis.com\/it\/wp-json\/wp\/v2\/pages\/16776\/revisions\/16948"}],"up":[{"embeddable":true,"href":"https:\/\/beta.fidealis.com\/it\/wp-json\/wp\/v2\/pages\/16752"}],"wp:attachment":[{"href":"https:\/\/beta.fidealis.com\/it\/wp-json\/wp\/v2\/media?parent=16776"}],"curies":[{"name":"wp","href":"https:\/\/api.w.org\/{rel}","templated":true}]}}