{"id":16943,"date":"2021-08-10T09:49:00","date_gmt":"2021-08-10T07:49:00","guid":{"rendered":"https:\/\/www.fidealis.com\/la-proprieta-intellettuale\/diritto-della-proprieta-industriale\/proteggere-il-nome-della-vostra-azienda-nome-aziendale-nome-commerciale-e-logo-2\/"},"modified":"2021-08-10T09:49:00","modified_gmt":"2021-08-10T07:49:00","slug":"proteggere-il-nome-della-vostra-azienda-nome-aziendale-nome-commerciale-e-logo-2","status":"publish","type":"page","link":"https:\/\/beta.fidealis.com\/it\/la-proprieta-intellettuale\/diritto-della-proprieta-industriale\/proteggere-il-nome-della-vostra-azienda-nome-aziendale-nome-commerciale-e-logo-2\/","title":{"rendered":"Proteggere il nome della vostra azienda: nome aziendale, nome commerciale e logo"},"content":{"rendered":"<section class=\"cover imagebg text-center height-60 section--ken-burns\" data-overlay=\"4\">\r\n<div class=\"background-image-holder\"><img src=\"https:\/\/beta.fidealis.com\/wp-content\/uploads\/2018\/06\/prot\u00e9ger-id\u00e9e-sur-internet.jpg\" alt=\"\" \/><\/div>\r\n<div class=\"container pos-vertical-center\">\r\n<div class=\"row\">\r\n<div class=\"col-sm-8 col-md-9\">\r\n<h1>Proteggere il nome della vostra azienda: nome aziendale, nome commerciale e il logo<\/h1>\r\n<\/div>\r\n<\/div>\r\n<!--end of row-->\r\n\r\n<\/div>\r\n<!--end of container-->\r\n\r\n<\/section><section class=\"bg--secondary space--xxs\">\r\n<div class=\"container\">\r\n<div class=\"row\">\r\n<div class=\"cta cta--horizontal text-center-xs\">\r\n<div class=\"col-sm-4\">\r\n<h4>Il vostro deposito a partire da 95\u20ac<\/h4>\r\n<\/div>\r\n<div class=\"col-sm-5\">\r\n<p class=\"lead\">La soluzione online per proteggere il nome aziendale<\/p>\r\n\r\n<\/div>\r\n<div class=\"col-sm-3 text-right text-center-xs\"><a class=\"btn btn--primary type--uppercase\" title=\"\" href=\"https:\/\/beta.fidealis.com\/it\/it\/chi-siamo\/contattaci\/\" target=\"\" rel=\"\"> <span class=\"btn__text\"> Richiesta di contatto<\/span> <\/a><\/div>\r\n<\/div>\r\n<\/div>\r\n<!--end of row-->\r\n\r\n<\/div>\r\n<!--end of container-->\r\n\r\n<\/section><section class=\"switchable feature-large space--xxs text-justify\">\r\n<div class=\"container\">\r\n<div class=\"row\">\r\n<div class=\"col-sm-6 col-md-5\">\r\n<div class=\"switchable__text\">\r\n<p class=\"lead\"><span style=\"font-weight: 400;\">Nel contesto <a href=\"https:\/\/beta.fidealis.com\/it\/it\/la-proprieta-intellettuale\/diritto-della-proprieta-industriale\/\">della propriet\u00e0 industriale<\/a>, un'azienda pu\u00f2 avere diversi nomi: una ragione sociale, una denominazione commerciale e un logo.<\/span><\/p>\r\n<p class=\"lead\">Questi diversi nomi sono segni distintivi che, a differenza di un marchio, non denotano un prodotto o un servizio, ma un'attivit\u00e0.<\/p>\r\n<p class=\"lead\">Dopo aver distinto questi tre concetti, ci occuperemo della scelta del nome della vostra azienda e della sua protezione.<\/p>\r\n\r\n<\/div>\r\n<\/div>\r\n<div class=\"col-sm-6\">\r\n<div class=\"boxed boxed--lg boxed--border\">\r\n<div class=\"feature feature-2\"><i class=\"icon color--primary icon-Libra-2\"><\/i>\r\n<div class=\"feature__body\">\r\n<h5>Prova riconosciuta in tribunale<\/h5>\r\n<p>Riconosciuti dai tribunali del mondo<\/p>\r\n\r\n<\/div>\r\n<\/div>\r\n<!--end feature-->\r\n<div class=\"feature feature-2\"><i class=\"icon color--primary icon-Security-Check\"><\/i>\r\n<div class=\"feature__body\">\r\n<h5>Certificato dell'ufficiale giudiziario valido a vita<\/h5>\r\n<p>Costituisce in una prova valida a vita<\/p>\r\n\r\n<\/div>\r\n<\/div>\r\n<div class=\"feature feature-2\"><i class=\"icon color--primary icon-Font-Window\"><\/i>\r\n<div class=\"feature__body\">\r\n<h5>Il vostro certificato disponibile in 11 lingue<\/h5>\r\n<p style=\"text-align: left;\">Avrete i vostri depositi in inglese, francese, italiano, cinese, tedesco, portoghese, arabo, spagnolo, coreano, giapponese e russo.<\/p>\r\n\r\n<\/div>\r\n<\/div>\r\n<!--end feature-->\r\n<div class=\"feature feature-2\"><i class=\"icon color--primary icon-Windows-2\"><\/i>\r\n<div class=\"feature__body\">\r\n<h5>Le tue prove disponibili 24\/7<\/h5>\r\n<p>Ricevuta di deposito disponibile online 24\/7.<\/p>\r\n\r\n<\/div>\r\n<\/div>\r\n<!--end feature-->\r\n\r\n<\/div>\r\n<\/div>\r\n<\/div>\r\n<!--end of row-->\r\n\r\n<\/div>\r\n<!--end of container-->\r\n\r\n<\/section><section class=\"bg--secondary text-center space--xxs\">\r\n<div class=\"container\">\r\n<div class=\"row\">\r\n<div class=\"col-sm-12\">\r\n<h2 class=\"addtoppad\">Come pu\u00f2 Fidealis aiutarmi a proteggere il mio nome d'azienda?<\/h2>\r\n<\/div>\r\n<\/div>\r\n<!--end of row-->\r\n\r\n<\/div>\r\n<!--end of container-->\r\n\r\n<\/section><section class=\"bg--secondary space--xs\">\r\n<div class=\"container\">\r\n<div class=\"row\">\r\n<div class=\"col-sm-4\">\r\n<div class=\"feature feature-2 boxed boxed--border\"><i class=\"icon color--primary icon-Checked-User\"><\/i>\r\n<div class=\"feature__body\">\r\n<p style=\"text-align: center;\"><span class=\"h1 h1--medium\" style=\"color: #d93d3d;\">1.<\/span><\/p>\r\n\r\n<h4 style=\"text-align: center;\">Registrazione<\/h4>\r\n<p style=\"text-align: center;\">Iscriviti gratuitamente.<br>\r\nNessun pagamento verr\u00e0 richiesto.<\/p>\r\n\r\n<\/div>\r\n<\/div>\r\n<!--end feature-->\r\n\r\n<\/div>\r\n<div class=\"col-sm-4\">\r\n<div class=\"feature feature-2 boxed boxed--border\"><i class=\"icon color--primary icon-Security-Settings\"><\/i>\r\n<div class=\"feature__body\">\r\n<p style=\"text-align: center;\"><span class=\"h1 h1--medium\" style=\"color: #d93d3d;\">2.<\/span><\/p>\r\n\r\n<h4 style=\"text-align: center;\">Assistenza<\/h4>\r\n<p style=\"text-align: center;\">Scegli un'offerta adatta alle tue esigenze con l'aiuto di uno dei nostri consulenti.<\/p>\r\n\r\n<\/div>\r\n<\/div>\r\n<!--end feature-->\r\n\r\n<\/div>\r\n<div class=\"col-sm-4\">\r\n<div class=\"feature feature-2 boxed boxed--border\"><i class=\"icon color--primary icon-Security-Check\"><\/i>\r\n<div class=\"feature__body\">\r\n<p style=\"text-align: center;\"><span class=\"h1 h1--medium\" style=\"color: #d93d3d;\">3.<\/span><\/p>\r\n\r\n<h4 style=\"text-align: center;\">Tutela<\/h4>\r\n<p style=\"text-align: center;\">Deposita le tue creazioni online.\r\nSei protetto!<\/p>\r\n\r\n<\/div>\r\n<\/div>\r\n<!--end feature-->\r\n\r\n<\/div>\r\n<\/div>\r\n<!--end of row-->\r\n\r\n<\/div>\r\n<!--end of container-->\r\n\r\n<\/section><section class=\"text-center bg--secondary space--xxs\">\r\n<div class=\"container\">\r\n<div class=\"row\">\r\n<div class=\"col-sm-8 col-md-6\">\r\n<div class=\"cta\">\r\n\r\n<a class=\"btn type--uppercase inner-link btn--primary\" title=\"\" href=\"https:\/\/beta.fidealis.com\/it\/it\/iscrizione\/\" target=\"_blank\" rel=\"noopener\"><span class=\"btn__text\">Registrati subito<\/span> <\/a>\r\n<p class=\"type--fine-print\" style=\"margin-top: 0.03em; margin-bottom: 1.2em;\">Nessuna carta di credito richiesta.<\/p>\r\n\r\n<\/div>\r\n<\/div>\r\n<\/div>\r\n<!--end of row-->\r\n\r\n<\/div>\r\n<!--end of container-->\r\n\r\n<\/section><section class=\"text-justify space--xs\">\r\n<div class=\"container\">\r\n<div class=\"row\">\r\n<div class=\"col-sm-6\">\r\n<div class=\"col-left-custom\">\r\n<h2 style=\"text-align: left;\">Definizione<\/h2>\r\n<p class=\"lead\"><b>La regione sociale<\/b><span style=\"font-weight: 400;\"> identifica l'azienda come persona giuridica. \u00c8 il nome che viene usato nell'atto costitutivo. Si acquisisce nel momento in cui l'azienda \u00e8 registrata in Francia presso il RCS (Registro Nazionale del Commercio e delle Imprese).<\/span><\/p>\r\n<p class=\"lead\"><b>Il nome commerciale<\/b><span style=\"font-weight: 400;\"> \u00e8 il nome con il quale sar\u00e0 nota al pubblico l'attivit\u00e0 della vostra azienda e che si trova sui vari documenti commerciali. Pu\u00f2 essere lo stesso del nome dell'azienda. Viene utilizzato per registrare l'azienda presso RCS.<\/span><\/p>\r\n<p class=\"lead\"><b>Il logo<\/b><span style=\"font-weight: 400;\"> designa sia il punto di vendita che il supporto fisico e permette la sua identificazione da parte dei clienti. Pu\u00f2 essere menzionato nell'RCS.<\/span><\/p>\r\n<p class=\"lead\"><span style=\"font-weight: 400;\">Mentre il nome del business e la ragione sociale sono <\/span><span style=\"font-weight: 400;\">obbligatori e unici<\/span><span style=\"font-weight: 400;\">, il logo non lo \u00e8.<\/span><\/p>\r\n\r\n<h2 style=\"text-align: left;\">Come scegliere il nome della propria azienda?<\/h2>\r\n<p class=\"lead\"><span style=\"font-weight: 400;\">Il vantaggio \u00e8 che siete liberi di scegliere il nome della vostra azienda. Tuttavia, il nome della societ\u00e0, il nome commerciale e il logo sono <\/span><b>protetti dalla legge sulla propriet\u00e0 intellettuale<\/b><span style=\"font-weight: 400;\">.<\/span><\/p>\r\n\r\n<\/div>\r\n<\/div>\r\n<div class=\"col-sm-6\">\r\n<div class=\"col-right-custom\">\r\n<p class=\"lead\"><span style=\"font-weight: 400;\">Prima di registrare il vostro nome commerciale, dovete assicurarvi che il nome che avete scelto sia disponibile conducendo <\/span><b>una ricerca di anteriorit\u00e0<\/b><span style=\"font-weight: 400;\">. Il nome che avete scelto non deve duplicare o imitare un nome gi\u00e0 registrato per attivit\u00e0 uguali o simili alla vostra.<\/span><\/p>\r\n\r\n<h2 style=\"text-align: left;\">Protezione del nome dell'azienda<\/h2>\r\n<p class=\"lead\"><span style=\"font-weight: 400;\">Una volta che il nome della vostra azienda \u00e8 disponibile, diventerete il <\/span><b>proprietario di quel nome<\/b><span style=\"font-weight: 400;\">. La protezione del nome dell'azienda inizia non appena ci si iscrive alla RCS. La protezione del nome commerciale e del logo inizia con il loro primo uso pubblico.<\/span><\/p>\r\n<p class=\"lead\"><span style=\"font-weight: 400;\">Se un concorrente usa il vostro stesso nome, potete intraprendere un'azione legale sulla base della <\/span><b>concorrenza sleale o del parassitismo economico.<\/b><span style=\"font-weight: 400;\">\u00a0Dovrete quindi dimostrare il rischio di confusione nella mente dei clienti. Per fare questo, il vostro concorrente deve operare nello vostro stesso settore economico e nella stessa zona geografica per quanto riguarda il logo e il nome commerciale. Sar\u00e0 quindi utile per provare l'anteriorit\u00e0 dell'uso della vostra insegna commerciale. Per fare questo, <a href=\"https:\/\/beta.fidealis.com\/it\/it\/la-proprieta-intellettuale\/il-diritto-dautore-in-francia-e-nel-mondo\/\">una semplice registrazione di copyright su Fid\u00e9alis<\/a> vi copre.<\/span><\/p>\r\n\r\n<\/div>\r\n<\/div>\r\n<div class=\"col-sm-6\"><\/div>\r\n<\/div>\r\n<!--end of row-->\r\n\r\n<\/div>\r\n<!--end of container-->\r\n\r\n<\/section><section class=\"unpad--bottom switchable cta cta-3 bg--secondary text-center\">\r\n<div class=\"container\">\r\n<div class=\"row\">\r\n<div class=\"col-sm-6 col-md-6\">\r\n<div class=\"switchable__text\">\r\n<h3><span style=\"color: #db3b29;\">Fidealis, proteggere il nome della tua azienda con facilit\u00e0<\/span><\/h3>\r\n<p class=\"lead\">La soluzione rivoluzionaria per la protezione dei disegni e delle collezioni, che combina firma elettronica, marcatura temporale e tecnologie blockchain. Le vostre creazioni sono istantaneamente certificate e archiviate in simultanea presso l'ufficiale giudiziario.<\/p>\r\n<a class=\"btn type--uppercase inner-link btn--primary\" title=\"\" href=\"https:\/\/beta.fidealis.com\/it\/it\/iscrizione\/\" target=\"_blank\" rel=\"noopener\"> <span class=\"btn__text\"> Iscriviti gratuitamente<\/span><span class=\"label\">senza cdc<\/span> <\/a>\r\n\r\n<\/div>\r\n<\/div>\r\n<div class=\"col-sm-6 col-md-5\"><img class=\"block\" src=\"https:\/\/beta.fidealis.com\/wp-content\/uploads\/2018\/08\/le-depot-de-marque.png\" alt=\"propri\u00e9t\u00e9 intellectuelle le d\u00e9p\u00f4t de marque\" \/><\/div>\r\n<\/div>\r\n<!--end of row-->\r\n\r\n<\/div>\r\n<!--end of container-->\r\n\r\n<\/section>","protected":false},"excerpt":{"rendered":"<p>Proteggere il nome della vostra azienda: nome aziendale, nome commerciale e il logo Il vostro deposito a partire da 95\u20ac La soluzione&#8230;<\/p>\n","protected":false},"author":1,"featured_media":0,"parent":16749,"menu_order":0,"comment_status":"closed","ping_status":"closed","template":"","meta":{"_joinchat":[]},"yoast_head":"<!-- This site is optimized with the Yoast SEO plugin v20.3 - https:\/\/yoast.com\/wordpress\/plugins\/seo\/ -->\n<title>Propriet\u00e0 industriale: Tutelare il nome dell&#039;azienda.<\/title>\n<meta name=\"description\" content=\"Proteggete il nome della vostra azienda: nome aziendale, nome commerciale e logo con le soluzioni di deposito online di Fidealis.\" \/>\n<meta name=\"robots\" content=\"noindex, follow, max-snippet:-1, max-image-preview:large, max-video-preview:-1\" \/>\n<meta property=\"og:locale\" content=\"it_IT\" \/>\n<meta property=\"og:type\" content=\"article\" \/>\n<meta property=\"og:title\" content=\"Propriet\u00e0 industriale: Tutelare il nome dell&#039;azienda.\" \/>\n<meta property=\"og:description\" content=\"Proteggete il nome della vostra azienda: nome aziendale, nome commerciale e logo con le soluzioni di deposito online di Fidealis.\" \/>\n<meta property=\"og:url\" content=\"https:\/\/beta.fidealis.com\/it\/la-proprieta-intellettuale\/diritto-della-proprieta-industriale\/proteggere-il-nome-della-vostra-azienda-nome-aziendale-nome-commerciale-e-logo-2\/\" \/>\n<meta property=\"og:site_name\" content=\"Fidealis\" \/>\n<meta property=\"article:publisher\" content=\"https:\/\/www.facebook.com\/Fidealis-573887362622849\/\" \/>\n<meta name=\"twitter:card\" content=\"summary_large_image\" \/>\n<script type=\"application\/ld+json\" class=\"yoast-schema-graph\">{\"@context\":\"https:\/\/schema.org\",\"@graph\":[{\"@type\":\"WebPage\",\"@id\":\"https:\/\/beta.fidealis.com\/it\/la-proprieta-intellettuale\/diritto-della-proprieta-industriale\/proteggere-il-nome-della-vostra-azienda-nome-aziendale-nome-commerciale-e-logo-2\/\",\"url\":\"https:\/\/beta.fidealis.com\/it\/la-proprieta-intellettuale\/diritto-della-proprieta-industriale\/proteggere-il-nome-della-vostra-azienda-nome-aziendale-nome-commerciale-e-logo-2\/\",\"name\":\"Propriet\u00e0 industriale: Tutelare il nome dell'azienda.\",\"isPartOf\":{\"@id\":\"https:\/\/beta.fidealis.com\/#website\"},\"datePublished\":\"2021-08-10T07:49:00+00:00\",\"dateModified\":\"2021-08-10T07:49:00+00:00\",\"description\":\"Proteggete il nome della vostra azienda: nome aziendale, nome commerciale e logo con le soluzioni di deposito online di Fidealis.\",\"breadcrumb\":{\"@id\":\"https:\/\/beta.fidealis.com\/it\/la-proprieta-intellettuale\/diritto-della-proprieta-industriale\/proteggere-il-nome-della-vostra-azienda-nome-aziendale-nome-commerciale-e-logo-2\/#breadcrumb\"},\"inLanguage\":\"it-IT\",\"potentialAction\":[{\"@type\":\"ReadAction\",\"target\":[\"https:\/\/beta.fidealis.com\/it\/la-proprieta-intellettuale\/diritto-della-proprieta-industriale\/proteggere-il-nome-della-vostra-azienda-nome-aziendale-nome-commerciale-e-logo-2\/\"]}]},{\"@type\":\"BreadcrumbList\",\"@id\":\"https:\/\/beta.fidealis.com\/it\/la-proprieta-intellettuale\/diritto-della-proprieta-industriale\/proteggere-il-nome-della-vostra-azienda-nome-aziendale-nome-commerciale-e-logo-2\/#breadcrumb\",\"itemListElement\":[{\"@type\":\"ListItem\",\"position\":1,\"name\":\"Accueil\",\"item\":\"https:\/\/beta.fidealis.com\/it\/\"},{\"@type\":\"ListItem\",\"position\":2,\"name\":\"La propriet\u00e0 intellettuale\",\"item\":\"https:\/\/beta.fidealis.com\/it\/la-proprieta-intellettuale\/\"},{\"@type\":\"ListItem\",\"position\":3,\"name\":\"Diritto della propriet\u00e0 industriale\",\"item\":\"https:\/\/beta.fidealis.com\/it\/la-proprieta-intellettuale\/diritto-della-proprieta-industriale\/\"},{\"@type\":\"ListItem\",\"position\":4,\"name\":\"Proteggere il nome della vostra azienda: nome aziendale, nome commerciale e logo\"}]},{\"@type\":\"WebSite\",\"@id\":\"https:\/\/beta.fidealis.com\/#website\",\"url\":\"https:\/\/beta.fidealis.com\/\",\"name\":\"Fidealis\",\"description\":\"Fidealis: vous cr\u00e9ez, nous prot\u00e9geons.\",\"publisher\":{\"@id\":\"https:\/\/beta.fidealis.com\/#organization\"},\"potentialAction\":[{\"@type\":\"SearchAction\",\"target\":{\"@type\":\"EntryPoint\",\"urlTemplate\":\"https:\/\/beta.fidealis.com\/?s={search_term_string}\"},\"query-input\":\"required name=search_term_string\"}],\"inLanguage\":\"it-IT\"},{\"@type\":\"Organization\",\"@id\":\"https:\/\/beta.fidealis.com\/#organization\",\"name\":\"Fidealis\",\"url\":\"https:\/\/beta.fidealis.com\/\",\"logo\":{\"@type\":\"ImageObject\",\"inLanguage\":\"it-IT\",\"@id\":\"https:\/\/beta.fidealis.com\/#\/schema\/logo\/image\/\",\"url\":\"https:\/\/www.fidealis.com\/wp-content\/uploads\/2018\/04\/logo-fidealis.png\",\"contentUrl\":\"https:\/\/www.fidealis.com\/wp-content\/uploads\/2018\/04\/logo-fidealis.png\",\"width\":525,\"height\":205,\"caption\":\"Fidealis\"},\"image\":{\"@id\":\"https:\/\/beta.fidealis.com\/#\/schema\/logo\/image\/\"},\"sameAs\":[\"https:\/\/www.facebook.com\/Fidealis-573887362622849\/\"]}]}<\/script>\n<!-- \/ Yoast SEO plugin. -->","yoast_head_json":{"title":"Propriet\u00e0 industriale: Tutelare il nome dell'azienda.","description":"Proteggete il nome della vostra azienda: nome aziendale, nome commerciale e logo con le soluzioni di deposito online di Fidealis.","robots":{"index":"noindex","follow":"follow","max-snippet":"max-snippet:-1","max-image-preview":"max-image-preview:large","max-video-preview":"max-video-preview:-1"},"og_locale":"it_IT","og_type":"article","og_title":"Propriet\u00e0 industriale: Tutelare il nome dell'azienda.","og_description":"Proteggete il nome della vostra azienda: nome aziendale, nome commerciale e logo con le soluzioni di deposito online di Fidealis.","og_url":"https:\/\/beta.fidealis.com\/it\/la-proprieta-intellettuale\/diritto-della-proprieta-industriale\/proteggere-il-nome-della-vostra-azienda-nome-aziendale-nome-commerciale-e-logo-2\/","og_site_name":"Fidealis","article_publisher":"https:\/\/www.facebook.com\/Fidealis-573887362622849\/","twitter_card":"summary_large_image","schema":{"@context":"https:\/\/schema.org","@graph":[{"@type":"WebPage","@id":"https:\/\/beta.fidealis.com\/it\/la-proprieta-intellettuale\/diritto-della-proprieta-industriale\/proteggere-il-nome-della-vostra-azienda-nome-aziendale-nome-commerciale-e-logo-2\/","url":"https:\/\/beta.fidealis.com\/it\/la-proprieta-intellettuale\/diritto-della-proprieta-industriale\/proteggere-il-nome-della-vostra-azienda-nome-aziendale-nome-commerciale-e-logo-2\/","name":"Propriet\u00e0 industriale: Tutelare il nome dell'azienda.","isPartOf":{"@id":"https:\/\/beta.fidealis.com\/#website"},"datePublished":"2021-08-10T07:49:00+00:00","dateModified":"2021-08-10T07:49:00+00:00","description":"Proteggete il nome della vostra azienda: nome aziendale, nome commerciale e logo con le soluzioni di deposito online di Fidealis.","breadcrumb":{"@id":"https:\/\/beta.fidealis.com\/it\/la-proprieta-intellettuale\/diritto-della-proprieta-industriale\/proteggere-il-nome-della-vostra-azienda-nome-aziendale-nome-commerciale-e-logo-2\/#breadcrumb"},"inLanguage":"it-IT","potentialAction":[{"@type":"ReadAction","target":["https:\/\/beta.fidealis.com\/it\/la-proprieta-intellettuale\/diritto-della-proprieta-industriale\/proteggere-il-nome-della-vostra-azienda-nome-aziendale-nome-commerciale-e-logo-2\/"]}]},{"@type":"BreadcrumbList","@id":"https:\/\/beta.fidealis.com\/it\/la-proprieta-intellettuale\/diritto-della-proprieta-industriale\/proteggere-il-nome-della-vostra-azienda-nome-aziendale-nome-commerciale-e-logo-2\/#breadcrumb","itemListElement":[{"@type":"ListItem","position":1,"name":"Accueil","item":"https:\/\/beta.fidealis.com\/it\/"},{"@type":"ListItem","position":2,"name":"La propriet\u00e0 intellettuale","item":"https:\/\/beta.fidealis.com\/it\/la-proprieta-intellettuale\/"},{"@type":"ListItem","position":3,"name":"Diritto della propriet\u00e0 industriale","item":"https:\/\/beta.fidealis.com\/it\/la-proprieta-intellettuale\/diritto-della-proprieta-industriale\/"},{"@type":"ListItem","position":4,"name":"Proteggere il nome della vostra azienda: nome aziendale, nome commerciale e logo"}]},{"@type":"WebSite","@id":"https:\/\/beta.fidealis.com\/#website","url":"https:\/\/beta.fidealis.com\/","name":"Fidealis","description":"Fidealis: vous cr\u00e9ez, nous prot\u00e9geons.","publisher":{"@id":"https:\/\/beta.fidealis.com\/#organization"},"potentialAction":[{"@type":"SearchAction","target":{"@type":"EntryPoint","urlTemplate":"https:\/\/beta.fidealis.com\/?s={search_term_string}"},"query-input":"required name=search_term_string"}],"inLanguage":"it-IT"},{"@type":"Organization","@id":"https:\/\/beta.fidealis.com\/#organization","name":"Fidealis","url":"https:\/\/beta.fidealis.com\/","logo":{"@type":"ImageObject","inLanguage":"it-IT","@id":"https:\/\/beta.fidealis.com\/#\/schema\/logo\/image\/","url":"https:\/\/www.fidealis.com\/wp-content\/uploads\/2018\/04\/logo-fidealis.png","contentUrl":"https:\/\/www.fidealis.com\/wp-content\/uploads\/2018\/04\/logo-fidealis.png","width":525,"height":205,"caption":"Fidealis"},"image":{"@id":"https:\/\/beta.fidealis.com\/#\/schema\/logo\/image\/"},"sameAs":["https:\/\/www.facebook.com\/Fidealis-573887362622849\/"]}]}},"_links":{"self":[{"href":"https:\/\/beta.fidealis.com\/it\/wp-json\/wp\/v2\/pages\/16943"}],"collection":[{"href":"https:\/\/beta.fidealis.com\/it\/wp-json\/wp\/v2\/pages"}],"about":[{"href":"https:\/\/beta.fidealis.com\/it\/wp-json\/wp\/v2\/types\/page"}],"author":[{"embeddable":true,"href":"https:\/\/beta.fidealis.com\/it\/wp-json\/wp\/v2\/users\/1"}],"replies":[{"embeddable":true,"href":"https:\/\/beta.fidealis.com\/it\/wp-json\/wp\/v2\/comments?post=16943"}],"version-history":[{"count":0,"href":"https:\/\/beta.fidealis.com\/it\/wp-json\/wp\/v2\/pages\/16943\/revisions"}],"up":[{"embeddable":true,"href":"https:\/\/beta.fidealis.com\/it\/wp-json\/wp\/v2\/pages\/16749"}],"wp:attachment":[{"href":"https:\/\/beta.fidealis.com\/it\/wp-json\/wp\/v2\/media?parent=16943"}],"curies":[{"name":"wp","href":"https:\/\/api.w.org\/{rel}","templated":true}]}}